{"id":9501,"date":"2021-07-06T09:02:33","date_gmt":"2021-07-06T09:02:33","guid":{"rendered":"https:\/\/www.rothgygax.ch\/?page_id=9501"},"modified":"2021-07-06T09:02:33","modified_gmt":"2021-07-06T09:02:33","slug":"scalpel-cp","status":"publish","type":"page","link":"https:\/\/www.rothgygax.ch\/fr\/scalpel\/scalpel-cp\/","title":{"rendered":"Demande SCALPELL \u00e9dition sp\u00e9ciale"},"content":{"rendered":"<section class=\"l-section wpb_row height_medium\" style=\"margin-bottom: -30px !important;\"><div class=\"l-section-h i-cf\"><div class=\"g-cols type_default valign_top\"><div class=\"vc_col-sm-9 wpb_column vc_column_container\"><div class=\"vc_column-inner  vc_custom_1503315981596\"><div class=\"wpb_wrapper\"><div class=\"w-iconbox iconpos_left style_default color_primary no_text icontype_img font-weight: 700\"><div class=\"w-iconbox-icon\" style=\"font-size:60px;\"><img loading=\"lazy\" decoding=\"async\" src=\"https:\/\/www.rothgygax.ch\/wp-content\/uploads\/2017\/04\/Ausrufezeichen.png\" width=\"584\" height=\"584\" alt=\"Demande SCALPEL\"><\/div><div class=\"w-iconbox-meta\"><h1 class=\"w-iconbox-title\" style=\"font-size:50px\">Demande SCALPEL<\/h1><\/div><\/div><\/div><\/div><\/div><div class=\"vc_col-sm-3 wpb_column vc_column_container has-fill\"><div class=\"vc_column-inner  vc_custom_1503317955718 color_custom\" style=\"color:#ffffff;\"><div class=\"wpb_wrapper\">\r\n\t<div class=\"wpb_text_column  vc_custom_1506331177036 w-actionbox-text\">\r\n\t\t<div class=\"wpb_wrapper\">\r\n\t\t\t<h5 style=\"text-align: left;\">Nous contacter au:<\/h5>\n\r\n\t\t<\/div>\r\n\t<\/div>\r\n\r\n\t<div class=\"wpb_text_column  link2\">\r\n\t\t<div class=\"wpb_wrapper\">\r\n\t\t\t<h3 style=\"text-align: left;\"><span style=\"color: #f1f1f1;\">031 959 35 50<\/span><\/h3>\n\r\n\t\t<\/div>\r\n\t<\/div>\r\n<\/div><\/div><\/div><\/div><\/div><\/section><section class=\"l-section wpb_row height_medium\" style=\"margin-bottom: -70px !important;\"><div class=\"l-section-h i-cf\"><div class=\"g-cols type_default valign_top\"><div class=\"vc_col-sm-12 wpb_column vc_column_container\"><div class=\"vc_column-inner\"><div class=\"wpb_wrapper\">\r\n\t<div class=\"wpb_text_column \">\r\n\t\t<div class=\"wpb_wrapper\">\r\n\t\t\t<h3>SCALPEL &#8211; \u00c9dition sp\u00e9ciale sur les caisses de pension<\/h3>\n<p>Demandez gratuitement l&rsquo;\u00e9dition sp\u00e9ciale sur le caisses de pension de notre magazine SCALPEL:<\/p>\n\r\n\t\t<\/div>\r\n\t<\/div>\r\n<\/div><\/div><\/div><\/div><\/div><\/section><section class=\"l-section wpb_row height_medium\"><div class=\"l-section-h i-cf\"><div class=\"g-cols type_default valign_top\"><div class=\"vc_col-sm-12 wpb_column vc_column_container\"><div class=\"vc_column-inner\"><div class=\"wpb_wrapper\">\r\n\t<div class=\"wpb_text_column \">\r\n\t\t<div class=\"wpb_wrapper\">\r\n\t\t\t<div class=\"caldera-grid\" id=\"caldera_form_1\" data-cf-ver=\"1.9.6\" data-cf-form-id=\"CF60e40c56e49d4\"><div id=\"caldera_notices_1\" data-spinner=\"https:\/\/www.rothgygax.ch\/wp-admin\/images\/spinner.gif\"><\/div><form data-instance=\"1\" class=\"CF60e40c56e49d4 caldera_forms_form cfajax-trigger\" method=\"POST\" enctype=\"multipart\/form-data\" id=\"CF60e40c56e49d4_1\" data-form-id=\"CF60e40c56e49d4\" aria-label=\"SKALPELL PK-Ausgabe FR\" data-target=\"#caldera_notices_1\" data-template=\"#cfajax_CF60e40c56e49d4-tmpl\" data-cfajax=\"CF60e40c56e49d4\" data-load-element=\"_parent\" data-load-class=\"cf_processing\" data-post-disable=\"0\" data-action=\"cf_process_ajax_submit\" data-request=\"https:\/\/www.rothgygax.ch\/fr\/\/cf-api\/CF60e40c56e49d4\" data-hiderows=\"true\">\r\n<input type=\"hidden\" id=\"_cf_verify_CF60e40c56e49d4\" name=\"_cf_verify\" value=\"4938ac067f\"  data-nonce-time=\"1778511218\" \/><input type=\"hidden\" name=\"_wp_http_referer\" value=\"\/fr\/wp-json\/wp\/v2\/pages\/9501\" \/><div id=\"cf2-CF60e40c56e49d4_1\"><\/div><input type=\"hidden\" name=\"_cf_frm_id\" value=\"CF60e40c56e49d4\">\r\n<input type=\"hidden\" name=\"_cf_frm_ct\" value=\"1\">\r\n<input type=\"hidden\" name=\"cfajax\" value=\"CF60e40c56e49d4\">\r\n<input type=\"hidden\" name=\"_cf_cr_pst\" value=\"9501\">\r\n<div class=\"hide\" style=\"display:none; overflow:hidden;height:0;width:0;\">\r\n<label>Url<\/label><input type=\"text\" name=\"url\" value=\"\" autocomplete=\"off\">\r\n<\/div><div id=\"CF60e40c56e49d4_1-row-1\"  class=\"row  single\"><div  class=\"col-sm-12  single\"><div data-field-wrapper=\"fld_4878197\" class=\"form-group\" id=\"fld_4878197_1-wrap\">\r\n\t<label id=\"fld_4878197Label\" for=\"fld_4878197_1\" class=\"control-label\">Nom <span aria-hidden=\"true\" role=\"presentation\" class=\"field_required\" style=\"color:#ee0000;\">*<\/span><\/label>\r\n\t<div class=\"\">\r\n\t\t<input   required type=\"text\" data-field=\"fld_4878197\" class=\" form-control\" id=\"fld_4878197_1\" name=\"fld_4878197\" value=\"\" data-type=\"text\" aria-required=\"true\"   aria-labelledby=\"fld_4878197Label\" >\t\t\t<\/div>\r\n<\/div>\r\n<div data-field-wrapper=\"fld_9088250\" class=\"form-group\" id=\"fld_9088250_1-wrap\">\r\n\t<label id=\"fld_9088250Label\" for=\"fld_9088250_1\" class=\"control-label\">Adresse e-mail <span aria-hidden=\"true\" role=\"presentation\" class=\"field_required\" style=\"color:#ee0000;\">*<\/span><\/label>\r\n\t<div class=\"\">\r\n\t\t<input   required type=\"email\" data-field=\"fld_9088250\" class=\" form-control\" id=\"fld_9088250_1\" name=\"fld_9088250\" value=\"\" data-type=\"email\" aria-required=\"true\"   aria-labelledby=\"fld_9088250Label\" >\t\t\t<\/div>\r\n<\/div>\r\n<div data-field-wrapper=\"fld_6308048\" class=\"form-group\" id=\"fld_6308048_1-wrap\">\r\n\t<label id=\"fld_6308048Label\" for=\"fld_6308048_1\" class=\"control-label\">Remarques<\/label>\r\n\t<div class=\"\">\r\n\t\t<textarea name=\"fld_6308048\" value=\"\" data-field=\"fld_6308048\" class=\"form-control\" id=\"fld_6308048_1\" rows=\"4\"    aria-labelledby=\"fld_6308048Label\" ><\/textarea>\n\t\t\t<\/div>\r\n<\/div>\r\n<div data-field-wrapper=\"fld_7058488\" class=\"form-group\" id=\"fld_7058488_1-wrap\">\r\n<label id=\"fld_7058488Label\" for=\"fld_7058488_1\" class=\"control-label screen-reader-text sr-only\">Captcha<\/label>\r\n\n\n<div class=\"\">\r\n\n<input placeholder=\"Captcha\"  required type=\"hidden\" data-field=\"fld_7058488\" class=\" form-control\" id=\"fld_7058488_1\" name=\"fld_7058488\" value=\"\" data-type=\"recaptcha\" aria-required=\"true\"   aria-labelledby=\"fld_7058488Label\" >\n\t<div id=\"capfld_7058488_1\" class=\"g-recaptcha\" data-sitekey=\"6Lct7sAUAAAAAAGx_Z2ZsjwStUzn9pzSSIcsbtmo\" ><\/div>\n\n\n<\/div>\r\n\n<\/div>\r\n<div data-field-wrapper=\"fld_9634664\" class=\"form-group\" id=\"fld_9634664_1-wrap\">\r\n<div class=\"\">\r\n\t<input  class=\"btn btn-default\" type=\"submit\" name=\"fld_9634664\" id=\"fld_9634664_1\" value=\"ENVOYER\" data-field=\"fld_9634664\"  >\n<\/div>\r\n<\/div>\r\n\t<input class=\"button_trigger_1\" type=\"hidden\" name=\"fld_9634664\" id=\"fld_9634664_1_btn\" value=\"\" data-field=\"fld_9634664\"  \/>\n<\/div><\/div><\/form>\r\n<\/div>\r\n\n\r\n\t\t<\/div>\r\n\t<\/div>\r\n<\/div><\/div><\/div><\/div><\/div><\/section>\n","protected":false},"excerpt":{"rendered":"Demande SCALPEL Nous contacter au: 031 959 35 50 SCALPEL - \u00c9dition sp\u00e9ciale sur les caisses de pension Demandez gratuitement l'\u00e9dition sp\u00e9ciale sur le caisses de pension de notre magazine...","protected":false},"author":3,"featured_media":0,"parent":7590,"menu_order":0,"comment_status":"closed","ping_status":"closed","template":"","meta":{"_acf_changed":false,"footnotes":""},"class_list":["post-9501","page","type-page","status-publish","hentry"],"acf":[],"yoast_head":"<!-- This site is optimized with the Yoast SEO Premium plugin v27.3 (Yoast SEO v27.3) - https:\/\/yoast.com\/product\/yoast-seo-premium-wordpress\/ -->\n<title>Demande SCALPELL \u00e9dition sp\u00e9ciale - rothgygax<\/title>\n<meta name=\"robots\" content=\"index, follow, max-snippet:-1, max-image-preview:large, max-video-preview:-1\" \/>\n<link rel=\"canonical\" href=\"https:\/\/www.rothgygax.ch\/fr\/scalpel\/scalpel-cp\/\" \/>\n<meta property=\"og:locale\" content=\"fr_FR\" \/>\n<meta property=\"og:type\" content=\"article\" \/>\n<meta property=\"og:title\" content=\"Demande SCALPELL \u00e9dition sp\u00e9ciale\" \/>\n<meta property=\"og:url\" content=\"https:\/\/www.rothgygax.ch\/fr\/scalpel\/scalpel-cp\/\" \/>\n<meta property=\"og:site_name\" content=\"rothgygax\" \/>\n<meta name=\"twitter:card\" content=\"summary_large_image\" \/>\n<meta name=\"twitter:label1\" content=\"Dur\u00e9e de lecture estim\u00e9e\" \/>\n\t<meta name=\"twitter:data1\" content=\"1 minute\" \/>\n<script type=\"application\/ld+json\" class=\"yoast-schema-graph\">{\"@context\":\"https:\\\/\\\/schema.org\",\"@graph\":[{\"@type\":\"WebPage\",\"@id\":\"https:\\\/\\\/www.rothgygax.ch\\\/fr\\\/scalpel\\\/scalpel-cp\\\/\",\"url\":\"https:\\\/\\\/www.rothgygax.ch\\\/fr\\\/scalpel\\\/scalpel-cp\\\/\",\"name\":\"Demande SCALPELL \u00e9dition sp\u00e9ciale - rothgygax\",\"isPartOf\":{\"@id\":\"https:\\\/\\\/www.rothgygax.ch\\\/fr\\\/#website\"},\"datePublished\":\"2021-07-06T09:02:33+00:00\",\"breadcrumb\":{\"@id\":\"https:\\\/\\\/www.rothgygax.ch\\\/fr\\\/scalpel\\\/scalpel-cp\\\/#breadcrumb\"},\"inLanguage\":\"fr-FR\",\"potentialAction\":[{\"@type\":\"ReadAction\",\"target\":[\"https:\\\/\\\/www.rothgygax.ch\\\/fr\\\/scalpel\\\/scalpel-cp\\\/\"]}]},{\"@type\":\"BreadcrumbList\",\"@id\":\"https:\\\/\\\/www.rothgygax.ch\\\/fr\\\/scalpel\\\/scalpel-cp\\\/#breadcrumb\",\"itemListElement\":[{\"@type\":\"ListItem\",\"position\":1,\"name\":\"Startseite\",\"item\":\"https:\\\/\\\/www.rothgygax.ch\\\/fr\\\/\"},{\"@type\":\"ListItem\",\"position\":2,\"name\":\"Scalpel\",\"item\":\"https:\\\/\\\/www.rothgygax.ch\\\/fr\\\/scalpel\\\/\"},{\"@type\":\"ListItem\",\"position\":3,\"name\":\"Demande SCALPELL \u00e9dition sp\u00e9ciale\"}]},{\"@type\":\"WebSite\",\"@id\":\"https:\\\/\\\/www.rothgygax.ch\\\/fr\\\/#website\",\"url\":\"https:\\\/\\\/www.rothgygax.ch\\\/fr\\\/\",\"name\":\"rothgygax\",\"description\":\"Just another WordPress site\",\"potentialAction\":[{\"@type\":\"SearchAction\",\"target\":{\"@type\":\"EntryPoint\",\"urlTemplate\":\"https:\\\/\\\/www.rothgygax.ch\\\/fr\\\/?s={search_term_string}\"},\"query-input\":{\"@type\":\"PropertyValueSpecification\",\"valueRequired\":true,\"valueName\":\"search_term_string\"}}],\"inLanguage\":\"fr-FR\"}]}<\/script>\n<!-- \/ Yoast SEO Premium plugin. -->","yoast_head_json":{"title":"Demande SCALPELL \u00e9dition sp\u00e9ciale - rothgygax","robots":{"index":"index","follow":"follow","max-snippet":"max-snippet:-1","max-image-preview":"max-image-preview:large","max-video-preview":"max-video-preview:-1"},"canonical":"https:\/\/www.rothgygax.ch\/fr\/scalpel\/scalpel-cp\/","og_locale":"fr_FR","og_type":"article","og_title":"Demande SCALPELL \u00e9dition sp\u00e9ciale","og_url":"https:\/\/www.rothgygax.ch\/fr\/scalpel\/scalpel-cp\/","og_site_name":"rothgygax","twitter_card":"summary_large_image","twitter_misc":{"Dur\u00e9e de lecture estim\u00e9e":"1 minute"},"schema":{"@context":"https:\/\/schema.org","@graph":[{"@type":"WebPage","@id":"https:\/\/www.rothgygax.ch\/fr\/scalpel\/scalpel-cp\/","url":"https:\/\/www.rothgygax.ch\/fr\/scalpel\/scalpel-cp\/","name":"Demande SCALPELL \u00e9dition sp\u00e9ciale - rothgygax","isPartOf":{"@id":"https:\/\/www.rothgygax.ch\/fr\/#website"},"datePublished":"2021-07-06T09:02:33+00:00","breadcrumb":{"@id":"https:\/\/www.rothgygax.ch\/fr\/scalpel\/scalpel-cp\/#breadcrumb"},"inLanguage":"fr-FR","potentialAction":[{"@type":"ReadAction","target":["https:\/\/www.rothgygax.ch\/fr\/scalpel\/scalpel-cp\/"]}]},{"@type":"BreadcrumbList","@id":"https:\/\/www.rothgygax.ch\/fr\/scalpel\/scalpel-cp\/#breadcrumb","itemListElement":[{"@type":"ListItem","position":1,"name":"Startseite","item":"https:\/\/www.rothgygax.ch\/fr\/"},{"@type":"ListItem","position":2,"name":"Scalpel","item":"https:\/\/www.rothgygax.ch\/fr\/scalpel\/"},{"@type":"ListItem","position":3,"name":"Demande SCALPELL \u00e9dition sp\u00e9ciale"}]},{"@type":"WebSite","@id":"https:\/\/www.rothgygax.ch\/fr\/#website","url":"https:\/\/www.rothgygax.ch\/fr\/","name":"rothgygax","description":"Just another WordPress site","potentialAction":[{"@type":"SearchAction","target":{"@type":"EntryPoint","urlTemplate":"https:\/\/www.rothgygax.ch\/fr\/?s={search_term_string}"},"query-input":{"@type":"PropertyValueSpecification","valueRequired":true,"valueName":"search_term_string"}}],"inLanguage":"fr-FR"}]}},"_links":{"self":[{"href":"https:\/\/www.rothgygax.ch\/fr\/wp-json\/wp\/v2\/pages\/9501","targetHints":{"allow":["GET"]}}],"collection":[{"href":"https:\/\/www.rothgygax.ch\/fr\/wp-json\/wp\/v2\/pages"}],"about":[{"href":"https:\/\/www.rothgygax.ch\/fr\/wp-json\/wp\/v2\/types\/page"}],"author":[{"embeddable":true,"href":"https:\/\/www.rothgygax.ch\/fr\/wp-json\/wp\/v2\/users\/3"}],"replies":[{"embeddable":true,"href":"https:\/\/www.rothgygax.ch\/fr\/wp-json\/wp\/v2\/comments?post=9501"}],"version-history":[{"count":2,"href":"https:\/\/www.rothgygax.ch\/fr\/wp-json\/wp\/v2\/pages\/9501\/revisions"}],"predecessor-version":[{"id":9503,"href":"https:\/\/www.rothgygax.ch\/fr\/wp-json\/wp\/v2\/pages\/9501\/revisions\/9503"}],"up":[{"embeddable":true,"href":"https:\/\/www.rothgygax.ch\/fr\/wp-json\/wp\/v2\/pages\/7590"}],"wp:attachment":[{"href":"https:\/\/www.rothgygax.ch\/fr\/wp-json\/wp\/v2\/media?parent=9501"}],"curies":[{"name":"wp","href":"https:\/\/api.w.org\/{rel}","templated":true}]}}