{"id":9308,"date":"2021-03-30T05:18:47","date_gmt":"2021-03-30T05:18:47","guid":{"rendered":"https:\/\/www.rothgygax.ch\/?page_id=9308"},"modified":"2021-03-30T05:19:20","modified_gmt":"2021-03-30T05:19:20","slug":"demande-doffre-assurance-batiment","status":"publish","type":"page","link":"https:\/\/www.rothgygax.ch\/fr\/produits\/assurance-batiments\/demande-doffre-assurance-batiment\/","title":{"rendered":"Demande d&rsquo;offre assurance b\u00e2timent"},"content":{"rendered":"<section class=\"l-section wpb_row height_medium\" style=\"margin-bottom: -30px !important;\"><div class=\"l-section-h i-cf\"><div class=\"g-cols type_default valign_top\"><div class=\"vc_col-sm-9 wpb_column vc_column_container\"><div class=\"vc_column-inner  vc_custom_1503315981596\"><div class=\"wpb_wrapper\"><div class=\"w-iconbox iconpos_left style_default color_primary no_text icontype_img font-weight: 700\"><div class=\"w-iconbox-icon\" style=\"font-size:60px;\"><img loading=\"lazy\" decoding=\"async\" src=\"https:\/\/www.rothgygax.ch\/wp-content\/uploads\/2017\/04\/Gebaeudeversicherung.png\" width=\"583\" height=\"583\" alt=\"Demande d'offre\"><\/div><div class=\"w-iconbox-meta\"><h1 class=\"w-iconbox-title\" style=\"font-size:50px\">Demande d'offre<\/h1><\/div><\/div><\/div><\/div><\/div><div class=\"vc_col-sm-3 wpb_column vc_column_container has-fill\"><div class=\"vc_column-inner  vc_custom_1503317955718 color_custom\" style=\"color:#ffffff;\"><div class=\"wpb_wrapper\">\r\n\t<div class=\"wpb_text_column  vc_custom_1591189779411 w-actionbox-text\">\r\n\t\t<div class=\"wpb_wrapper\">\r\n\t\t\t<h4>Nous contacter au:<\/h4>\n\r\n\t\t<\/div>\r\n\t<\/div>\r\n\r\n\t<div class=\"wpb_text_column  link2\">\r\n\t\t<div class=\"wpb_wrapper\">\r\n\t\t\t<h3 style=\"text-align: left;\"><span style=\"color: #f1f1f1;\">031 959 35 50<\/span><\/h3>\n\r\n\t\t<\/div>\r\n\t<\/div>\r\n<\/div><\/div><\/div><\/div><\/div><\/section><section class=\"l-section wpb_row height_medium\"><div class=\"l-section-h i-cf\"><div class=\"g-cols type_default valign_top\"><div class=\"vc_col-sm-12 wpb_column vc_column_container\"><div class=\"vc_column-inner\"><div class=\"wpb_wrapper\">\r\n\t<div class=\"wpb_text_column \">\r\n\t\t<div class=\"wpb_wrapper\">\r\n\t\t\t<div class=\"caldera-grid\" id=\"caldera_form_1\" data-cf-ver=\"1.9.6\" data-cf-form-id=\"CF60588b6583eb9\"><div id=\"caldera_notices_1\" data-spinner=\"https:\/\/www.rothgygax.ch\/wp-admin\/images\/spinner.gif\"><\/div><form data-instance=\"1\" class=\"CF60588b6583eb9 caldera_forms_form cfajax-trigger\" method=\"POST\" enctype=\"multipart\/form-data\" id=\"CF60588b6583eb9_1\" data-form-id=\"CF60588b6583eb9\" aria-label=\"GVB FR\" data-target=\"#caldera_notices_1\" data-template=\"#cfajax_CF60588b6583eb9-tmpl\" data-cfajax=\"CF60588b6583eb9\" data-load-element=\"_parent\" data-load-class=\"cf_processing\" data-post-disable=\"0\" data-action=\"cf_process_ajax_submit\" data-request=\"https:\/\/www.rothgygax.ch\/fr\/\/cf-api\/CF60588b6583eb9\" data-hiderows=\"true\">\r\n<input type=\"hidden\" id=\"_cf_verify_CF60588b6583eb9\" name=\"_cf_verify\" value=\"9b3c6cc67b\"  data-nonce-time=\"1776222862\" \/><input type=\"hidden\" name=\"_wp_http_referer\" value=\"\/fr\/wp-json\/wp\/v2\/pages\/9308\" \/><div id=\"cf2-CF60588b6583eb9_1\"><\/div><input type=\"hidden\" name=\"_cf_frm_id\" value=\"CF60588b6583eb9\">\r\n<input type=\"hidden\" name=\"_cf_frm_ct\" value=\"1\">\r\n<input type=\"hidden\" name=\"cfajax\" value=\"CF60588b6583eb9\">\r\n<input type=\"hidden\" name=\"_cf_cr_pst\" value=\"9308\">\r\n<div class=\"hide\" style=\"display:none; overflow:hidden;height:0;width:0;\">\r\n<label>Phone<\/label><input type=\"text\" name=\"phone\" value=\"\" autocomplete=\"off\">\r\n<\/div><div id=\"CF60588b6583eb9_1-row-1\"  class=\"row  first_row\"><div  class=\"col-sm-6  first_col\"><div data-field-wrapper=\"fld_3491929\" class=\"form-group\" id=\"fld_3491929_1-wrap\">\r\n\t<label id=\"fld_3491929Label\" for=\"fld_3491929_1\" class=\"control-label\">Pr\u00e9nom <span aria-hidden=\"true\" role=\"presentation\" class=\"field_required\" style=\"color:#ee0000;\">*<\/span><\/label>\r\n\t<div class=\"\">\r\n\t\t<input   required type=\"text\" data-field=\"fld_3491929\" class=\" form-control\" id=\"fld_3491929_1\" name=\"fld_3491929\" value=\"\" data-type=\"text\" aria-required=\"true\"   aria-labelledby=\"fld_3491929Label\" >\t\t\t<\/div>\r\n<\/div>\r\n<\/div><div  class=\"col-sm-6  last_col\"><div data-field-wrapper=\"fld_9558532\" class=\"form-group\" id=\"fld_9558532_1-wrap\">\r\n\t<label id=\"fld_9558532Label\" for=\"fld_9558532_1\" class=\"control-label\">Nom <span aria-hidden=\"true\" role=\"presentation\" class=\"field_required\" style=\"color:#ee0000;\">*<\/span><\/label>\r\n\t<div class=\"\">\r\n\t\t<input   required type=\"text\" data-field=\"fld_9558532\" class=\" form-control\" id=\"fld_9558532_1\" name=\"fld_9558532\" value=\"\" data-type=\"text\" aria-required=\"true\"   aria-labelledby=\"fld_9558532Label\" >\t\t\t<\/div>\r\n<\/div>\r\n<\/div><\/div><div id=\"CF60588b6583eb9_1-row-2\"  class=\"row \"><div  class=\"col-sm-6  first_col\"><div data-field-wrapper=\"fld_7225103\" class=\"form-group\" id=\"fld_7225103_1-wrap\">\r\n\t<label id=\"fld_7225103Label\" for=\"fld_7225103_1\" class=\"control-label\">Adresse<\/label>\r\n\t<div class=\"\">\r\n\t\t<input    type=\"text\" data-field=\"fld_7225103\" class=\" form-control\" id=\"fld_7225103_1\" name=\"fld_7225103\" value=\"\" data-type=\"text\"   aria-labelledby=\"fld_7225103Label\" >\t\t\t<\/div>\r\n<\/div>\r\n<\/div><div  class=\"col-sm-6  last_col\"><div data-field-wrapper=\"fld_3221529\" class=\"form-group\" id=\"fld_3221529_1-wrap\">\r\n\t<label id=\"fld_3221529Label\" for=\"fld_3221529_1\" class=\"control-label\">NPA \/ Lieu <span aria-hidden=\"true\" role=\"presentation\" class=\"field_required\" style=\"color:#ee0000;\">*<\/span><\/label>\r\n\t<div class=\"\">\r\n\t\t<input   required type=\"text\" data-field=\"fld_3221529\" class=\" form-control\" id=\"fld_3221529_1\" name=\"fld_3221529\" value=\"\" data-type=\"text\" aria-required=\"true\"   aria-labelledby=\"fld_3221529Label\" >\t\t\t<\/div>\r\n<\/div>\r\n<\/div><\/div><div id=\"CF60588b6583eb9_1-row-3\"  class=\"row \"><div  class=\"col-sm-6  first_col\"><div data-field-wrapper=\"fld_9445267\" class=\"form-group\" id=\"fld_9445267_1-wrap\">\r\n\t<label id=\"fld_9445267Label\" for=\"fld_9445267_1\" class=\"control-label\">Num\u00e9ro de t\u00e9l\u00e9phone<\/label>\r\n\t<div class=\"\">\r\n\t\t<input    type=\"text\" data-field=\"fld_9445267\" class=\" form-control\" id=\"fld_9445267_1\" name=\"fld_9445267\" value=\"\" data-type=\"text\"   aria-labelledby=\"fld_9445267Label\" >\t\t\t<\/div>\r\n<\/div>\r\n<\/div><div  class=\"col-sm-6  last_col\"><div data-field-wrapper=\"fld_561303\" class=\"form-group\" id=\"fld_561303_1-wrap\">\r\n\t<label id=\"fld_561303Label\" for=\"fld_561303_1\" class=\"control-label\">Atteignable le plus facilement<\/label>\r\n\t<div class=\"\">\r\n\t\t<input    type=\"text\" data-field=\"fld_561303\" class=\" form-control\" id=\"fld_561303_1\" name=\"fld_561303\" value=\"\" data-type=\"text\"   aria-labelledby=\"fld_561303Label\" >\t\t\t<\/div>\r\n<\/div>\r\n<\/div><\/div><div id=\"CF60588b6583eb9_1-row-4\"  class=\"row \"><div  class=\"col-sm-12  single\"><div data-field-wrapper=\"fld_7257242\" class=\"form-group\" id=\"fld_7257242_1-wrap\">\r\n\t<label id=\"fld_7257242Label\" for=\"fld_7257242_1\" class=\"control-label\">Adresse mail <span aria-hidden=\"true\" role=\"presentation\" class=\"field_required\" style=\"color:#ee0000;\">*<\/span><\/label>\r\n\t<div class=\"\">\r\n\t\t<input   required type=\"email\" data-field=\"fld_7257242\" class=\" form-control\" id=\"fld_7257242_1\" name=\"fld_7257242\" value=\"\" data-type=\"email\" aria-required=\"true\"   aria-labelledby=\"fld_7257242Label\" >\t\t\t<\/div>\r\n<\/div>\r\n<\/div><\/div><div id=\"CF60588b6583eb9_1-row-5\"  class=\"row \"><div  class=\"col-sm-12  single\"><div data-field-wrapper=\"fld_6869918\" class=\"form-group\" id=\"fld_6869918_1-wrap\">\r\n\t<label id=\"fld_6869918Label\" for=\"fld_6869918_1\" class=\"control-label screen-reader-text sr-only\">Wunsch1<\/label>\r\n\t<div class=\"\">\r\n\t\t\t\t\t\t\t\t\t\t\t<div class=\"checkbox\">\n\t\t\t\t\n                <label                         for=\"fld_6869918_1_opt1662161\"\n                >\n                            <input\n                                                                type=\"checkbox\"\n                                data-label=\"Client de GVB Assurances priv\u00e9es SA - Je souhaite b\u00e9n\u00e9ficier des conditions sp\u00e9ciales pour les membres de FMH Services.\"\n                                data-field=\"fld_6869918\"\n                                id=\"fld_6869918_1_opt1662161\"\n                                class=\"fld_6869918_1\"\n                                name=\"fld_6869918[opt1662161]\"\n                                value=\"Client de GVB Assurances priv\u00e9es SA - Je souhaite b\u00e9n\u00e9ficier des conditions sp\u00e9ciales pour les membres de FMH Services.\"\n                                                                data-type=\"checkbox\"\n                                data-checkbox-field=\"fld_6869918_1\"\n                                                                data-calc-value=\"Client de GVB Assurances priv\u00e9es SA - Je souhaite b\u00e9n\u00e9ficier des conditions sp\u00e9ciales pour les membres de FMH Services.\"\n                            >\n                    Client de GVB Assurances priv\u00e9es SA - Je souhaite b\u00e9n\u00e9ficier des conditions sp\u00e9ciales pour les membres de FMH Services.                <\/label>\n\n                \t\t\t\t\t<\/div>\n\t\t\t\t\t\t\t\t\t\t\t<\/div>\r\n<\/div>\r\n<span class=\"caldera-forms-conditional-field\" role=\"region\" aria-live=\"polite\" id=\"conditional_fld_6236279_1\" data-field-id=\"fld_6236279_1\"><\/span><div data-field-wrapper=\"fld_6198848\" class=\"form-group\" id=\"fld_6198848_1-wrap\">\r\n\t<label id=\"fld_6198848Label\" for=\"fld_6198848_1\" class=\"control-label screen-reader-text sr-only\">Wunsch2<\/label>\r\n\t<div class=\"\">\r\n\t\t\t\t\t\t\t\t\t\t\t<div class=\"checkbox\">\n\t\t\t\t\n                <label                         for=\"fld_6198848_1_opt1662161\"\n                >\n                            <input\n                                                                type=\"checkbox\"\n                                data-label=\"Nouveau client - Veuillez me renseigner sur les avantages de GVB Assurances priv\u00e9es SA.\"\n                                data-field=\"fld_6198848\"\n                                id=\"fld_6198848_1_opt1662161\"\n                                class=\"fld_6198848_1\"\n                                name=\"fld_6198848[opt1662161]\"\n                                value=\"Nouveau client - Veuillez me renseigner sur les avantages de GVB Assurances priv\u00e9es SA.\"\n                                                                data-type=\"checkbox\"\n                                data-checkbox-field=\"fld_6198848_1\"\n                                                                data-calc-value=\"Nouveau client - Veuillez me renseigner sur les avantages de GVB Assurances priv\u00e9es SA.\"\n                            >\n                    Nouveau client - Veuillez me renseigner sur les avantages de GVB Assurances priv\u00e9es SA.                <\/label>\n\n                \t\t\t\t\t<\/div>\n\t\t\t\t\t\t\t\t\t\t\t<\/div>\r\n<\/div>\r\n<div data-field-wrapper=\"fld_4866092\" class=\"form-group\" id=\"fld_4866092_1-wrap\">\r\n\t<label id=\"fld_4866092Label\" for=\"fld_4866092_1\" class=\"control-label screen-reader-text sr-only\">Wunsch3<\/label>\r\n\t<div class=\"\">\r\n\t\t\t\t\t\t\t\t\t\t\t<div class=\"checkbox\">\n\t\t\t\t\n                <label                         for=\"fld_4866092_1_opt1662161\"\n                >\n                            <input\n                                                                type=\"checkbox\"\n                                data-label=\"Consultation personnelle - Veuillez m&#039;appeler pour une consultation.\"\n                                data-field=\"fld_4866092\"\n                                id=\"fld_4866092_1_opt1662161\"\n                                class=\"fld_4866092_1\"\n                                name=\"fld_4866092[opt1662161]\"\n                                value=\"Consultation personnelle - Veuillez m&#039;appeler pour une consultation.\"\n                                                                data-type=\"checkbox\"\n                                data-checkbox-field=\"fld_4866092_1\"\n                                                                data-calc-value=\"Consultation personnelle - Veuillez m&#039;appeler pour une consultation.\"\n                            >\n                    Consultation personnelle - Veuillez m'appeler pour une consultation.                <\/label>\n\n                \t\t\t\t\t<\/div>\n\t\t\t\t\t\t\t\t\t\t\t<\/div>\r\n<\/div>\r\n<div data-field-wrapper=\"fld_2963641\" class=\"form-group\" id=\"fld_2963641_1-wrap\">\r\n\t<label id=\"fld_2963641Label\" for=\"fld_2963641_1\" class=\"control-label screen-reader-text sr-only\">Wunsch4<\/label>\r\n\t<div class=\"\">\r\n\t\t\t\t\t\t\t\t\t\t\t<div class=\"checkbox\">\n\t\t\t\t\n                <label                         for=\"fld_2963641_1_opt1662161\"\n                >\n                            <input\n                                                                type=\"checkbox\"\n                                data-label=\"Autres centres d&#039;int\u00e9r\u00eat - Je suis int\u00e9ress\u00e9(e) par les produits et services suivants :\"\n                                data-field=\"fld_2963641\"\n                                id=\"fld_2963641_1_opt1662161\"\n                                class=\"fld_2963641_1\"\n                                name=\"fld_2963641[opt1662161]\"\n                                value=\"Autres centres d&#039;int\u00e9r\u00eat - Je suis int\u00e9ress\u00e9(e) par les produits et services suivants :\"\n                                                                data-type=\"checkbox\"\n                                data-checkbox-field=\"fld_2963641_1\"\n                                                                data-calc-value=\"Autres centres d&#039;int\u00e9r\u00eat - Je suis int\u00e9ress\u00e9(e) par les produits et services suivants :\"\n                            >\n                    Autres centres d'int\u00e9r\u00eat - Je suis int\u00e9ress\u00e9(e) par les produits et services suivants :                <\/label>\n\n                \t\t\t\t\t<\/div>\n\t\t\t\t\t\t\t\t\t\t\t<\/div>\r\n<\/div>\r\n<span class=\"caldera-forms-conditional-field\" role=\"region\" aria-live=\"polite\" id=\"conditional_fld_6866846_1\" data-field-id=\"fld_6866846_1\"><\/span><\/div><\/div><div id=\"CF60588b6583eb9_1-row-6\"  class=\"row \"><div  class=\"col-sm-12  single\"><div data-field-wrapper=\"fld_8865201\" class=\"form-group\" id=\"fld_8865201_1-wrap\">\r\n\t<label id=\"fld_8865201Label\" for=\"fld_8865201_1\" class=\"control-label\">Remarques<\/label>\r\n\t<div class=\"\">\r\n\t\t<textarea name=\"fld_8865201\" value=\"\" data-field=\"fld_8865201\" class=\"form-control\" id=\"fld_8865201_1\" rows=\"4\"    aria-labelledby=\"fld_8865201Label\" ><\/textarea>\n\t\t\t<\/div>\r\n<\/div>\r\n<\/div><\/div><div id=\"CF60588b6583eb9_1-row-7\"  class=\"row  last_row\"><div  class=\"col-sm-12  single\"><div data-field-wrapper=\"fld_7853499\" class=\"form-group\" id=\"fld_7853499_1-wrap\">\r\n<div class=\"\">\r\n\t<input  class=\"btn btn-default\" type=\"submit\" name=\"fld_7853499\" id=\"fld_7853499_1\" value=\"Absenden\" data-field=\"fld_7853499\"  >\n<\/div>\r\n<\/div>\r\n\t<input class=\"button_trigger_1\" type=\"hidden\" name=\"fld_7853499\" id=\"fld_7853499_1_btn\" value=\"\" data-field=\"fld_7853499\"  \/>\n<\/div><\/div><\/form>\r\n<\/div>\r\n<script type=\"text\/javascript\">\r\nif( typeof caldera_conditionals === \"undefined\" ){ var caldera_conditionals = {}; }caldera_conditionals.CF60588b6583eb9_1 = {\"fld_6236279_1\":{\"type\":\"show\",\"group\":{\"rw_uwkzty\":{\"cl_uljcilo\":{\"id\":\"cl_uljcilo\",\"field\":\"fld_6869918\",\"value\":\"Client de GVB Assurances priv\\u00e9es SA - Je souhaite b\\u00e9n\\u00e9ficier des conditions sp\\u00e9ciales pour les membres de FMH Services.\",\"compare\":\"is\",\"parent\":\"rw_uwkzty\",\"label\":\"Client de GVB Assurances priv\\u00e9es SA - Je souhaite b\\u00e9n\\u00e9ficier des conditions sp\\u00e9ciales pour les membres de FMH Services.\"}}}},\"fld_6866846_1\":{\"type\":\"show\",\"group\":{\"rw_kfjab\":{\"cl_wdqbotrkayr\":{\"id\":\"cl_wdqbotrkayr\",\"field\":\"fld_2963641\",\"value\":\"Autres centres d'int\\u00e9r\\u00eat - Je suis int\\u00e9ress\\u00e9(e) par les produits et services suivants :\",\"compare\":\"is\",\"parent\":\"rw_kfjab\",\"label\":\"Autres centres d'int\\u00e9r\\u00eat - Je suis int\\u00e9ress\\u00e9(e) par les produits et services suivants :\"}}}}};\r\n<\/script>\r\n<script type=\"text\/html\" id=\"conditional-fld_6236279_1-tmpl\">\r\n<div data-field-wrapper=\"fld_6236279\" class=\"form-group\" id=\"fld_6236279_1-wrap\">\r\n\t<label id=\"fld_6236279Label\" for=\"fld_6236279_1\" class=\"control-label\">Si possible, veuillez nous envoyer une copie ou une photo de votre police actuelle.<\/label>\r\n\t<div class=\"file-prevent-overflow\">\r\n\t\t<div id=\"fld_6236279_1_file_list\" class=\"cf-multi-uploader-list\"><\/div>\n\t\t\t\t\t<button type=\"button\" class=\"btn btn-block cf-uploader-trigger\" data-parent=\"fld_6236279_1\">S\u00e9lectionner un fichier<\/button>\n\t\t\t\t<input type=\"file\" name=\"fld_6236279\" value=\"\" data-field=\"fld_6236279\" class=\"\" id=\"fld_6236279_1\" data-controlid=\"trupl69df028e84b5f\" data-required=\"true\"      aria-labelledby=\"fld_6236279Label\">\n\t\t<input type=\"hidden\" name=\"fld_6236279\" value=\"trupl69df028e84b5f\">\n\t\t\t<\/div>\r\n<\/div>\r\n<\/script>\r\n\r\n<script type=\"text\/html\" id=\"conditional-fld_6866846_1-tmpl\">\r\n<div data-field-wrapper=\"fld_6866846\" class=\"form-group\" id=\"fld_6866846_1-wrap\">\r\n\t<label id=\"fld_6866846Label\" for=\"fld_6866846_1\" class=\"control-label\">Interesse<\/label>\r\n\t<div class=\"\">\r\n\t\t<textarea name=\"fld_6866846\" value=\"\" data-field=\"fld_6866846\" class=\"form-control\" id=\"fld_6866846_1\" rows=\"4\"    aria-labelledby=\"fld_6866846Label\" ><\/textarea>\n\t\t\t<\/div>\r\n<\/div>\r\n<\/script>\r\n\n\r\n\t\t<\/div>\r\n\t<\/div>\r\n<\/div><\/div><\/div><\/div><\/div><\/section>\n","protected":false},"excerpt":{"rendered":"Demande d'offre Nous contacter au: 031 959 35 50 Url Pr\u00e9nom * Nom * Adresse NPA \/ Lieu * Num\u00e9ro de t\u00e9l\u00e9phone Atteignable le plus facilement Adresse mail * Wunsch1...","protected":false},"author":3,"featured_media":0,"parent":6508,"menu_order":0,"comment_status":"closed","ping_status":"closed","template":"","meta":{"_acf_changed":false,"footnotes":""},"class_list":["post-9308","page","type-page","status-publish","hentry"],"acf":[],"yoast_head":"<!-- This site is optimized with the Yoast SEO Premium plugin v27.3 (Yoast SEO v27.3) - https:\/\/yoast.com\/product\/yoast-seo-premium-wordpress\/ -->\n<title>Demande d&#039;offre assurance b\u00e2timent - rothgygax<\/title>\n<meta name=\"robots\" content=\"index, follow, max-snippet:-1, max-image-preview:large, max-video-preview:-1\" \/>\n<link rel=\"canonical\" href=\"https:\/\/www.rothgygax.ch\/fr\/produits\/assurance-batiments\/demande-doffre-assurance-batiment\/\" \/>\n<meta property=\"og:locale\" content=\"fr_FR\" \/>\n<meta property=\"og:type\" content=\"article\" \/>\n<meta property=\"og:title\" content=\"Demande d&#039;offre assurance b\u00e2timent\" \/>\n<meta property=\"og:url\" content=\"https:\/\/www.rothgygax.ch\/fr\/produits\/assurance-batiments\/demande-doffre-assurance-batiment\/\" \/>\n<meta property=\"og:site_name\" content=\"rothgygax\" \/>\n<meta property=\"article:modified_time\" content=\"2021-03-30T05:19:20+00:00\" \/>\n<meta name=\"twitter:card\" content=\"summary_large_image\" \/>\n<meta name=\"twitter:label1\" content=\"Dur\u00e9e de lecture estim\u00e9e\" \/>\n\t<meta name=\"twitter:data1\" content=\"1 minute\" \/>\n<script type=\"application\/ld+json\" class=\"yoast-schema-graph\">{\"@context\":\"https:\\\/\\\/schema.org\",\"@graph\":[{\"@type\":\"WebPage\",\"@id\":\"https:\\\/\\\/www.rothgygax.ch\\\/fr\\\/produits\\\/assurance-batiments\\\/demande-doffre-assurance-batiment\\\/\",\"url\":\"https:\\\/\\\/www.rothgygax.ch\\\/fr\\\/produits\\\/assurance-batiments\\\/demande-doffre-assurance-batiment\\\/\",\"name\":\"Demande d'offre assurance b\u00e2timent - rothgygax\",\"isPartOf\":{\"@id\":\"https:\\\/\\\/www.rothgygax.ch\\\/fr\\\/#website\"},\"datePublished\":\"2021-03-30T05:18:47+00:00\",\"dateModified\":\"2021-03-30T05:19:20+00:00\",\"breadcrumb\":{\"@id\":\"https:\\\/\\\/www.rothgygax.ch\\\/fr\\\/produits\\\/assurance-batiments\\\/demande-doffre-assurance-batiment\\\/#breadcrumb\"},\"inLanguage\":\"fr-FR\",\"potentialAction\":[{\"@type\":\"ReadAction\",\"target\":[\"https:\\\/\\\/www.rothgygax.ch\\\/fr\\\/produits\\\/assurance-batiments\\\/demande-doffre-assurance-batiment\\\/\"]}]},{\"@type\":\"BreadcrumbList\",\"@id\":\"https:\\\/\\\/www.rothgygax.ch\\\/fr\\\/produits\\\/assurance-batiments\\\/demande-doffre-assurance-batiment\\\/#breadcrumb\",\"itemListElement\":[{\"@type\":\"ListItem\",\"position\":1,\"name\":\"Startseite\",\"item\":\"https:\\\/\\\/www.rothgygax.ch\\\/fr\\\/\"},{\"@type\":\"ListItem\",\"position\":2,\"name\":\"Produits\",\"item\":\"https:\\\/\\\/www.rothgygax.ch\\\/fr\\\/produits\\\/\"},{\"@type\":\"ListItem\",\"position\":3,\"name\":\"Assurance b\u00e2timents\",\"item\":\"https:\\\/\\\/www.rothgygax.ch\\\/fr\\\/produits\\\/assurance-batiments\\\/\"},{\"@type\":\"ListItem\",\"position\":4,\"name\":\"Demande d&#8217;offre assurance b\u00e2timent\"}]},{\"@type\":\"WebSite\",\"@id\":\"https:\\\/\\\/www.rothgygax.ch\\\/fr\\\/#website\",\"url\":\"https:\\\/\\\/www.rothgygax.ch\\\/fr\\\/\",\"name\":\"rothgygax\",\"description\":\"Just another WordPress site\",\"potentialAction\":[{\"@type\":\"SearchAction\",\"target\":{\"@type\":\"EntryPoint\",\"urlTemplate\":\"https:\\\/\\\/www.rothgygax.ch\\\/fr\\\/?s={search_term_string}\"},\"query-input\":{\"@type\":\"PropertyValueSpecification\",\"valueRequired\":true,\"valueName\":\"search_term_string\"}}],\"inLanguage\":\"fr-FR\"}]}<\/script>\n<!-- \/ Yoast SEO Premium plugin. -->","yoast_head_json":{"title":"Demande d'offre assurance b\u00e2timent - rothgygax","robots":{"index":"index","follow":"follow","max-snippet":"max-snippet:-1","max-image-preview":"max-image-preview:large","max-video-preview":"max-video-preview:-1"},"canonical":"https:\/\/www.rothgygax.ch\/fr\/produits\/assurance-batiments\/demande-doffre-assurance-batiment\/","og_locale":"fr_FR","og_type":"article","og_title":"Demande d'offre assurance b\u00e2timent","og_url":"https:\/\/www.rothgygax.ch\/fr\/produits\/assurance-batiments\/demande-doffre-assurance-batiment\/","og_site_name":"rothgygax","article_modified_time":"2021-03-30T05:19:20+00:00","twitter_card":"summary_large_image","twitter_misc":{"Dur\u00e9e de lecture estim\u00e9e":"1 minute"},"schema":{"@context":"https:\/\/schema.org","@graph":[{"@type":"WebPage","@id":"https:\/\/www.rothgygax.ch\/fr\/produits\/assurance-batiments\/demande-doffre-assurance-batiment\/","url":"https:\/\/www.rothgygax.ch\/fr\/produits\/assurance-batiments\/demande-doffre-assurance-batiment\/","name":"Demande d'offre assurance b\u00e2timent - rothgygax","isPartOf":{"@id":"https:\/\/www.rothgygax.ch\/fr\/#website"},"datePublished":"2021-03-30T05:18:47+00:00","dateModified":"2021-03-30T05:19:20+00:00","breadcrumb":{"@id":"https:\/\/www.rothgygax.ch\/fr\/produits\/assurance-batiments\/demande-doffre-assurance-batiment\/#breadcrumb"},"inLanguage":"fr-FR","potentialAction":[{"@type":"ReadAction","target":["https:\/\/www.rothgygax.ch\/fr\/produits\/assurance-batiments\/demande-doffre-assurance-batiment\/"]}]},{"@type":"BreadcrumbList","@id":"https:\/\/www.rothgygax.ch\/fr\/produits\/assurance-batiments\/demande-doffre-assurance-batiment\/#breadcrumb","itemListElement":[{"@type":"ListItem","position":1,"name":"Startseite","item":"https:\/\/www.rothgygax.ch\/fr\/"},{"@type":"ListItem","position":2,"name":"Produits","item":"https:\/\/www.rothgygax.ch\/fr\/produits\/"},{"@type":"ListItem","position":3,"name":"Assurance b\u00e2timents","item":"https:\/\/www.rothgygax.ch\/fr\/produits\/assurance-batiments\/"},{"@type":"ListItem","position":4,"name":"Demande d&#8217;offre assurance b\u00e2timent"}]},{"@type":"WebSite","@id":"https:\/\/www.rothgygax.ch\/fr\/#website","url":"https:\/\/www.rothgygax.ch\/fr\/","name":"rothgygax","description":"Just another WordPress site","potentialAction":[{"@type":"SearchAction","target":{"@type":"EntryPoint","urlTemplate":"https:\/\/www.rothgygax.ch\/fr\/?s={search_term_string}"},"query-input":{"@type":"PropertyValueSpecification","valueRequired":true,"valueName":"search_term_string"}}],"inLanguage":"fr-FR"}]}},"_links":{"self":[{"href":"https:\/\/www.rothgygax.ch\/fr\/wp-json\/wp\/v2\/pages\/9308","targetHints":{"allow":["GET"]}}],"collection":[{"href":"https:\/\/www.rothgygax.ch\/fr\/wp-json\/wp\/v2\/pages"}],"about":[{"href":"https:\/\/www.rothgygax.ch\/fr\/wp-json\/wp\/v2\/types\/page"}],"author":[{"embeddable":true,"href":"https:\/\/www.rothgygax.ch\/fr\/wp-json\/wp\/v2\/users\/3"}],"replies":[{"embeddable":true,"href":"https:\/\/www.rothgygax.ch\/fr\/wp-json\/wp\/v2\/comments?post=9308"}],"version-history":[{"count":2,"href":"https:\/\/www.rothgygax.ch\/fr\/wp-json\/wp\/v2\/pages\/9308\/revisions"}],"predecessor-version":[{"id":9310,"href":"https:\/\/www.rothgygax.ch\/fr\/wp-json\/wp\/v2\/pages\/9308\/revisions\/9310"}],"up":[{"embeddable":true,"href":"https:\/\/www.rothgygax.ch\/fr\/wp-json\/wp\/v2\/pages\/6508"}],"wp:attachment":[{"href":"https:\/\/www.rothgygax.ch\/fr\/wp-json\/wp\/v2\/media?parent=9308"}],"curies":[{"name":"wp","href":"https:\/\/api.w.org\/{rel}","templated":true}]}}