{"id":9032,"date":"2020-06-09T09:34:56","date_gmt":"2020-06-09T09:34:56","guid":{"rendered":"https:\/\/www.rothgygax.ch\/?page_id=9032"},"modified":"2024-03-22T12:35:27","modified_gmt":"2024-03-22T12:35:27","slug":"cyber-assurance","status":"publish","type":"page","link":"https:\/\/www.rothgygax.ch\/fr\/produits\/cyber-assurance\/","title":{"rendered":"Cyber-assurance"},"content":{"rendered":"<section class=\"l-section wpb_row height_medium\" style=\"margin-bottom: -30px !important;\"><div class=\"l-section-h i-cf\"><div class=\"g-cols type_default valign_top\"><div class=\"vc_col-sm-9 wpb_column vc_column_container\"><div class=\"vc_column-inner  vc_custom_1503315981596\"><div class=\"wpb_wrapper\"><div class=\"w-iconbox iconpos_left style_default color_primary no_text icontype_img font-weight: 700\"><div class=\"w-iconbox-icon\" style=\"font-size:60px;\"><img loading=\"lazy\" decoding=\"async\" src=\"https:\/\/www.rothgygax.ch\/wp-content\/uploads\/2018\/06\/Icon_rot_Cyberversicherung.png\" width=\"583\" height=\"583\" alt=\"Cyber-assurance\"><\/div><div class=\"w-iconbox-meta\"><h1 class=\"w-iconbox-title\" style=\"font-size:50px\">Cyber-assurance<\/h1><\/div><\/div><\/div><\/div><\/div><div class=\"vc_col-sm-3 wpb_column vc_column_container has-fill\"><div class=\"vc_column-inner  vc_custom_1503317955718 color_custom\" style=\"color:#ffffff;\"><div class=\"wpb_wrapper\">\r\n\t<div class=\"wpb_text_column  vc_custom_1506331177036 w-actionbox-text\">\r\n\t\t<div class=\"wpb_wrapper\">\r\n\t\t\t<h5 style=\"text-align: left;\">Nous contacter au:<\/h5>\n\r\n\t\t<\/div>\r\n\t<\/div>\r\n\r\n\t<div class=\"wpb_text_column  link2\">\r\n\t\t<div class=\"wpb_wrapper\">\r\n\t\t\t<h3 style=\"text-align: left;\"><span style=\"color: #f1f1f1;\">031 959 35 50<\/span><\/h3>\n\r\n\t\t<\/div>\r\n\t<\/div>\r\n<div class=\" vc_custom_1591963202360 ubtn-ctn-left \"><a class=\"ubtn-link ult-adjust-bottom-margin ubtn-left ubtn-normal \" href=\"https:\/\/www.rothgygax.ch\/fr\/produits\/cyber-assurance\/demande-doffre-cyber-assurance\/\" title=\"Demande d\u2019offre assurance accidents individuelle\" ><button type=\"button\" id=\"ubtn-1142\"  class=\"ubtn ult-adjust-bottom-margin ult-responsive ubtn-normal ubtn-top-bg  none  ubtn-left   tooltip-69f4b012c9278\"  data-hover=\"\" data-border-color=\"\" data-bg=\"#e0e0e0\" data-hover-bg=\"#b2b2b2\" data-border-hover=\"\" data-shadow-hover=\"\" data-shadow-click=\"none\" data-shadow=\"\" data-shd-shadow=\"\"  data-ultimate-target='#ubtn-1142'  data-responsive-json-new='{\"font-size\":\"\",\"line-height\":\"\"}'  style=\"font-weight:normal;border:none;background: #e0e0e0;color: #000000;\"><span class=\"ubtn-hover\" style=\"background-color:#b2b2b2\"><\/span><span class=\"ubtn-data ubtn-text \" >Demande d&#039;offre<\/span><\/button><\/a><\/div><\/div><\/div><\/div><\/div><\/div><\/section><section class=\"l-section wpb_row height_medium\" style=\"margin-bottom: -70px !important;\"><div class=\"l-section-h i-cf\"><div class=\"g-cols type_default valign_top\"><div class=\"vc_col-sm-12 wpb_column vc_column_container\"><div class=\"vc_column-inner\"><div class=\"wpb_wrapper\">\r\n\t<div class=\"wpb_text_column \">\r\n\t\t<div class=\"wpb_wrapper\">\r\n\t\t\t<h3>Protection contre les cyberattaques<\/h3>\n<p>De nombreux entrepreneurs estiment que le risque potentiel d\u2019une cyberattaque est \u00e9lev\u00e9. Cependant, seuls un petit nombre d\u2019entre eux ont souscrit une assurance contre les cyberattaques. Notre cyber-assurance destin\u00e9e aux m\u00e9decins et au personnel m\u00e9dical vous offre toutes les couvertures n\u00e9cessaires \u00e0 la pratique de votre activit\u00e9 et ce \u00e0 un prix attractif.<\/p>\n\r\n\t\t<\/div>\r\n\t<\/div>\r\n<\/div><\/div><\/div><\/div><\/div><\/section><section class=\"l-section wpb_row height_medium\"><div class=\"l-section-h i-cf\"><div class=\"g-cols type_default valign_top\"><div class=\"vc_col-sm-6 wpb_column vc_column_container\"><div class=\"vc_column-inner\"><div class=\"wpb_wrapper\">\r\n\t<div class=\"wpb_text_column \">\r\n\t\t<div class=\"wpb_wrapper\">\r\n\t\t\t<p>La cyber-assurance couvre d\u2019une part vos propres dommages (appel\u00e9s dommages propres) apr\u00e8s une cyberattaque. Cela comprend la r\u00e9cup\u00e9ration des donn\u00e9es \u00e9lectroniques et la suppression des programmes malveillants. En outre, la perte de revenus et les frais suppl\u00e9mentaires dus \u00e0 une interruption d\u2019activit\u00e9 sont \u00e9galement assur\u00e9s.<\/p>\n<p>D\u2019autre part, la cyber-assurance destin\u00e9e aux m\u00e9decins couvre \u00e9galement les r\u00e9clamations de tiers (dommages relevant de la responsabilit\u00e9 civile) telles que la perte ou l\u2019indisponibilit\u00e9 de donn\u00e9es confi\u00e9es. Il est aussi tr\u00e8s important de disposer d\u2019une couverture en cas de violation de la protection des donn\u00e9es, car cela peut engager la responsabilit\u00e9 et qu\u2019il existe un devoir d\u2019informer les parties et les autorit\u00e9s concern\u00e9es.<\/p>\n<p>L\u2019assurance couvre \u00e9galement la gestion de crise ou les demandes de ran\u00e7on en cas de cyberchantage.<\/p>\n<p>La cyber-assurance ne se limite pas uniquement aux modules de couverture individuels. Elle fournit aussi divers services, tels que l\u2019aide d\u2019urgence d\u2019un expert en informatique en cas de cyberattaque afin que votre syst\u00e8me informatique soit \u00e0 nouveau op\u00e9rationnel le plus rapidement possible.<\/p>\n\r\n\t\t<\/div>\r\n\t<\/div>\r\n<\/div><\/div><\/div><div class=\"vc_col-sm-6 wpb_column vc_column_container\"><div class=\"vc_column-inner\"><div class=\"wpb_wrapper\"><div class=\"g-cols wpb_row type_default valign_top vc_inner  vc_custom_1503311588472\"><div class=\"vc_col-sm-12 wpb_column vc_column_container\"><div class=\"vc_column-inner  vc_custom_1503311478681\"><div class=\"wpb_wrapper\"><div class=\"w-iconbox iconpos_left style_default color_primary\"><div class=\"w-iconbox-icon\" style=\"font-size:0px;\"><\/div><div class=\"w-iconbox-meta\"><h5 class=\"w-iconbox-title\">Cyber-assurance pour les m\u00e9decins et le personnel m\u00e9dical<\/h5><div class=\"w-iconbox-text\">Cette cyber-assurance englobe tout un \u00e9ventail de garanties sp\u00e9ciales et parfaitement adapt\u00e9es aux besoins des m\u00e9decins, des dentistes et du personnel m\u00e9dical.<\/div><\/div><\/div><\/div><\/div><\/div><\/div><div class=\"w-separator type_invisible size_small thick_1 style_solid color_border cont_none\"><span class=\"w-separator-h\"><\/span><\/div><div class=\"g-cols wpb_row type_default valign_top vc_inner  vc_custom_1503311618743\"><div class=\"vc_col-sm-12 wpb_column vc_column_container\"><div class=\"vc_column-inner  vc_custom_1503311478681\"><div class=\"wpb_wrapper\"><div class=\"w-iconbox iconpos_left style_default color_primary\"><div class=\"w-iconbox-icon\" style=\"font-size:0px;\"><\/div><div class=\"w-iconbox-meta\"><h5 class=\"w-iconbox-title\">Conditions d\u2019un contrat-cadre exclusif<\/h5><div class=\"w-iconbox-text\">Cette solution vous permet de b\u00e9n\u00e9ficier de conditions pr\u00e9f\u00e9rentielles exclusives que nous avons n\u00e9goci\u00e9es pour vous avec notre partenaire en assurances.<\/div><\/div><\/div><\/div><\/div><\/div><\/div><div class=\"w-separator type_invisible size_small thick_1 style_solid color_border cont_none\"><span class=\"w-separator-h\"><\/span><\/div><div class=\"g-cols wpb_row type_default valign_top vc_inner  vc_custom_1503311626345\"><div class=\"vc_col-sm-12 wpb_column vc_column_container\"><div class=\"vc_column-inner  vc_custom_1503311478681\"><div class=\"wpb_wrapper\"><div class=\"w-iconbox iconpos_left style_default color_primary\"><div class=\"w-iconbox-icon\" style=\"font-size:0px;\"><\/div><div class=\"w-iconbox-meta\"><h5 class=\"w-iconbox-title\">Couvertures et services 2en1<\/h5><div class=\"w-iconbox-text\">En souscrivant cette cyber-assurance, vous avez acc\u00e8s \u00e0 divers services tels que l\u2019aide d\u2019urgence d\u2019un expert en informatique, par exemple.<\/div><\/div><\/div><\/div><\/div><\/div><\/div><\/div><\/div><\/div><\/div><\/div><\/section><section class=\"l-section wpb_row height_medium color_primary\" style=\"margin-top: 0px !important;margin-bottom: 0px !important;\"><div class=\"l-section-h i-cf\"><div class=\"g-cols type_default valign_top\"><div class=\"vc_col-sm-12 wpb_column vc_column_container\"><div class=\"vc_column-inner\"><div class=\"wpb_wrapper\"><div class=\"w-actionbox color_primary controls_right\"><div class=\"w-actionbox-text\"><h2 style=\"font-size:h3\">Contactez-nous, nous vous conseillerons avec plaisir.<\/h2><\/div><div class=\"w-actionbox-controls\"><a class=\"w-btn color_white style_solid icon_none\" href=\"http:\/\/www.rothgygax.ch\/fr\/contact\/\" style=\"font-size:20px;\"><span class=\"w-btn-label\">Contact<\/span><\/a><\/div><\/div><\/div><\/div><\/div><\/div><\/div><\/section>\n","protected":false},"excerpt":{"rendered":"Cyber-assurance Nous contacter au: 031 959 35 50 Demande d&#039;offre Protection contre les cyberattaques De nombreux entrepreneurs estiment que le risque potentiel d\u2019une cyberattaque est \u00e9lev\u00e9. Cependant, seuls un petit...","protected":false},"author":3,"featured_media":0,"parent":6498,"menu_order":0,"comment_status":"closed","ping_status":"closed","template":"","meta":{"_acf_changed":false,"footnotes":""},"class_list":["post-9032","page","type-page","status-publish","hentry"],"acf":[],"yoast_head":"<!-- This site is optimized with the Yoast SEO Premium plugin v27.3 (Yoast SEO v27.3) - https:\/\/yoast.com\/product\/yoast-seo-premium-wordpress\/ -->\n<title>Cyber-assurance - rothgygax<\/title>\n<meta name=\"robots\" content=\"index, follow, max-snippet:-1, max-image-preview:large, max-video-preview:-1\" \/>\n<link rel=\"canonical\" href=\"https:\/\/www.rothgygax.ch\/fr\/produits\/cyber-assurance\/\" \/>\n<meta property=\"og:locale\" content=\"fr_FR\" \/>\n<meta property=\"og:type\" content=\"article\" \/>\n<meta property=\"og:title\" content=\"Cyber-assurance\" \/>\n<meta property=\"og:url\" content=\"https:\/\/www.rothgygax.ch\/fr\/produits\/cyber-assurance\/\" \/>\n<meta property=\"og:site_name\" content=\"rothgygax\" \/>\n<meta property=\"article:modified_time\" content=\"2024-03-22T12:35:27+00:00\" \/>\n<meta name=\"twitter:card\" content=\"summary_large_image\" \/>\n<meta name=\"twitter:label1\" content=\"Dur\u00e9e de lecture estim\u00e9e\" \/>\n\t<meta name=\"twitter:data1\" content=\"3 minutes\" \/>\n<script type=\"application\/ld+json\" class=\"yoast-schema-graph\">{\"@context\":\"https:\\\/\\\/schema.org\",\"@graph\":[{\"@type\":\"WebPage\",\"@id\":\"https:\\\/\\\/www.rothgygax.ch\\\/fr\\\/produits\\\/cyber-assurance\\\/\",\"url\":\"https:\\\/\\\/www.rothgygax.ch\\\/fr\\\/produits\\\/cyber-assurance\\\/\",\"name\":\"Cyber-assurance - rothgygax\",\"isPartOf\":{\"@id\":\"https:\\\/\\\/www.rothgygax.ch\\\/fr\\\/#website\"},\"datePublished\":\"2020-06-09T09:34:56+00:00\",\"dateModified\":\"2024-03-22T12:35:27+00:00\",\"breadcrumb\":{\"@id\":\"https:\\\/\\\/www.rothgygax.ch\\\/fr\\\/produits\\\/cyber-assurance\\\/#breadcrumb\"},\"inLanguage\":\"fr-FR\",\"potentialAction\":[{\"@type\":\"ReadAction\",\"target\":[\"https:\\\/\\\/www.rothgygax.ch\\\/fr\\\/produits\\\/cyber-assurance\\\/\"]}]},{\"@type\":\"BreadcrumbList\",\"@id\":\"https:\\\/\\\/www.rothgygax.ch\\\/fr\\\/produits\\\/cyber-assurance\\\/#breadcrumb\",\"itemListElement\":[{\"@type\":\"ListItem\",\"position\":1,\"name\":\"Startseite\",\"item\":\"https:\\\/\\\/www.rothgygax.ch\\\/fr\\\/\"},{\"@type\":\"ListItem\",\"position\":2,\"name\":\"Produits\",\"item\":\"https:\\\/\\\/www.rothgygax.ch\\\/fr\\\/produits\\\/\"},{\"@type\":\"ListItem\",\"position\":3,\"name\":\"Cyber-assurance\"}]},{\"@type\":\"WebSite\",\"@id\":\"https:\\\/\\\/www.rothgygax.ch\\\/fr\\\/#website\",\"url\":\"https:\\\/\\\/www.rothgygax.ch\\\/fr\\\/\",\"name\":\"rothgygax\",\"description\":\"Just another WordPress site\",\"potentialAction\":[{\"@type\":\"SearchAction\",\"target\":{\"@type\":\"EntryPoint\",\"urlTemplate\":\"https:\\\/\\\/www.rothgygax.ch\\\/fr\\\/?s={search_term_string}\"},\"query-input\":{\"@type\":\"PropertyValueSpecification\",\"valueRequired\":true,\"valueName\":\"search_term_string\"}}],\"inLanguage\":\"fr-FR\"}]}<\/script>\n<!-- \/ Yoast SEO Premium plugin. -->","yoast_head_json":{"title":"Cyber-assurance - rothgygax","robots":{"index":"index","follow":"follow","max-snippet":"max-snippet:-1","max-image-preview":"max-image-preview:large","max-video-preview":"max-video-preview:-1"},"canonical":"https:\/\/www.rothgygax.ch\/fr\/produits\/cyber-assurance\/","og_locale":"fr_FR","og_type":"article","og_title":"Cyber-assurance","og_url":"https:\/\/www.rothgygax.ch\/fr\/produits\/cyber-assurance\/","og_site_name":"rothgygax","article_modified_time":"2024-03-22T12:35:27+00:00","twitter_card":"summary_large_image","twitter_misc":{"Dur\u00e9e de lecture estim\u00e9e":"3 minutes"},"schema":{"@context":"https:\/\/schema.org","@graph":[{"@type":"WebPage","@id":"https:\/\/www.rothgygax.ch\/fr\/produits\/cyber-assurance\/","url":"https:\/\/www.rothgygax.ch\/fr\/produits\/cyber-assurance\/","name":"Cyber-assurance - rothgygax","isPartOf":{"@id":"https:\/\/www.rothgygax.ch\/fr\/#website"},"datePublished":"2020-06-09T09:34:56+00:00","dateModified":"2024-03-22T12:35:27+00:00","breadcrumb":{"@id":"https:\/\/www.rothgygax.ch\/fr\/produits\/cyber-assurance\/#breadcrumb"},"inLanguage":"fr-FR","potentialAction":[{"@type":"ReadAction","target":["https:\/\/www.rothgygax.ch\/fr\/produits\/cyber-assurance\/"]}]},{"@type":"BreadcrumbList","@id":"https:\/\/www.rothgygax.ch\/fr\/produits\/cyber-assurance\/#breadcrumb","itemListElement":[{"@type":"ListItem","position":1,"name":"Startseite","item":"https:\/\/www.rothgygax.ch\/fr\/"},{"@type":"ListItem","position":2,"name":"Produits","item":"https:\/\/www.rothgygax.ch\/fr\/produits\/"},{"@type":"ListItem","position":3,"name":"Cyber-assurance"}]},{"@type":"WebSite","@id":"https:\/\/www.rothgygax.ch\/fr\/#website","url":"https:\/\/www.rothgygax.ch\/fr\/","name":"rothgygax","description":"Just another WordPress site","potentialAction":[{"@type":"SearchAction","target":{"@type":"EntryPoint","urlTemplate":"https:\/\/www.rothgygax.ch\/fr\/?s={search_term_string}"},"query-input":{"@type":"PropertyValueSpecification","valueRequired":true,"valueName":"search_term_string"}}],"inLanguage":"fr-FR"}]}},"_links":{"self":[{"href":"https:\/\/www.rothgygax.ch\/fr\/wp-json\/wp\/v2\/pages\/9032","targetHints":{"allow":["GET"]}}],"collection":[{"href":"https:\/\/www.rothgygax.ch\/fr\/wp-json\/wp\/v2\/pages"}],"about":[{"href":"https:\/\/www.rothgygax.ch\/fr\/wp-json\/wp\/v2\/types\/page"}],"author":[{"embeddable":true,"href":"https:\/\/www.rothgygax.ch\/fr\/wp-json\/wp\/v2\/users\/3"}],"replies":[{"embeddable":true,"href":"https:\/\/www.rothgygax.ch\/fr\/wp-json\/wp\/v2\/comments?post=9032"}],"version-history":[{"count":5,"href":"https:\/\/www.rothgygax.ch\/fr\/wp-json\/wp\/v2\/pages\/9032\/revisions"}],"predecessor-version":[{"id":10365,"href":"https:\/\/www.rothgygax.ch\/fr\/wp-json\/wp\/v2\/pages\/9032\/revisions\/10365"}],"up":[{"embeddable":true,"href":"https:\/\/www.rothgygax.ch\/fr\/wp-json\/wp\/v2\/pages\/6498"}],"wp:attachment":[{"href":"https:\/\/www.rothgygax.ch\/fr\/wp-json\/wp\/v2\/media?parent=9032"}],"curies":[{"name":"wp","href":"https:\/\/api.w.org\/{rel}","templated":true}]}}