{"id":9014,"date":"2020-06-03T13:12:46","date_gmt":"2020-06-03T13:12:46","guid":{"rendered":"https:\/\/www.rothgygax.ch\/?page_id=9014"},"modified":"2020-06-03T13:17:56","modified_gmt":"2020-06-03T13:17:56","slug":"offertbestellung-einzelunfallversicherung","status":"publish","type":"page","link":"https:\/\/www.rothgygax.ch\/fr\/produits\/accident\/offertbestellung-einzelunfallversicherung\/","title":{"rendered":"Demande d&rsquo;offre assurance accidents individuelle"},"content":{"rendered":"<section class=\"l-section wpb_row height_medium\" style=\"margin-bottom: -30px !important;\"><div class=\"l-section-h i-cf\"><div class=\"g-cols type_default valign_top\"><div class=\"vc_col-sm-9 wpb_column vc_column_container\"><div class=\"vc_column-inner  vc_custom_1503315981596\"><div class=\"wpb_wrapper\"><div class=\"w-iconbox iconpos_left style_default color_primary no_text icontype_img font-weight: 700\"><div class=\"w-iconbox-icon\" style=\"font-size:60px;\"><img loading=\"lazy\" decoding=\"async\" src=\"https:\/\/www.rothgygax.ch\/wp-content\/uploads\/2017\/04\/Einzelunfall-Versicherung.png\" width=\"583\" height=\"583\" alt=\"Demande d'offre\"><\/div><div class=\"w-iconbox-meta\"><h1 class=\"w-iconbox-title\" style=\"font-size:50px\">Demande d'offre<\/h1><\/div><\/div><\/div><\/div><\/div><div class=\"vc_col-sm-3 wpb_column vc_column_container has-fill\"><div class=\"vc_column-inner  vc_custom_1503317955718 color_custom\" style=\"color:#ffffff;\"><div class=\"wpb_wrapper\">\r\n\t<div class=\"wpb_text_column  vc_custom_1591189779411 w-actionbox-text\">\r\n\t\t<div class=\"wpb_wrapper\">\r\n\t\t\t<h4>Nous contacter au:<\/h4>\n\r\n\t\t<\/div>\r\n\t<\/div>\r\n\r\n\t<div class=\"wpb_text_column  link2\">\r\n\t\t<div class=\"wpb_wrapper\">\r\n\t\t\t<h3 style=\"text-align: left;\"><span style=\"color: #f1f1f1;\">031 959 35 50<\/span><\/h3>\n\r\n\t\t<\/div>\r\n\t<\/div>\r\n<\/div><\/div><\/div><\/div><\/div><\/section><section class=\"l-section wpb_row height_medium\"><div class=\"l-section-h i-cf\"><div class=\"g-cols type_default valign_top\"><div class=\"vc_col-sm-12 wpb_column vc_column_container\"><div class=\"vc_column-inner\"><div class=\"wpb_wrapper\">\r\n\t<div class=\"wpb_text_column \">\r\n\t\t<div class=\"wpb_wrapper\">\r\n\t\t\t<div class=\"caldera-grid\" id=\"caldera_form_1\" data-cf-ver=\"1.9.6\" data-cf-form-id=\"CF5ed7a1267e630\"><div id=\"caldera_notices_1\" data-spinner=\"https:\/\/www.rothgygax.ch\/wp-admin\/images\/spinner.gif\"><\/div><form data-instance=\"1\" class=\"CF5ed7a1267e630 caldera_forms_form cfajax-trigger\" method=\"POST\" enctype=\"multipart\/form-data\" id=\"CF5ed7a1267e630_1\" data-form-id=\"CF5ed7a1267e630\" aria-label=\"Offerte Einzelunfallversicherung FR\" data-target=\"#caldera_notices_1\" data-template=\"#cfajax_CF5ed7a1267e630-tmpl\" data-cfajax=\"CF5ed7a1267e630\" data-load-element=\"_parent\" data-load-class=\"cf_processing\" data-post-disable=\"0\" data-action=\"cf_process_ajax_submit\" data-request=\"https:\/\/www.rothgygax.ch\/fr\/\/cf-api\/CF5ed7a1267e630\" data-hiderows=\"true\">\r\n<input type=\"hidden\" id=\"_cf_verify_CF5ed7a1267e630\" name=\"_cf_verify\" value=\"f0d8357429\"  data-nonce-time=\"1777733965\" \/><input type=\"hidden\" name=\"_wp_http_referer\" value=\"\/fr\/wp-json\/wp\/v2\/pages\/9014\" \/><div id=\"cf2-CF5ed7a1267e630_1\"><\/div><input type=\"hidden\" name=\"_cf_frm_id\" value=\"CF5ed7a1267e630\">\r\n<input type=\"hidden\" name=\"_cf_frm_ct\" value=\"1\">\r\n<input type=\"hidden\" name=\"cfajax\" value=\"CF5ed7a1267e630\">\r\n<input type=\"hidden\" name=\"_cf_cr_pst\" value=\"9014\">\r\n<div class=\"hide\" style=\"display:none; overflow:hidden;height:0;width:0;\">\r\n<label>Phone<\/label><input type=\"text\" name=\"phone\" value=\"\" autocomplete=\"off\">\r\n<\/div><div id=\"CF5ed7a1267e630_1-row-1\"  class=\"row  first_row\"><div  class=\"col-sm-6  first_col\"><div data-field-wrapper=\"fld_3491929\" class=\"form-group\" id=\"fld_3491929_1-wrap\">\r\n\t<label id=\"fld_3491929Label\" for=\"fld_3491929_1\" class=\"control-label\">Pr\u00e9nom <span aria-hidden=\"true\" role=\"presentation\" class=\"field_required\" style=\"color:#ee0000;\">*<\/span><\/label>\r\n\t<div class=\"\">\r\n\t\t<input   required type=\"text\" data-field=\"fld_3491929\" class=\" form-control\" id=\"fld_3491929_1\" name=\"fld_3491929\" value=\"\" data-type=\"text\" aria-required=\"true\"   aria-labelledby=\"fld_3491929Label\" >\t\t\t<\/div>\r\n<\/div>\r\n<\/div><div  class=\"col-sm-6  last_col\"><div data-field-wrapper=\"fld_9558532\" class=\"form-group\" id=\"fld_9558532_1-wrap\">\r\n\t<label id=\"fld_9558532Label\" for=\"fld_9558532_1\" class=\"control-label\">Nom <span aria-hidden=\"true\" role=\"presentation\" class=\"field_required\" style=\"color:#ee0000;\">*<\/span><\/label>\r\n\t<div class=\"\">\r\n\t\t<input   required type=\"text\" data-field=\"fld_9558532\" class=\" form-control\" id=\"fld_9558532_1\" name=\"fld_9558532\" value=\"\" data-type=\"text\" aria-required=\"true\"   aria-labelledby=\"fld_9558532Label\" >\t\t\t<\/div>\r\n<\/div>\r\n<\/div><\/div><div id=\"CF5ed7a1267e630_1-row-2\"  class=\"row \"><div  class=\"col-sm-6  first_col\"><div data-field-wrapper=\"fld_7225103\" class=\"form-group\" id=\"fld_7225103_1-wrap\">\r\n\t<label id=\"fld_7225103Label\" for=\"fld_7225103_1\" class=\"control-label\">Adresse<\/label>\r\n\t<div class=\"\">\r\n\t\t<input    type=\"text\" data-field=\"fld_7225103\" class=\" form-control\" id=\"fld_7225103_1\" name=\"fld_7225103\" value=\"\" data-type=\"text\"   aria-labelledby=\"fld_7225103Label\" >\t\t\t<\/div>\r\n<\/div>\r\n<\/div><div  class=\"col-sm-6  last_col\"><div data-field-wrapper=\"fld_3221529\" class=\"form-group\" id=\"fld_3221529_1-wrap\">\r\n\t<label id=\"fld_3221529Label\" for=\"fld_3221529_1\" class=\"control-label\">NPA \/ Lieu <span aria-hidden=\"true\" role=\"presentation\" class=\"field_required\" style=\"color:#ee0000;\">*<\/span><\/label>\r\n\t<div class=\"\">\r\n\t\t<input   required type=\"text\" data-field=\"fld_3221529\" class=\" form-control\" id=\"fld_3221529_1\" name=\"fld_3221529\" value=\"\" data-type=\"text\" aria-required=\"true\"   aria-labelledby=\"fld_3221529Label\" >\t\t\t<\/div>\r\n<\/div>\r\n<\/div><\/div><div id=\"CF5ed7a1267e630_1-row-3\"  class=\"row \"><div  class=\"col-sm-6  first_col\"><div data-field-wrapper=\"fld_9445267\" class=\"form-group\" id=\"fld_9445267_1-wrap\">\r\n\t<label id=\"fld_9445267Label\" for=\"fld_9445267_1\" class=\"control-label\">Num\u00e9ro de t\u00e9l\u00e9phone<\/label>\r\n\t<div class=\"\">\r\n\t\t<input    type=\"text\" data-field=\"fld_9445267\" class=\" form-control\" id=\"fld_9445267_1\" name=\"fld_9445267\" value=\"\" data-type=\"text\"   aria-labelledby=\"fld_9445267Label\" >\t\t\t<\/div>\r\n<\/div>\r\n<\/div><div  class=\"col-sm-6  last_col\"><div data-field-wrapper=\"fld_561303\" class=\"form-group\" id=\"fld_561303_1-wrap\">\r\n\t<label id=\"fld_561303Label\" for=\"fld_561303_1\" class=\"control-label\">Atteignable le plus facilement<\/label>\r\n\t<div class=\"\">\r\n\t\t<input    type=\"text\" data-field=\"fld_561303\" class=\" form-control\" id=\"fld_561303_1\" name=\"fld_561303\" value=\"\" data-type=\"text\"   aria-labelledby=\"fld_561303Label\" >\t\t\t<\/div>\r\n<\/div>\r\n<\/div><\/div><div id=\"CF5ed7a1267e630_1-row-4\"  class=\"row \"><div  class=\"col-sm-12  single\"><div data-field-wrapper=\"fld_7257242\" class=\"form-group\" id=\"fld_7257242_1-wrap\">\r\n\t<label id=\"fld_7257242Label\" for=\"fld_7257242_1\" class=\"control-label\">Adresse mail <span aria-hidden=\"true\" role=\"presentation\" class=\"field_required\" style=\"color:#ee0000;\">*<\/span><\/label>\r\n\t<div class=\"\">\r\n\t\t<input   required type=\"email\" data-field=\"fld_7257242\" class=\" form-control\" id=\"fld_7257242_1\" name=\"fld_7257242\" value=\"\" data-type=\"email\" aria-required=\"true\"   aria-labelledby=\"fld_7257242Label\" >\t\t\t<\/div>\r\n<\/div>\r\n<\/div><\/div><div id=\"CF5ed7a1267e630_1-row-5\"  class=\"row \"><div  class=\"col-sm-12  single\"><div data-field-wrapper=\"fld_8865201\" class=\"form-group\" id=\"fld_8865201_1-wrap\">\r\n\t<label id=\"fld_8865201Label\" for=\"fld_8865201_1\" class=\"control-label\">Remarques<\/label>\r\n\t<div class=\"\">\r\n\t\t<textarea name=\"fld_8865201\" value=\"\" data-field=\"fld_8865201\" class=\"form-control\" id=\"fld_8865201_1\" rows=\"4\"    aria-labelledby=\"fld_8865201Label\" ><\/textarea>\n\t\t\t<\/div>\r\n<\/div>\r\n<\/div><\/div><div id=\"CF5ed7a1267e630_1-row-6\"  class=\"row  last_row\"><div  class=\"col-sm-12  single\"><div data-field-wrapper=\"fld_7853499\" class=\"form-group\" id=\"fld_7853499_1-wrap\">\r\n<div class=\"\">\r\n\t<input  class=\"btn btn-default\" type=\"submit\" name=\"fld_7853499\" id=\"fld_7853499_1\" value=\"Envoyer\" data-field=\"fld_7853499\"  >\n<\/div>\r\n<\/div>\r\n\t<input class=\"button_trigger_1\" type=\"hidden\" name=\"fld_7853499\" id=\"fld_7853499_1_btn\" value=\"\" data-field=\"fld_7853499\"  \/>\n<\/div><\/div><\/form>\r\n<\/div>\r\n\n\r\n\t\t<\/div>\r\n\t<\/div>\r\n<\/div><\/div><\/div><\/div><\/div><\/section>\n","protected":false},"excerpt":{"rendered":"Demande d'offre Nous contacter au: 031 959 35 50 E-mail Pr\u00e9nom * Nom * Adresse NPA \/ Lieu * Num\u00e9ro de t\u00e9l\u00e9phone Atteignable le plus facilement Adresse mail * Remarques","protected":false},"author":3,"featured_media":0,"parent":6504,"menu_order":0,"comment_status":"closed","ping_status":"closed","template":"","meta":{"_acf_changed":false,"footnotes":""},"class_list":["post-9014","page","type-page","status-publish","hentry"],"acf":[],"yoast_head":"<!-- This site is optimized with the Yoast SEO Premium plugin v27.3 (Yoast SEO v27.3) - https:\/\/yoast.com\/product\/yoast-seo-premium-wordpress\/ -->\n<title>Demande d&#039;offre assurance accidents individuelle - rothgygax<\/title>\n<meta name=\"robots\" content=\"index, follow, max-snippet:-1, max-image-preview:large, max-video-preview:-1\" \/>\n<link rel=\"canonical\" href=\"https:\/\/www.rothgygax.ch\/fr\/produits\/accident\/offertbestellung-einzelunfallversicherung\/\" \/>\n<meta property=\"og:locale\" content=\"fr_FR\" \/>\n<meta property=\"og:type\" content=\"article\" \/>\n<meta property=\"og:title\" content=\"Demande d&#039;offre assurance accidents individuelle\" \/>\n<meta property=\"og:url\" content=\"https:\/\/www.rothgygax.ch\/fr\/produits\/accident\/offertbestellung-einzelunfallversicherung\/\" \/>\n<meta property=\"og:site_name\" content=\"rothgygax\" \/>\n<meta property=\"article:modified_time\" content=\"2020-06-03T13:17:56+00:00\" \/>\n<meta name=\"twitter:card\" content=\"summary_large_image\" \/>\n<meta name=\"twitter:label1\" content=\"Dur\u00e9e de lecture estim\u00e9e\" \/>\n\t<meta name=\"twitter:data1\" content=\"1 minute\" \/>\n<script type=\"application\/ld+json\" class=\"yoast-schema-graph\">{\"@context\":\"https:\\\/\\\/schema.org\",\"@graph\":[{\"@type\":\"WebPage\",\"@id\":\"https:\\\/\\\/www.rothgygax.ch\\\/fr\\\/produits\\\/accident\\\/offertbestellung-einzelunfallversicherung\\\/\",\"url\":\"https:\\\/\\\/www.rothgygax.ch\\\/fr\\\/produits\\\/accident\\\/offertbestellung-einzelunfallversicherung\\\/\",\"name\":\"Demande d'offre assurance accidents individuelle - rothgygax\",\"isPartOf\":{\"@id\":\"https:\\\/\\\/www.rothgygax.ch\\\/fr\\\/#website\"},\"datePublished\":\"2020-06-03T13:12:46+00:00\",\"dateModified\":\"2020-06-03T13:17:56+00:00\",\"breadcrumb\":{\"@id\":\"https:\\\/\\\/www.rothgygax.ch\\\/fr\\\/produits\\\/accident\\\/offertbestellung-einzelunfallversicherung\\\/#breadcrumb\"},\"inLanguage\":\"fr-FR\",\"potentialAction\":[{\"@type\":\"ReadAction\",\"target\":[\"https:\\\/\\\/www.rothgygax.ch\\\/fr\\\/produits\\\/accident\\\/offertbestellung-einzelunfallversicherung\\\/\"]}]},{\"@type\":\"BreadcrumbList\",\"@id\":\"https:\\\/\\\/www.rothgygax.ch\\\/fr\\\/produits\\\/accident\\\/offertbestellung-einzelunfallversicherung\\\/#breadcrumb\",\"itemListElement\":[{\"@type\":\"ListItem\",\"position\":1,\"name\":\"Startseite\",\"item\":\"https:\\\/\\\/www.rothgygax.ch\\\/fr\\\/\"},{\"@type\":\"ListItem\",\"position\":2,\"name\":\"Produits\",\"item\":\"https:\\\/\\\/www.rothgygax.ch\\\/fr\\\/produits\\\/\"},{\"@type\":\"ListItem\",\"position\":3,\"name\":\"Assurance accidents individuelle\",\"item\":\"https:\\\/\\\/www.rothgygax.ch\\\/fr\\\/produits\\\/accident\\\/\"},{\"@type\":\"ListItem\",\"position\":4,\"name\":\"Demande d&#8217;offre assurance accidents individuelle\"}]},{\"@type\":\"WebSite\",\"@id\":\"https:\\\/\\\/www.rothgygax.ch\\\/fr\\\/#website\",\"url\":\"https:\\\/\\\/www.rothgygax.ch\\\/fr\\\/\",\"name\":\"rothgygax\",\"description\":\"Just another WordPress site\",\"potentialAction\":[{\"@type\":\"SearchAction\",\"target\":{\"@type\":\"EntryPoint\",\"urlTemplate\":\"https:\\\/\\\/www.rothgygax.ch\\\/fr\\\/?s={search_term_string}\"},\"query-input\":{\"@type\":\"PropertyValueSpecification\",\"valueRequired\":true,\"valueName\":\"search_term_string\"}}],\"inLanguage\":\"fr-FR\"}]}<\/script>\n<!-- \/ Yoast SEO Premium plugin. -->","yoast_head_json":{"title":"Demande d'offre assurance accidents individuelle - rothgygax","robots":{"index":"index","follow":"follow","max-snippet":"max-snippet:-1","max-image-preview":"max-image-preview:large","max-video-preview":"max-video-preview:-1"},"canonical":"https:\/\/www.rothgygax.ch\/fr\/produits\/accident\/offertbestellung-einzelunfallversicherung\/","og_locale":"fr_FR","og_type":"article","og_title":"Demande d'offre assurance accidents individuelle","og_url":"https:\/\/www.rothgygax.ch\/fr\/produits\/accident\/offertbestellung-einzelunfallversicherung\/","og_site_name":"rothgygax","article_modified_time":"2020-06-03T13:17:56+00:00","twitter_card":"summary_large_image","twitter_misc":{"Dur\u00e9e de lecture estim\u00e9e":"1 minute"},"schema":{"@context":"https:\/\/schema.org","@graph":[{"@type":"WebPage","@id":"https:\/\/www.rothgygax.ch\/fr\/produits\/accident\/offertbestellung-einzelunfallversicherung\/","url":"https:\/\/www.rothgygax.ch\/fr\/produits\/accident\/offertbestellung-einzelunfallversicherung\/","name":"Demande d'offre assurance accidents individuelle - rothgygax","isPartOf":{"@id":"https:\/\/www.rothgygax.ch\/fr\/#website"},"datePublished":"2020-06-03T13:12:46+00:00","dateModified":"2020-06-03T13:17:56+00:00","breadcrumb":{"@id":"https:\/\/www.rothgygax.ch\/fr\/produits\/accident\/offertbestellung-einzelunfallversicherung\/#breadcrumb"},"inLanguage":"fr-FR","potentialAction":[{"@type":"ReadAction","target":["https:\/\/www.rothgygax.ch\/fr\/produits\/accident\/offertbestellung-einzelunfallversicherung\/"]}]},{"@type":"BreadcrumbList","@id":"https:\/\/www.rothgygax.ch\/fr\/produits\/accident\/offertbestellung-einzelunfallversicherung\/#breadcrumb","itemListElement":[{"@type":"ListItem","position":1,"name":"Startseite","item":"https:\/\/www.rothgygax.ch\/fr\/"},{"@type":"ListItem","position":2,"name":"Produits","item":"https:\/\/www.rothgygax.ch\/fr\/produits\/"},{"@type":"ListItem","position":3,"name":"Assurance accidents individuelle","item":"https:\/\/www.rothgygax.ch\/fr\/produits\/accident\/"},{"@type":"ListItem","position":4,"name":"Demande d&#8217;offre assurance accidents individuelle"}]},{"@type":"WebSite","@id":"https:\/\/www.rothgygax.ch\/fr\/#website","url":"https:\/\/www.rothgygax.ch\/fr\/","name":"rothgygax","description":"Just another WordPress site","potentialAction":[{"@type":"SearchAction","target":{"@type":"EntryPoint","urlTemplate":"https:\/\/www.rothgygax.ch\/fr\/?s={search_term_string}"},"query-input":{"@type":"PropertyValueSpecification","valueRequired":true,"valueName":"search_term_string"}}],"inLanguage":"fr-FR"}]}},"_links":{"self":[{"href":"https:\/\/www.rothgygax.ch\/fr\/wp-json\/wp\/v2\/pages\/9014","targetHints":{"allow":["GET"]}}],"collection":[{"href":"https:\/\/www.rothgygax.ch\/fr\/wp-json\/wp\/v2\/pages"}],"about":[{"href":"https:\/\/www.rothgygax.ch\/fr\/wp-json\/wp\/v2\/types\/page"}],"author":[{"embeddable":true,"href":"https:\/\/www.rothgygax.ch\/fr\/wp-json\/wp\/v2\/users\/3"}],"replies":[{"embeddable":true,"href":"https:\/\/www.rothgygax.ch\/fr\/wp-json\/wp\/v2\/comments?post=9014"}],"version-history":[{"count":3,"href":"https:\/\/www.rothgygax.ch\/fr\/wp-json\/wp\/v2\/pages\/9014\/revisions"}],"predecessor-version":[{"id":9019,"href":"https:\/\/www.rothgygax.ch\/fr\/wp-json\/wp\/v2\/pages\/9014\/revisions\/9019"}],"up":[{"embeddable":true,"href":"https:\/\/www.rothgygax.ch\/fr\/wp-json\/wp\/v2\/pages\/6504"}],"wp:attachment":[{"href":"https:\/\/www.rothgygax.ch\/fr\/wp-json\/wp\/v2\/media?parent=9014"}],"curies":[{"name":"wp","href":"https:\/\/api.w.org\/{rel}","templated":true}]}}