{"id":6602,"date":"2017-06-21T13:46:40","date_gmt":"2017-06-21T13:46:40","guid":{"rendered":"http:\/\/rothgygax.ch\/?page_id=6602\/"},"modified":"2017-09-25T09:19:46","modified_gmt":"2017-09-25T09:19:46","slug":"info4insider","status":"publish","type":"page","link":"https:\/\/www.rothgygax.ch\/fr\/info4insider\/","title":{"rendered":"info4insider"},"content":{"rendered":"<section class=\"l-section wpb_row height_medium\" style=\"margin-bottom: -30px !important;\"><div class=\"l-section-h i-cf\"><div class=\"g-cols type_default valign_top\"><div class=\"vc_col-sm-9 wpb_column vc_column_container\"><div class=\"vc_column-inner  vc_custom_1503315981596\"><div class=\"wpb_wrapper\"><div class=\"w-iconbox iconpos_left style_default color_primary no_text font-weight: 700\"><div class=\"w-iconbox-icon\" style=\"font-size:0px;\"><i class=\"fa fa-star\"><\/i><\/div><div class=\"w-iconbox-meta\"><h1 class=\"w-iconbox-title\" style=\"font-size:50px\">info4insider<\/h1><\/div><\/div><\/div><\/div><\/div><div class=\"vc_col-sm-3 wpb_column vc_column_container has-fill\"><div class=\"vc_column-inner  vc_custom_1503317955718 color_custom\" style=\"color:#ffffff;\"><div class=\"wpb_wrapper\">\r\n\t<div class=\"wpb_text_column  vc_custom_1506331177036 w-actionbox-text\">\r\n\t\t<div class=\"wpb_wrapper\">\r\n\t\t\t<h5 style=\"text-align: left;\">Nous contacter au:<\/h5>\n\r\n\t\t<\/div>\r\n\t<\/div>\r\n\r\n\t<div class=\"wpb_text_column  link2\">\r\n\t\t<div class=\"wpb_wrapper\">\r\n\t\t\t<h3 style=\"text-align: left;\"><span style=\"color: #f1f1f1;\">031 959 35 50<\/span><\/h3>\n\r\n\t\t<\/div>\r\n\t<\/div>\r\n<\/div><\/div><\/div><\/div><\/div><\/section><section class=\"l-section wpb_row height_medium\"><div class=\"l-section-h i-cf\"><div class=\"g-cols type_default valign_top\"><div class=\"vc_col-sm-12 wpb_column vc_column_container\"><div class=\"vc_column-inner\"><div class=\"wpb_wrapper\">\r\n\t<div class=\"wpb_text_column \">\r\n\t\t<div class=\"wpb_wrapper\">\r\n\t\t\t<h2>info4insider \u2013 portail comparatif pour assurances-vie individuelles<\/h2>\n<p>Cr\u00e9\u00e9 par des sp\u00e9cialistes pour des sp\u00e9cialistes. Sous www.info4insider.ch, nous exploitons un portail comparatif qui contient les donn\u00e9es de la plupart des assurances-vie individuelles. Notre logiciel permet de trouver la solution la mieux adapt\u00e9e aux besoins individuels, d&rsquo;\u00e9tablir des comparaisons, de consulter des informations relatives aux produits et de documenter la recommandation.<\/p>\n<p>Notre plate-forme est utilis\u00e9e et appr\u00e9ci\u00e9e par de nombreux courtiers en assurance, la plupart des assureurs-vie travaillant en Suisse et diverses banques pendant leur consultation quotidienne et \u00e9galement pour d\u00e9velopper de nouveaux produits d&rsquo;assurance.<\/p>\n<p>Nos informations servent aussi de plus en plus de base aux journalistes pour leurs rapports sur les produits d&rsquo;assurance. C&rsquo;est ainsi que des extraits de notre plate-forme sont entre autres imprim\u00e9s dans le Bilanz, la Sonntagszeitung, la Berner Zeitung ou dans les Freiburger Nachrichten.<\/p>\n<p>Nous nous faisons \u00e9galement un plaisir d&rsquo;aider les soci\u00e9t\u00e9s d&rsquo;assurance dans leur d\u00e9veloppement de nouveaux produits ou dans le recueil de bases d\u00e9cisionnelles pour adapter des produits. Nous mettons \u00e9galement notre savoir-faire \u00e0 disposition afin de d\u00e9velopper des outils, tels que p. ex. des programmes d&rsquo;offres.<\/p>\n<p>Vous trouverez de plus amples informations sur notre site Internet.<\/p>\n\r\n\t\t<\/div>\r\n\t<\/div>\r\n<\/div><\/div><\/div><\/div><\/div><\/section><section class=\"l-section wpb_row height_medium\"><div class=\"l-section-h i-cf\"><div class=\"g-cols type_default valign_top\"><div class=\"vc_col-sm-6 wpb_column vc_column_container\"><div class=\"vc_column-inner\"><div class=\"wpb_wrapper\"><div class=\"w-btn-wrapper align_center\"><a class=\"w-btn style_solid color_primary icon_none\" href=\"http:\/\/www.info4insider.ch\" target=\"_blank\" title=\"www.info4insider.ch\"><span class=\"w-btn-label\">www.info4insider.ch<\/span><\/a><\/div><\/div><\/div><\/div><div class=\"vc_col-sm-6 wpb_column vc_column_container\"><div class=\"vc_column-inner\"><div class=\"wpb_wrapper\"><div class=\"w-image align_center\"><div class=\"us-frame\"><img loading=\"lazy\" decoding=\"async\" width=\"300\" height=\"45\" src=\"https:\/\/www.rothgygax.ch\/wp-content\/uploads\/2017\/06\/Logo_Info4Insider_RGB-300x45.png\" class=\"attachment-medium size-medium\" alt=\"info4insider Vergleich Einzelleben\" srcset=\"https:\/\/www.rothgygax.ch\/wp-content\/uploads\/2017\/06\/Logo_Info4Insider_RGB-300x45.png 300w, https:\/\/www.rothgygax.ch\/wp-content\/uploads\/2017\/06\/Logo_Info4Insider_RGB-768x114.png 768w, https:\/\/www.rothgygax.ch\/wp-content\/uploads\/2017\/06\/Logo_Info4Insider_RGB-1024x152.png 1024w, https:\/\/www.rothgygax.ch\/wp-content\/uploads\/2017\/06\/Logo_Info4Insider_RGB-600x89.png 600w, https:\/\/www.rothgygax.ch\/wp-content\/uploads\/2017\/06\/Logo_Info4Insider_RGB.png 1560w\" sizes=\"auto, (max-width: 300px) 100vw, 300px\" \/><\/div><\/div><\/div><\/div><\/div><\/div><\/div><\/section><!-- Row Backgrounds --><div class=\"upb_color\" data-bg-override=\"0\" data-bg-color=\"#efefef\" data-fadeout=\"\" data-fadeout-percentage=\"30\" data-parallax-content=\"\" data-parallax-content-sense=\"30\" data-row-effect-mobile-disable=\"true\" data-img-parallax-mobile-disable=\"true\" data-rtl=\"false\"  data-custom-vc-row=\"\"  data-vc=\"7.2\"  data-is_old_vc=\"\"  data-theme-support=\"\"   data-overlay=\"false\" data-overlay-color=\"\" data-overlay-pattern=\"\" data-overlay-pattern-opacity=\"\" data-overlay-pattern-size=\"\"    ><\/div><section class=\"l-section wpb_row height_medium\"><div class=\"l-section-h i-cf\"><div class=\"g-cols type_default valign_top\"><div class=\"vc_col-sm-12 wpb_column vc_column_container\"><div class=\"vc_column-inner\"><div class=\"wpb_wrapper\"><div class=\"w-image\"><div class=\"us-frame\"><img loading=\"lazy\" decoding=\"async\" width=\"1740\" height=\"854\" src=\"https:\/\/www.rothgygax.ch\/wp-content\/uploads\/2017\/06\/monitor.jpg\" class=\"attachment-full size-full\" alt=\"\" srcset=\"https:\/\/www.rothgygax.ch\/wp-content\/uploads\/2017\/06\/monitor.jpg 1740w, https:\/\/www.rothgygax.ch\/wp-content\/uploads\/2017\/06\/monitor-300x147.jpg 300w, https:\/\/www.rothgygax.ch\/wp-content\/uploads\/2017\/06\/monitor-768x377.jpg 768w, https:\/\/www.rothgygax.ch\/wp-content\/uploads\/2017\/06\/monitor-1024x503.jpg 1024w, https:\/\/www.rothgygax.ch\/wp-content\/uploads\/2017\/06\/monitor-600x294.jpg 600w\" sizes=\"auto, (max-width: 1740px) 100vw, 1740px\" \/><\/div><\/div><\/div><\/div><\/div><\/div><\/div><\/section>\n","protected":false},"excerpt":{"rendered":"info4insider Nous contacter au: 031 959 35 50 info4insider \u2013 portail comparatif pour assurances-vie individuelles Cr\u00e9\u00e9 par des sp\u00e9cialistes pour des sp\u00e9cialistes. Sous www.info4insider.ch, nous exploitons un portail comparatif qui...","protected":false},"author":3,"featured_media":0,"parent":0,"menu_order":0,"comment_status":"closed","ping_status":"closed","template":"","meta":{"_acf_changed":false,"footnotes":""},"class_list":["post-6602","page","type-page","status-publish","hentry"],"acf":[],"yoast_head":"<!-- This site is optimized with the Yoast SEO Premium plugin v27.3 (Yoast SEO v27.3) - https:\/\/yoast.com\/product\/yoast-seo-premium-wordpress\/ -->\n<title>info4insider - rothgygax<\/title>\n<meta name=\"robots\" content=\"index, follow, max-snippet:-1, max-image-preview:large, max-video-preview:-1\" \/>\n<link rel=\"canonical\" href=\"https:\/\/www.rothgygax.ch\/fr\/info4insider\/\" \/>\n<meta property=\"og:locale\" content=\"fr_FR\" \/>\n<meta property=\"og:type\" content=\"article\" \/>\n<meta property=\"og:title\" content=\"info4insider\" \/>\n<meta property=\"og:url\" content=\"https:\/\/www.rothgygax.ch\/fr\/info4insider\/\" \/>\n<meta property=\"og:site_name\" content=\"rothgygax\" \/>\n<meta property=\"article:modified_time\" content=\"2017-09-25T09:19:46+00:00\" \/>\n<meta name=\"twitter:card\" content=\"summary_large_image\" \/>\n<meta name=\"twitter:label1\" content=\"Dur\u00e9e de lecture estim\u00e9e\" \/>\n\t<meta name=\"twitter:data1\" content=\"2 minutes\" \/>\n<script type=\"application\/ld+json\" class=\"yoast-schema-graph\">{\"@context\":\"https:\\\/\\\/schema.org\",\"@graph\":[{\"@type\":\"WebPage\",\"@id\":\"https:\\\/\\\/www.rothgygax.ch\\\/fr\\\/info4insider\\\/\",\"url\":\"https:\\\/\\\/www.rothgygax.ch\\\/fr\\\/info4insider\\\/\",\"name\":\"info4insider - rothgygax\",\"isPartOf\":{\"@id\":\"https:\\\/\\\/www.rothgygax.ch\\\/fr\\\/#website\"},\"datePublished\":\"2017-06-21T13:46:40+00:00\",\"dateModified\":\"2017-09-25T09:19:46+00:00\",\"breadcrumb\":{\"@id\":\"https:\\\/\\\/www.rothgygax.ch\\\/fr\\\/info4insider\\\/#breadcrumb\"},\"inLanguage\":\"fr-FR\",\"potentialAction\":[{\"@type\":\"ReadAction\",\"target\":[\"https:\\\/\\\/www.rothgygax.ch\\\/fr\\\/info4insider\\\/\"]}]},{\"@type\":\"BreadcrumbList\",\"@id\":\"https:\\\/\\\/www.rothgygax.ch\\\/fr\\\/info4insider\\\/#breadcrumb\",\"itemListElement\":[{\"@type\":\"ListItem\",\"position\":1,\"name\":\"Startseite\",\"item\":\"https:\\\/\\\/www.rothgygax.ch\\\/fr\\\/\"},{\"@type\":\"ListItem\",\"position\":2,\"name\":\"info4insider\"}]},{\"@type\":\"WebSite\",\"@id\":\"https:\\\/\\\/www.rothgygax.ch\\\/fr\\\/#website\",\"url\":\"https:\\\/\\\/www.rothgygax.ch\\\/fr\\\/\",\"name\":\"rothgygax\",\"description\":\"Just another WordPress site\",\"potentialAction\":[{\"@type\":\"SearchAction\",\"target\":{\"@type\":\"EntryPoint\",\"urlTemplate\":\"https:\\\/\\\/www.rothgygax.ch\\\/fr\\\/?s={search_term_string}\"},\"query-input\":{\"@type\":\"PropertyValueSpecification\",\"valueRequired\":true,\"valueName\":\"search_term_string\"}}],\"inLanguage\":\"fr-FR\"}]}<\/script>\n<!-- \/ Yoast SEO Premium plugin. -->","yoast_head_json":{"title":"info4insider - rothgygax","robots":{"index":"index","follow":"follow","max-snippet":"max-snippet:-1","max-image-preview":"max-image-preview:large","max-video-preview":"max-video-preview:-1"},"canonical":"https:\/\/www.rothgygax.ch\/fr\/info4insider\/","og_locale":"fr_FR","og_type":"article","og_title":"info4insider","og_url":"https:\/\/www.rothgygax.ch\/fr\/info4insider\/","og_site_name":"rothgygax","article_modified_time":"2017-09-25T09:19:46+00:00","twitter_card":"summary_large_image","twitter_misc":{"Dur\u00e9e de lecture estim\u00e9e":"2 minutes"},"schema":{"@context":"https:\/\/schema.org","@graph":[{"@type":"WebPage","@id":"https:\/\/www.rothgygax.ch\/fr\/info4insider\/","url":"https:\/\/www.rothgygax.ch\/fr\/info4insider\/","name":"info4insider - rothgygax","isPartOf":{"@id":"https:\/\/www.rothgygax.ch\/fr\/#website"},"datePublished":"2017-06-21T13:46:40+00:00","dateModified":"2017-09-25T09:19:46+00:00","breadcrumb":{"@id":"https:\/\/www.rothgygax.ch\/fr\/info4insider\/#breadcrumb"},"inLanguage":"fr-FR","potentialAction":[{"@type":"ReadAction","target":["https:\/\/www.rothgygax.ch\/fr\/info4insider\/"]}]},{"@type":"BreadcrumbList","@id":"https:\/\/www.rothgygax.ch\/fr\/info4insider\/#breadcrumb","itemListElement":[{"@type":"ListItem","position":1,"name":"Startseite","item":"https:\/\/www.rothgygax.ch\/fr\/"},{"@type":"ListItem","position":2,"name":"info4insider"}]},{"@type":"WebSite","@id":"https:\/\/www.rothgygax.ch\/fr\/#website","url":"https:\/\/www.rothgygax.ch\/fr\/","name":"rothgygax","description":"Just another WordPress site","potentialAction":[{"@type":"SearchAction","target":{"@type":"EntryPoint","urlTemplate":"https:\/\/www.rothgygax.ch\/fr\/?s={search_term_string}"},"query-input":{"@type":"PropertyValueSpecification","valueRequired":true,"valueName":"search_term_string"}}],"inLanguage":"fr-FR"}]}},"_links":{"self":[{"href":"https:\/\/www.rothgygax.ch\/fr\/wp-json\/wp\/v2\/pages\/6602","targetHints":{"allow":["GET"]}}],"collection":[{"href":"https:\/\/www.rothgygax.ch\/fr\/wp-json\/wp\/v2\/pages"}],"about":[{"href":"https:\/\/www.rothgygax.ch\/fr\/wp-json\/wp\/v2\/types\/page"}],"author":[{"embeddable":true,"href":"https:\/\/www.rothgygax.ch\/fr\/wp-json\/wp\/v2\/users\/3"}],"replies":[{"embeddable":true,"href":"https:\/\/www.rothgygax.ch\/fr\/wp-json\/wp\/v2\/comments?post=6602"}],"version-history":[{"count":4,"href":"https:\/\/www.rothgygax.ch\/fr\/wp-json\/wp\/v2\/pages\/6602\/revisions"}],"predecessor-version":[{"id":7405,"href":"https:\/\/www.rothgygax.ch\/fr\/wp-json\/wp\/v2\/pages\/6602\/revisions\/7405"}],"wp:attachment":[{"href":"https:\/\/www.rothgygax.ch\/fr\/wp-json\/wp\/v2\/media?parent=6602"}],"curies":[{"name":"wp","href":"https:\/\/api.w.org\/{rel}","templated":true}]}}