{"id":6542,"date":"2017-06-21T12:21:00","date_gmt":"2017-06-21T12:21:00","guid":{"rendered":"http:\/\/rothgygax.ch\/?page_id=6542\/"},"modified":"2021-04-06T09:01:58","modified_gmt":"2021-04-06T09:01:58","slug":"dentistes","status":"publish","type":"page","link":"https:\/\/www.rothgygax.ch\/fr\/dentistes\/","title":{"rendered":"Dentistes"},"content":{"rendered":"<section class=\"l-section wpb_row height_medium\" style=\"margin-bottom: -30px !important;\"><div class=\"l-section-h i-cf\"><div class=\"g-cols type_default valign_top\"><div class=\"vc_col-sm-9 wpb_column vc_column_container\"><div class=\"vc_column-inner  vc_custom_1503315981596\"><div class=\"wpb_wrapper\"><div class=\"w-iconbox iconpos_left style_default color_primary no_text font-weight: 700\"><div class=\"w-iconbox-icon\" style=\"font-size:0px;\"><i class=\"fa fa-star\"><\/i><\/div><div class=\"w-iconbox-meta\"><h1 class=\"w-iconbox-title\" style=\"font-size:50px\">Dentistes<\/h1><\/div><\/div><\/div><\/div><\/div><div class=\"vc_col-sm-3 wpb_column vc_column_container has-fill\"><div class=\"vc_column-inner  vc_custom_1503317955718 color_custom\" style=\"color:#ffffff;\"><div class=\"wpb_wrapper\">\r\n\t<div class=\"wpb_text_column  vc_custom_1506331177036 w-actionbox-text\">\r\n\t\t<div class=\"wpb_wrapper\">\r\n\t\t\t<h5 style=\"text-align: left;\">Nous contacter au:<\/h5>\n\r\n\t\t<\/div>\r\n\t<\/div>\r\n\r\n\t<div class=\"wpb_text_column  link2\">\r\n\t\t<div class=\"wpb_wrapper\">\r\n\t\t\t<h3 style=\"text-align: left;\"><span style=\"color: #f1f1f1;\">031 959 35 50<\/span><\/h3>\n\r\n\t\t<\/div>\r\n\t<\/div>\r\n<\/div><\/div><\/div><\/div><\/div><\/section><section class=\"l-section wpb_row height_medium\"><div class=\"l-section-h i-cf\"><div class=\"g-cols type_default valign_top\"><div class=\"vc_col-sm-12 wpb_column vc_column_container\"><div class=\"vc_column-inner\"><div class=\"wpb_wrapper\">\r\n\t<div class=\"wpb_text_column \">\r\n\t\t<div class=\"wpb_wrapper\">\r\n\t\t\t<h2>Prestations financi\u00e8res pour dentistes<\/h2>\n<p>Roth Gygax &amp; Partner AG soutient les m\u00e9decins-dentistes avec ses conseils globaux et neutres en mati\u00e8re de pr\u00e9voyance, d\u2019assurances et de capital. En tant que courtier d\u2019assurance pointu, nous connaissons en d\u00e9tails les besoins sp\u00e9cifiques. Gr\u00e2ce \u00e0 plusieurs contrats-cadres, vous pouvez profiter de conditions sp\u00e9ciales. Nous proposons ce qui suit:<\/p>\n\r\n\t\t<\/div>\r\n\t<\/div>\r\n<\/div><\/div><\/div><\/div><\/div><\/section><section class=\"l-section wpb_row height_medium\" style=\"margin-top: -30px !important;margin-bottom: -10px !important;\"><div class=\"l-section-h i-cf\"><div class=\"g-cols type_default valign_top\"><div class=\"vc_col-sm-6 wpb_column vc_column_container\"><div class=\"vc_column-inner\"><div class=\"wpb_wrapper\">\r\n\t<div class=\"wpb_text_column \">\r\n\t\t<div class=\"wpb_wrapper\">\r\n\t\t\t<ul>\n<li><strong>Offres de conseil (p. ex. analyse de pr\u00e9voyance et ou planification de la retraite)<\/strong><\/li>\n<li><strong>Solutions de pr\u00e9voyance (p. ex. couverture des risques en cas de d\u00e9c\u00e8s, constitution de capital ou placement de capitaux)<\/strong><\/li>\n<li><strong>Contrats cadres d&rsquo;assurance pour foyers priv\u00e9s (p. ex. assurance inventaire du m\u00e9nage, protection juridique)<\/strong><\/li>\n<li><strong>Contrats cadres d&rsquo;assurance pour cabinets (p. ex. responsabilit\u00e9 professionnelle, indemnit\u00e9s journali\u00e8res, LAA)<\/strong><\/li>\n<li><strong>Placements et cr\u00e9dits (p. ex. comptes d&rsquo;\u00e9pargne, hypoth\u00e8ques, d\u00e9p\u00f4t-titres)<\/strong><\/li>\n<\/ul>\n<p>D\u00e9sirez-vous en savoir plus sur notre offre? Nos conseillers sont actifs dans toute la Suisse et se feront un plaisir de vous pr\u00e9senter personnellement notre prestation de service. N\u2019h\u00e9sitez pas \u00e0 prendre contact avec nous pour convenir d&rsquo;un rendez-vous sans engagement ou commandez une offre sans frais ni engagement.<\/p>\n\r\n\t\t<\/div>\r\n\t<\/div>\r\n<\/div><\/div><\/div><div class=\"vc_col-sm-6 wpb_column vc_column_container\"><div class=\"vc_column-inner\"><div class=\"wpb_wrapper\"><div class=\"w-image\"><div class=\"us-frame\"><img loading=\"lazy\" decoding=\"async\" width=\"1600\" height=\"1267\" src=\"https:\/\/www.rothgygax.ch\/wp-content\/uploads\/2017\/06\/Zahnarzt-02.jpg\" class=\"attachment-full size-full\" alt=\"\" srcset=\"https:\/\/www.rothgygax.ch\/wp-content\/uploads\/2017\/06\/Zahnarzt-02.jpg 1600w, https:\/\/www.rothgygax.ch\/wp-content\/uploads\/2017\/06\/Zahnarzt-02-300x238.jpg 300w, https:\/\/www.rothgygax.ch\/wp-content\/uploads\/2017\/06\/Zahnarzt-02-768x608.jpg 768w, https:\/\/www.rothgygax.ch\/wp-content\/uploads\/2017\/06\/Zahnarzt-02-1024x811.jpg 1024w, https:\/\/www.rothgygax.ch\/wp-content\/uploads\/2017\/06\/Zahnarzt-02-600x475.jpg 600w\" sizes=\"auto, (max-width: 1600px) 100vw, 1600px\" \/><\/div><\/div><\/div><\/div><\/div><\/div><\/div><\/section><section class=\"l-section wpb_row height_medium\"><div class=\"l-section-h i-cf\"><div class=\"g-cols type_default valign_top\"><div class=\"vc_col-sm-12 wpb_column vc_column_container\"><div class=\"vc_column-inner\"><div class=\"wpb_wrapper\">\r\n\t<div class=\"wpb_text_column \">\r\n\t\t<div class=\"wpb_wrapper\">\r\n\t\t\t<h2>Solutions pour dentistes<\/h2>\n\r\n\t\t<\/div>\r\n\t<\/div>\r\n<\/div><\/div><\/div><\/div><\/div><\/section><section class=\"l-section wpb_row height_medium\"><div class=\"l-section-h i-cf\"><div class=\"g-cols type_default valign_top\"><div class=\"vc_col-sm-4 wpb_column vc_column_container\"><div class=\"vc_column-inner\"><div class=\"wpb_wrapper\"><div class=\"w-iconbox iconpos_left style_default color_primary no_text icontype_img\"><a class=\"w-iconbox-link\" href=\"http:\/\/rothgygax.ch\/fr\/produits\/assurance-accidents-laa\/\"><div class=\"w-iconbox-icon\"><img loading=\"lazy\" decoding=\"async\" src=\"https:\/\/www.rothgygax.ch\/wp-content\/uploads\/2017\/04\/Unfallversicherung-UVG.png\" width=\"583\" height=\"583\" alt=\"Assurance accidents LAA\"><\/div><\/a><div class=\"w-iconbox-meta\"><a class=\"w-iconbox-link\" href=\"http:\/\/rothgygax.ch\/fr\/produits\/assurance-accidents-laa\/\"><h4 class=\"w-iconbox-title\">Assurance accidents LAA<\/h4><\/a><\/div><\/div><div class=\"w-separator type_default size_small thick_1 style_solid color_border cont_none\"><span class=\"w-separator-h\"><\/span><\/div><div class=\"w-iconbox iconpos_left style_default color_primary no_text icontype_img\"><a class=\"w-iconbox-link\" href=\"http:\/\/rothgygax.ch\/fr\/produits\/assurance-choses-cabinet\/\"><div class=\"w-iconbox-icon\"><img loading=\"lazy\" decoding=\"async\" src=\"https:\/\/www.rothgygax.ch\/wp-content\/uploads\/2017\/04\/Praxis-Sachversicherung.png\" width=\"583\" height=\"583\" alt=\"Assurance choses\"><\/div><\/a><div class=\"w-iconbox-meta\"><a class=\"w-iconbox-link\" href=\"http:\/\/rothgygax.ch\/fr\/produits\/assurance-choses-cabinet\/\"><h4 class=\"w-iconbox-title\">Assurance choses<\/h4><\/a><\/div><\/div><div class=\"w-separator type_default size_small thick_1 style_solid color_border cont_none\"><span class=\"w-separator-h\"><\/span><\/div><div class=\"w-iconbox iconpos_left style_default color_primary no_text icontype_img\"><a class=\"w-iconbox-link\" href=\"http:\/\/rothgygax.ch\/fr\/produits\/assurance-vie\/\"><div class=\"w-iconbox-icon\"><img loading=\"lazy\" decoding=\"async\" src=\"https:\/\/www.rothgygax.ch\/wp-content\/uploads\/2017\/04\/Lebensversicherung.png\" width=\"583\" height=\"583\" alt=\"Assurance vie\"><\/div><\/a><div class=\"w-iconbox-meta\"><a class=\"w-iconbox-link\" href=\"http:\/\/rothgygax.ch\/fr\/produits\/assurance-vie\/\"><h4 class=\"w-iconbox-title\">Assurance vie<\/h4><\/a><\/div><\/div><div class=\"w-separator type_default size_small thick_1 style_solid color_border cont_none\"><span class=\"w-separator-h\"><\/span><\/div><div class=\"w-iconbox iconpos_left style_default color_primary no_text icontype_img\"><a class=\"w-iconbox-link\" href=\"http:\/\/rothgygax.ch\/fr\/produits\/credits\/\"><div class=\"w-iconbox-icon\"><img loading=\"lazy\" decoding=\"async\" src=\"https:\/\/www.rothgygax.ch\/wp-content\/uploads\/2017\/04\/Kredite.png\" width=\"583\" height=\"583\" alt=\"Cr\u00e9dits\"><\/div><\/a><div class=\"w-iconbox-meta\"><a class=\"w-iconbox-link\" href=\"http:\/\/rothgygax.ch\/fr\/produits\/credits\/\"><h4 class=\"w-iconbox-title\">Cr\u00e9dits<\/h4><\/a><\/div><\/div><div class=\"w-separator type_default size_small thick_1 style_solid color_border cont_none\"><span class=\"w-separator-h\"><\/span><\/div><div class=\"w-iconbox iconpos_left style_default color_primary no_text icontype_img\"><a class=\"w-iconbox-link\" href=\"http:\/\/rothgygax.ch\/fr\/produits\/indemnite-journaliere\/\"><div class=\"w-iconbox-icon\"><img loading=\"lazy\" decoding=\"async\" src=\"https:\/\/www.rothgygax.ch\/wp-content\/uploads\/2017\/04\/Krankentaggeld-KTG.png\" width=\"583\" height=\"583\" alt=\"Indemnit\u00e9 journali\u00e8re\"><\/div><\/a><div class=\"w-iconbox-meta\"><a class=\"w-iconbox-link\" href=\"http:\/\/rothgygax.ch\/fr\/produits\/indemnite-journaliere\/\"><h4 class=\"w-iconbox-title\">Indemnit\u00e9 journali\u00e8re<\/h4><\/a><\/div><\/div><div class=\"w-separator type_default size_small thick_1 style_solid color_border cont_none\"><span class=\"w-separator-h\"><\/span><\/div><div class=\"w-iconbox iconpos_left style_default color_primary no_text icontype_img\"><a class=\"w-iconbox-link\" href=\"http:\/\/rothgygax.ch\/fr\/produits\/prevoyance-professionnelle-lpp\/\"><div class=\"w-iconbox-icon\"><img loading=\"lazy\" decoding=\"async\" src=\"https:\/\/www.rothgygax.ch\/wp-content\/uploads\/2017\/04\/Berufliche-Vorsorge-BVG.png\" width=\"583\" height=\"583\" alt=\"Pr\u00e9voyance prof. LPP\"><\/div><\/a><div class=\"w-iconbox-meta\"><a class=\"w-iconbox-link\" href=\"http:\/\/rothgygax.ch\/fr\/produits\/prevoyance-professionnelle-lpp\/\"><h4 class=\"w-iconbox-title\">Pr\u00e9voyance prof. LPP<\/h4><\/a><\/div><\/div><div class=\"w-separator type_default size_small thick_1 style_solid color_border cont_none\"><span class=\"w-separator-h\"><\/span><\/div><\/div><\/div><\/div><div class=\"vc_col-sm-4 wpb_column vc_column_container\"><div class=\"vc_column-inner\"><div class=\"wpb_wrapper\"><div class=\"w-iconbox iconpos_left style_default color_primary no_text icontype_img\"><a class=\"w-iconbox-link\" href=\"http:\/\/rothgygax.ch\/fr\/produits\/assurance\/\"><div class=\"w-iconbox-icon\"><img loading=\"lazy\" decoding=\"async\" src=\"https:\/\/www.rothgygax.ch\/wp-content\/uploads\/2017\/04\/Einzelunfall-Versicherung.png\" width=\"583\" height=\"583\" alt=\"Assurance accidents ind.\"><\/div><\/a><div class=\"w-iconbox-meta\"><a class=\"w-iconbox-link\" href=\"http:\/\/rothgygax.ch\/fr\/produits\/assurance\/\"><h4 class=\"w-iconbox-title\">Assurance accidents ind.<\/h4><\/a><\/div><\/div><div class=\"w-separator type_default size_small thick_1 style_solid color_border cont_none\"><span class=\"w-separator-h\"><\/span><\/div><div class=\"w-iconbox iconpos_left style_default color_primary no_text icontype_img\"><a class=\"w-iconbox-link\" href=\"https:\/\/www.rothgygax.ch\/fr\/produits\/assurance-construction\/\" title=\"Bauversicherung\"><div class=\"w-iconbox-icon\"><img loading=\"lazy\" decoding=\"async\" src=\"https:\/\/www.rothgygax.ch\/wp-content\/uploads\/2020\/05\/Bauversicherung.png\" width=\"583\" height=\"583\" alt=\"Assurance construction\"><\/div><\/a><div class=\"w-iconbox-meta\"><a class=\"w-iconbox-link\" href=\"https:\/\/www.rothgygax.ch\/fr\/produits\/assurance-construction\/\" title=\"Bauversicherung\"><h4 class=\"w-iconbox-title\">Assurance construction<\/h4><\/a><\/div><\/div><div class=\"w-separator type_default size_small thick_1 style_solid color_border cont_none\"><span class=\"w-separator-h\"><\/span><\/div><div class=\"w-iconbox iconpos_left style_default color_primary no_text icontype_img\"><a class=\"w-iconbox-link\" href=\"http:\/\/rothgygax.ch\/fr\/produits\/caisse-maladie\/\"><div class=\"w-iconbox-icon\"><img loading=\"lazy\" decoding=\"async\" src=\"https:\/\/www.rothgygax.ch\/wp-content\/uploads\/2017\/04\/Krankenkasse.png\" width=\"583\" height=\"583\" alt=\"Caisse maladie\"><\/div><\/a><div class=\"w-iconbox-meta\"><a class=\"w-iconbox-link\" href=\"http:\/\/rothgygax.ch\/fr\/produits\/caisse-maladie\/\"><h4 class=\"w-iconbox-title\">Caisse maladie<\/h4><\/a><\/div><\/div><div class=\"w-separator type_default size_small thick_1 style_solid color_border cont_none\"><span class=\"w-separator-h\"><\/span><\/div><div class=\"w-iconbox iconpos_left style_default color_primary no_text icontype_img\"><a class=\"w-iconbox-link\" href=\"https:\/\/www.rothgygax.ch\/fr\/produits\/cyber-assurance\/\" title=\"Cyberversicherung\"><div class=\"w-iconbox-icon\"><img loading=\"lazy\" decoding=\"async\" src=\"https:\/\/www.rothgygax.ch\/wp-content\/uploads\/2018\/06\/Icon_rot_Cyberversicherung.png\" width=\"583\" height=\"583\" alt=\"Cyber-assurance\"><\/div><\/a><div class=\"w-iconbox-meta\"><a class=\"w-iconbox-link\" href=\"https:\/\/www.rothgygax.ch\/fr\/produits\/cyber-assurance\/\" title=\"Cyberversicherung\"><h4 class=\"w-iconbox-title\">Cyber-assurance<\/h4><\/a><\/div><\/div><div class=\"w-separator type_default size_small thick_1 style_solid color_border cont_none\"><span class=\"w-separator-h\"><\/span><\/div><div class=\"w-iconbox iconpos_left style_default color_primary no_text icontype_img\"><a class=\"w-iconbox-link\" href=\"http:\/\/rothgygax.ch\/fr\/produits\/planification-de-la-retraite\/\"><div class=\"w-iconbox-icon\"><img loading=\"lazy\" decoding=\"async\" src=\"https:\/\/www.rothgygax.ch\/wp-content\/uploads\/2017\/04\/Pensionsplanung.png\" width=\"583\" height=\"583\" alt=\"Planification de la retraite\"><\/div><\/a><div class=\"w-iconbox-meta\"><a class=\"w-iconbox-link\" href=\"http:\/\/rothgygax.ch\/fr\/produits\/planification-de-la-retraite\/\"><h4 class=\"w-iconbox-title\">Planification de la retraite<\/h4><\/a><\/div><\/div><div class=\"w-separator type_default size_small thick_1 style_solid color_border cont_none\"><span class=\"w-separator-h\"><\/span><\/div><div class=\"w-iconbox iconpos_left style_default color_primary no_text icontype_img\"><a class=\"w-iconbox-link\" href=\"http:\/\/rothgygax.ch\/fr\/produits\/protection-juridique\/\"><div class=\"w-iconbox-icon\"><img loading=\"lazy\" decoding=\"async\" src=\"https:\/\/www.rothgygax.ch\/wp-content\/uploads\/2017\/04\/Rechtsschutz.png\" width=\"583\" height=\"583\" alt=\"Protection juridique\"><\/div><\/a><div class=\"w-iconbox-meta\"><a class=\"w-iconbox-link\" href=\"http:\/\/rothgygax.ch\/fr\/produits\/protection-juridique\/\"><h4 class=\"w-iconbox-title\">Protection juridique<\/h4><\/a><\/div><\/div><div class=\"w-separator type_default size_small thick_1 style_solid color_border cont_none\"><span class=\"w-separator-h\"><\/span><\/div><\/div><\/div><\/div><div class=\"vc_col-sm-4 wpb_column vc_column_container\"><div class=\"vc_column-inner\"><div class=\"wpb_wrapper\"><div class=\"w-iconbox iconpos_left style_default color_primary no_text icontype_img\"><a class=\"w-iconbox-link\" href=\"http:\/\/rothgygax.ch\/fr\/produits\/assurance-batiments\/\"><div class=\"w-iconbox-icon\"><img loading=\"lazy\" decoding=\"async\" src=\"https:\/\/www.rothgygax.ch\/wp-content\/uploads\/2017\/04\/Gebaeudeversicherung.png\" width=\"583\" height=\"583\" alt=\"Assurance b\u00e2timents\"><\/div><\/a><div class=\"w-iconbox-meta\"><a class=\"w-iconbox-link\" href=\"http:\/\/rothgygax.ch\/fr\/produits\/assurance-batiments\/\"><h4 class=\"w-iconbox-title\">Assurance b\u00e2timents<\/h4><\/a><\/div><\/div><div class=\"w-separator type_default size_small thick_1 style_solid color_border cont_none\"><span class=\"w-separator-h\"><\/span><\/div><div class=\"w-iconbox iconpos_left style_default color_primary no_text icontype_img\"><a class=\"w-iconbox-link\" href=\"http:\/\/rothgygax.ch\/fr\/produits\/assurance-menage\/\"><div class=\"w-iconbox-icon\"><img loading=\"lazy\" decoding=\"async\" src=\"https:\/\/www.rothgygax.ch\/wp-content\/uploads\/2017\/04\/Hausratsversicherung.png\" width=\"583\" height=\"583\" alt=\"Assurance m\u00e9nage\"><\/div><\/a><div class=\"w-iconbox-meta\"><a class=\"w-iconbox-link\" href=\"http:\/\/rothgygax.ch\/fr\/produits\/assurance-menage\/\"><h4 class=\"w-iconbox-title\">Assurance m\u00e9nage<\/h4><\/a><\/div><\/div><div class=\"w-separator type_default size_small thick_1 style_solid color_border cont_none\"><span class=\"w-separator-h\"><\/span><\/div><div class=\"w-iconbox iconpos_left style_default color_primary no_text icontype_img\"><a class=\"w-iconbox-link\" href=\"http:\/\/rothgygax.ch\/fr\/produits\/compte-depargne\/\"><div class=\"w-iconbox-icon\"><img loading=\"lazy\" decoding=\"async\" src=\"https:\/\/www.rothgygax.ch\/wp-content\/uploads\/2017\/04\/Sparkonto.png\" width=\"583\" height=\"583\" alt=\"Compte d'\u00e9pargne\"><\/div><\/a><div class=\"w-iconbox-meta\"><a class=\"w-iconbox-link\" href=\"http:\/\/rothgygax.ch\/fr\/produits\/compte-depargne\/\"><h4 class=\"w-iconbox-title\">Compte d'\u00e9pargne<\/h4><\/a><\/div><\/div><div class=\"w-separator type_default size_small thick_1 style_solid color_border cont_none\"><span class=\"w-separator-h\"><\/span><\/div><div class=\"w-iconbox iconpos_left style_default color_primary no_text icontype_img\"><a class=\"w-iconbox-link\" href=\"http:\/\/rothgygax.ch\/fr\/produits\/depot-de-titres\/\"><div class=\"w-iconbox-icon\"><img loading=\"lazy\" decoding=\"async\" src=\"https:\/\/www.rothgygax.ch\/wp-content\/uploads\/2017\/04\/Wertschriftendepot.png\" width=\"583\" height=\"583\" alt=\"D\u00e9p\u00f4t de titres\"><\/div><\/a><div class=\"w-iconbox-meta\"><a class=\"w-iconbox-link\" href=\"http:\/\/rothgygax.ch\/fr\/produits\/depot-de-titres\/\"><h4 class=\"w-iconbox-title\">D\u00e9p\u00f4t de titres<\/h4><\/a><\/div><\/div><div class=\"w-separator type_default size_small thick_1 style_solid color_border cont_none\"><span class=\"w-separator-h\"><\/span><\/div><div class=\"w-iconbox iconpos_left style_default color_primary no_text icontype_img\"><a class=\"w-iconbox-link\" href=\"http:\/\/rothgygax.ch\/fr\/produits\/planification-financiere\/\"><div class=\"w-iconbox-icon\"><img loading=\"lazy\" decoding=\"async\" src=\"https:\/\/www.rothgygax.ch\/wp-content\/uploads\/2017\/04\/Finanzplanung.png\" width=\"583\" height=\"583\" alt=\"Planificatoin financi\u00e8re\"><\/div><\/a><div class=\"w-iconbox-meta\"><a class=\"w-iconbox-link\" href=\"http:\/\/rothgygax.ch\/fr\/produits\/planification-financiere\/\"><h4 class=\"w-iconbox-title\">Planificatoin financi\u00e8re<\/h4><\/a><\/div><\/div><div class=\"w-separator type_default size_small thick_1 style_solid color_border cont_none\"><span class=\"w-separator-h\"><\/span><\/div><div class=\"w-iconbox iconpos_left style_default color_primary no_text icontype_img\"><a class=\"w-iconbox-link\" href=\"http:\/\/rothgygax.ch\/fr\/produits\/responsabilite\/\"><div class=\"w-iconbox-icon\"><img loading=\"lazy\" decoding=\"async\" src=\"https:\/\/www.rothgygax.ch\/wp-content\/uploads\/2017\/04\/Berufshaftpflicht.png\" width=\"583\" height=\"583\" alt=\"R\u00e9sponsabilit\u00e9 civile prof.\"><\/div><\/a><div class=\"w-iconbox-meta\"><a class=\"w-iconbox-link\" href=\"http:\/\/rothgygax.ch\/fr\/produits\/responsabilite\/\"><h4 class=\"w-iconbox-title\">R\u00e9sponsabilit\u00e9 civile prof.<\/h4><\/a><\/div><\/div><div class=\"w-separator type_default size_small thick_1 style_solid color_border cont_none\"><span class=\"w-separator-h\"><\/span><\/div><\/div><\/div><\/div><\/div><\/div><\/section><section class=\"l-section wpb_row height_medium color_primary\" style=\"margin-top: 0px !important;margin-bottom: 0px !important;\"><div class=\"l-section-h i-cf\"><div class=\"g-cols type_default valign_top\"><div class=\"vc_col-sm-12 wpb_column vc_column_container\"><div class=\"vc_column-inner\"><div class=\"wpb_wrapper\"><div class=\"w-actionbox color_primary controls_right\"><div class=\"w-actionbox-text\"><h2 style=\"font-size:h3\">Contactez-nous, nous vous conseillerons avec plaisir.<\/h2><\/div><div class=\"w-actionbox-controls\"><a class=\"w-btn color_white style_solid icon_none\" href=\"http:\/\/www.rothgygax.ch\/fr\/contact\/\" style=\"font-size:20px;\"><span class=\"w-btn-label\">Contact<\/span><\/a><\/div><\/div><\/div><\/div><\/div><\/div><\/div><\/section>\n","protected":false},"excerpt":{"rendered":"Dentistes Nous contacter au: 031 959 35 50 Prestations financi\u00e8res pour dentistes Roth Gygax &amp; Partner AG soutient les m\u00e9decins-dentistes avec ses conseils globaux et neutres en mati\u00e8re de pr\u00e9voyance,...","protected":false},"author":3,"featured_media":0,"parent":0,"menu_order":0,"comment_status":"closed","ping_status":"closed","template":"","meta":{"_acf_changed":false,"footnotes":""},"class_list":["post-6542","page","type-page","status-publish","hentry"],"acf":[],"yoast_head":"<!-- This site is optimized with the Yoast SEO Premium plugin v27.3 (Yoast SEO v27.3) - https:\/\/yoast.com\/product\/yoast-seo-premium-wordpress\/ -->\n<title>Dentistes - rothgygax<\/title>\n<meta name=\"robots\" content=\"index, follow, max-snippet:-1, max-image-preview:large, max-video-preview:-1\" \/>\n<link rel=\"canonical\" href=\"https:\/\/www.rothgygax.ch\/fr\/dentistes\/\" \/>\n<meta property=\"og:locale\" content=\"fr_FR\" \/>\n<meta property=\"og:type\" content=\"article\" \/>\n<meta property=\"og:title\" content=\"Dentistes\" \/>\n<meta property=\"og:url\" content=\"https:\/\/www.rothgygax.ch\/fr\/dentistes\/\" \/>\n<meta property=\"og:site_name\" content=\"rothgygax\" \/>\n<meta property=\"article:modified_time\" content=\"2021-04-06T09:01:58+00:00\" \/>\n<meta name=\"twitter:card\" content=\"summary_large_image\" \/>\n<meta name=\"twitter:label1\" content=\"Dur\u00e9e de lecture estim\u00e9e\" \/>\n\t<meta name=\"twitter:data1\" content=\"2 minutes\" \/>\n<script type=\"application\/ld+json\" class=\"yoast-schema-graph\">{\"@context\":\"https:\\\/\\\/schema.org\",\"@graph\":[{\"@type\":\"WebPage\",\"@id\":\"https:\\\/\\\/www.rothgygax.ch\\\/fr\\\/dentistes\\\/\",\"url\":\"https:\\\/\\\/www.rothgygax.ch\\\/fr\\\/dentistes\\\/\",\"name\":\"Dentistes - rothgygax\",\"isPartOf\":{\"@id\":\"https:\\\/\\\/www.rothgygax.ch\\\/fr\\\/#website\"},\"datePublished\":\"2017-06-21T12:21:00+00:00\",\"dateModified\":\"2021-04-06T09:01:58+00:00\",\"breadcrumb\":{\"@id\":\"https:\\\/\\\/www.rothgygax.ch\\\/fr\\\/dentistes\\\/#breadcrumb\"},\"inLanguage\":\"fr-FR\",\"potentialAction\":[{\"@type\":\"ReadAction\",\"target\":[\"https:\\\/\\\/www.rothgygax.ch\\\/fr\\\/dentistes\\\/\"]}]},{\"@type\":\"BreadcrumbList\",\"@id\":\"https:\\\/\\\/www.rothgygax.ch\\\/fr\\\/dentistes\\\/#breadcrumb\",\"itemListElement\":[{\"@type\":\"ListItem\",\"position\":1,\"name\":\"Startseite\",\"item\":\"https:\\\/\\\/www.rothgygax.ch\\\/fr\\\/\"},{\"@type\":\"ListItem\",\"position\":2,\"name\":\"Dentistes\"}]},{\"@type\":\"WebSite\",\"@id\":\"https:\\\/\\\/www.rothgygax.ch\\\/fr\\\/#website\",\"url\":\"https:\\\/\\\/www.rothgygax.ch\\\/fr\\\/\",\"name\":\"rothgygax\",\"description\":\"Just another WordPress site\",\"potentialAction\":[{\"@type\":\"SearchAction\",\"target\":{\"@type\":\"EntryPoint\",\"urlTemplate\":\"https:\\\/\\\/www.rothgygax.ch\\\/fr\\\/?s={search_term_string}\"},\"query-input\":{\"@type\":\"PropertyValueSpecification\",\"valueRequired\":true,\"valueName\":\"search_term_string\"}}],\"inLanguage\":\"fr-FR\"}]}<\/script>\n<!-- \/ Yoast SEO Premium plugin. -->","yoast_head_json":{"title":"Dentistes - rothgygax","robots":{"index":"index","follow":"follow","max-snippet":"max-snippet:-1","max-image-preview":"max-image-preview:large","max-video-preview":"max-video-preview:-1"},"canonical":"https:\/\/www.rothgygax.ch\/fr\/dentistes\/","og_locale":"fr_FR","og_type":"article","og_title":"Dentistes","og_url":"https:\/\/www.rothgygax.ch\/fr\/dentistes\/","og_site_name":"rothgygax","article_modified_time":"2021-04-06T09:01:58+00:00","twitter_card":"summary_large_image","twitter_misc":{"Dur\u00e9e de lecture estim\u00e9e":"2 minutes"},"schema":{"@context":"https:\/\/schema.org","@graph":[{"@type":"WebPage","@id":"https:\/\/www.rothgygax.ch\/fr\/dentistes\/","url":"https:\/\/www.rothgygax.ch\/fr\/dentistes\/","name":"Dentistes - rothgygax","isPartOf":{"@id":"https:\/\/www.rothgygax.ch\/fr\/#website"},"datePublished":"2017-06-21T12:21:00+00:00","dateModified":"2021-04-06T09:01:58+00:00","breadcrumb":{"@id":"https:\/\/www.rothgygax.ch\/fr\/dentistes\/#breadcrumb"},"inLanguage":"fr-FR","potentialAction":[{"@type":"ReadAction","target":["https:\/\/www.rothgygax.ch\/fr\/dentistes\/"]}]},{"@type":"BreadcrumbList","@id":"https:\/\/www.rothgygax.ch\/fr\/dentistes\/#breadcrumb","itemListElement":[{"@type":"ListItem","position":1,"name":"Startseite","item":"https:\/\/www.rothgygax.ch\/fr\/"},{"@type":"ListItem","position":2,"name":"Dentistes"}]},{"@type":"WebSite","@id":"https:\/\/www.rothgygax.ch\/fr\/#website","url":"https:\/\/www.rothgygax.ch\/fr\/","name":"rothgygax","description":"Just another WordPress site","potentialAction":[{"@type":"SearchAction","target":{"@type":"EntryPoint","urlTemplate":"https:\/\/www.rothgygax.ch\/fr\/?s={search_term_string}"},"query-input":{"@type":"PropertyValueSpecification","valueRequired":true,"valueName":"search_term_string"}}],"inLanguage":"fr-FR"}]}},"_links":{"self":[{"href":"https:\/\/www.rothgygax.ch\/fr\/wp-json\/wp\/v2\/pages\/6542","targetHints":{"allow":["GET"]}}],"collection":[{"href":"https:\/\/www.rothgygax.ch\/fr\/wp-json\/wp\/v2\/pages"}],"about":[{"href":"https:\/\/www.rothgygax.ch\/fr\/wp-json\/wp\/v2\/types\/page"}],"author":[{"embeddable":true,"href":"https:\/\/www.rothgygax.ch\/fr\/wp-json\/wp\/v2\/users\/3"}],"replies":[{"embeddable":true,"href":"https:\/\/www.rothgygax.ch\/fr\/wp-json\/wp\/v2\/comments?post=6542"}],"version-history":[{"count":16,"href":"https:\/\/www.rothgygax.ch\/fr\/wp-json\/wp\/v2\/pages\/6542\/revisions"}],"predecessor-version":[{"id":9316,"href":"https:\/\/www.rothgygax.ch\/fr\/wp-json\/wp\/v2\/pages\/6542\/revisions\/9316"}],"wp:attachment":[{"href":"https:\/\/www.rothgygax.ch\/fr\/wp-json\/wp\/v2\/media?parent=6542"}],"curies":[{"name":"wp","href":"https:\/\/api.w.org\/{rel}","templated":true}]}}