{"id":6540,"date":"2017-06-21T12:23:54","date_gmt":"2017-06-21T12:23:54","guid":{"rendered":"http:\/\/rothgygax.ch\/?page_id=6540\/"},"modified":"2017-09-25T09:24:42","modified_gmt":"2017-09-25T09:24:42","slug":"entrepreneurs","status":"publish","type":"page","link":"https:\/\/www.rothgygax.ch\/fr\/entrepreneurs\/","title":{"rendered":"Entrepreneurs"},"content":{"rendered":"<section class=\"l-section wpb_row height_medium\" style=\"margin-bottom: -30px !important;\"><div class=\"l-section-h i-cf\"><div class=\"g-cols type_default valign_top\"><div class=\"vc_col-sm-9 wpb_column vc_column_container\"><div class=\"vc_column-inner  vc_custom_1503315981596\"><div class=\"wpb_wrapper\"><div class=\"w-iconbox iconpos_left style_default color_primary no_text font-weight: 700\"><div class=\"w-iconbox-icon\" style=\"font-size:0px;\"><i class=\"fa fa-star\"><\/i><\/div><div class=\"w-iconbox-meta\"><h1 class=\"w-iconbox-title\" style=\"font-size:50px\">Entrepreneurs<\/h1><\/div><\/div><\/div><\/div><\/div><div class=\"vc_col-sm-3 wpb_column vc_column_container has-fill\"><div class=\"vc_column-inner  vc_custom_1503317955718 color_custom\" style=\"color:#ffffff;\"><div class=\"wpb_wrapper\">\r\n\t<div class=\"wpb_text_column  vc_custom_1506331177036 w-actionbox-text\">\r\n\t\t<div class=\"wpb_wrapper\">\r\n\t\t\t<h5 style=\"text-align: left;\">Nous contacter au:<\/h5>\n\r\n\t\t<\/div>\r\n\t<\/div>\r\n\r\n\t<div class=\"wpb_text_column  link2\">\r\n\t\t<div class=\"wpb_wrapper\">\r\n\t\t\t<h3 style=\"text-align: left;\"><span style=\"color: #f1f1f1;\">031 959 35 50<\/span><\/h3>\n\r\n\t\t<\/div>\r\n\t<\/div>\r\n<\/div><\/div><\/div><\/div><\/div><\/section><section class=\"l-section wpb_row height_medium\"><div class=\"l-section-h i-cf\"><div class=\"g-cols type_default valign_top\"><div class=\"vc_col-sm-12 wpb_column vc_column_container\"><div class=\"vc_column-inner\"><div class=\"wpb_wrapper\">\r\n\t<div class=\"wpb_text_column \">\r\n\t\t<div class=\"wpb_wrapper\">\r\n\t\t\t<h2>Conseils en pr\u00e9voyance et fortune pour entrepreneurs<\/h2>\n<p>La Suisse est un pays comptant de nombreux entrepreneur(e)s \u00e0 succ\u00e8s. La direction et l&rsquo;avenir de l&rsquo;entreprise sont souvent mis en avant au d\u00e9triment de la pr\u00e9voyance personnelle. Nous nous ferons un plaisir de vous conseiller en d\u00e9tail et de mani\u00e8re neutre dans le domaine de la pr\u00e9voyance et de la fortune. Gr\u00e2ce \u00e0 des concepts de conseil sophistiqu\u00e9s nous vous aidons \u00e0 planifier votre constitution de capital et couverture de pr\u00e9voyance et celles de votre famille. Nous vous montrons comment vous pouvez atteindre au mieux vos objectifs financiers dans une planification financi\u00e8re et de retraite. Notre offre comprend ce qui suit:<\/p>\n\r\n\t\t<\/div>\r\n\t<\/div>\r\n<\/div><\/div><\/div><\/div><\/div><\/section><section class=\"l-section wpb_row height_medium\" style=\"margin-top: -30px !important;margin-bottom: -10px !important;\"><div class=\"l-section-h i-cf\"><div class=\"g-cols type_default valign_top\"><div class=\"vc_col-sm-6 wpb_column vc_column_container\"><div class=\"vc_column-inner\"><div class=\"wpb_wrapper\">\r\n\t<div class=\"wpb_text_column \">\r\n\t\t<div class=\"wpb_wrapper\">\r\n\t\t\t<ul>\n<li><strong>Analyse de pr\u00e9voyance et couverture des risques de d\u00e9c\u00e8s et assurance contre une incapacit\u00e9 de travail<\/strong><\/li>\n<li><strong>Planification financi\u00e8re et de retraite<\/strong><\/li>\n<li><strong>Solutions de pr\u00e9voyance<\/strong><\/li>\n<li><strong>Placements de capital<\/strong><\/li>\n<li><strong>Hypoth\u00e8ques et cr\u00e9dits<\/strong><\/li>\n<\/ul>\n<p>Souhaitez-vous en apprendre plus sur notre prestation de service? N&rsquo;h\u00e9sitez pas \u00e0 nous contacter afin que nous puissions vous pr\u00e9senter plus en d\u00e9tail notre offre au cours d&rsquo;un entretien sans engagement.<\/p>\n\r\n\t\t<\/div>\r\n\t<\/div>\r\n<\/div><\/div><\/div><div class=\"vc_col-sm-6 wpb_column vc_column_container\"><div class=\"vc_column-inner\"><div class=\"wpb_wrapper\"><div class=\"w-image\"><div class=\"us-frame\"><img loading=\"lazy\" decoding=\"async\" width=\"1600\" height=\"1267\" src=\"https:\/\/www.rothgygax.ch\/wp-content\/uploads\/2017\/09\/Unternehmen.jpg\" class=\"attachment-full size-full\" alt=\"\" srcset=\"https:\/\/www.rothgygax.ch\/wp-content\/uploads\/2017\/09\/Unternehmen.jpg 1600w, https:\/\/www.rothgygax.ch\/wp-content\/uploads\/2017\/09\/Unternehmen-300x238.jpg 300w, https:\/\/www.rothgygax.ch\/wp-content\/uploads\/2017\/09\/Unternehmen-768x608.jpg 768w, https:\/\/www.rothgygax.ch\/wp-content\/uploads\/2017\/09\/Unternehmen-1024x811.jpg 1024w, https:\/\/www.rothgygax.ch\/wp-content\/uploads\/2017\/09\/Unternehmen-600x475.jpg 600w\" sizes=\"auto, (max-width: 1600px) 100vw, 1600px\" \/><\/div><\/div><\/div><\/div><\/div><\/div><\/div><\/section><section class=\"l-section wpb_row height_medium\"><div class=\"l-section-h i-cf\"><div class=\"g-cols type_default valign_top\"><div class=\"vc_col-sm-12 wpb_column vc_column_container\"><div class=\"vc_column-inner\"><div class=\"wpb_wrapper\">\r\n\t<div class=\"wpb_text_column \">\r\n\t\t<div class=\"wpb_wrapper\">\r\n\t\t\t<h2>Solutions pour entrepreneurs<\/h2>\n\r\n\t\t<\/div>\r\n\t<\/div>\r\n<\/div><\/div><\/div><\/div><\/div><\/section><section class=\"l-section wpb_row height_medium\"><div class=\"l-section-h i-cf\"><div class=\"g-cols type_default valign_top\"><div class=\"vc_col-sm-4 wpb_column vc_column_container\"><div class=\"vc_column-inner\"><div class=\"wpb_wrapper\"><div class=\"w-iconbox iconpos_left style_default color_primary no_text icontype_img\"><a class=\"w-iconbox-link\" href=\"http:\/\/rothgygax.ch\/fr\/produits\/assurance-vie\/\"><div class=\"w-iconbox-icon\"><img loading=\"lazy\" decoding=\"async\" src=\"https:\/\/www.rothgygax.ch\/wp-content\/uploads\/2017\/04\/Lebensversicherung.png\" width=\"583\" height=\"583\" alt=\"Assurance vie\"><\/div><\/a><div class=\"w-iconbox-meta\"><a class=\"w-iconbox-link\" href=\"http:\/\/rothgygax.ch\/fr\/produits\/assurance-vie\/\"><h4 class=\"w-iconbox-title\">Assurance vie<\/h4><\/a><\/div><\/div><div class=\"w-separator type_default size_small thick_1 style_solid color_border cont_none\"><span class=\"w-separator-h\"><\/span><\/div><div class=\"w-iconbox iconpos_left style_default color_primary no_text icontype_img\"><a class=\"w-iconbox-link\" href=\"http:\/\/rothgygax.ch\/fr\/produits\/credits\/\"><div class=\"w-iconbox-icon\"><img loading=\"lazy\" decoding=\"async\" src=\"https:\/\/www.rothgygax.ch\/wp-content\/uploads\/2017\/04\/Kredite.png\" width=\"583\" height=\"583\" alt=\"Cr\u00e9dits\"><\/div><\/a><div class=\"w-iconbox-meta\"><a class=\"w-iconbox-link\" href=\"http:\/\/rothgygax.ch\/fr\/produits\/credits\/\"><h4 class=\"w-iconbox-title\">Cr\u00e9dits<\/h4><\/a><\/div><\/div><div class=\"w-separator type_default size_small thick_1 style_solid color_border cont_none\"><span class=\"w-separator-h\"><\/span><\/div><div class=\"w-iconbox iconpos_left style_default color_primary no_text icontype_img\"><a class=\"w-iconbox-link\" href=\"http:\/\/rothgygax.ch\/fr\/produits\/planification-financiere\/\"><div class=\"w-iconbox-icon\"><img loading=\"lazy\" decoding=\"async\" src=\"https:\/\/www.rothgygax.ch\/wp-content\/uploads\/2017\/04\/Finanzplanung.png\" width=\"583\" height=\"583\" alt=\"Planificatoin financi\u00e8re\"><\/div><\/a><div class=\"w-iconbox-meta\"><a class=\"w-iconbox-link\" href=\"http:\/\/rothgygax.ch\/fr\/produits\/planification-financiere\/\"><h4 class=\"w-iconbox-title\">Planificatoin financi\u00e8re<\/h4><\/a><\/div><\/div><div class=\"w-separator type_default size_small thick_1 style_solid color_border cont_none\"><span class=\"w-separator-h\"><\/span><\/div><\/div><\/div><\/div><div class=\"vc_col-sm-4 wpb_column vc_column_container\"><div class=\"vc_column-inner\"><div class=\"wpb_wrapper\"><div class=\"w-iconbox iconpos_left style_default color_primary no_text icontype_img\"><a class=\"w-iconbox-link\" href=\"http:\/\/rothgygax.ch\/fr\/produits\/caisse-maladie\/\"><div class=\"w-iconbox-icon\"><img loading=\"lazy\" decoding=\"async\" src=\"https:\/\/www.rothgygax.ch\/wp-content\/uploads\/2017\/04\/Krankenkasse.png\" width=\"583\" height=\"583\" alt=\"Caisse maladie\"><\/div><\/a><div class=\"w-iconbox-meta\"><a class=\"w-iconbox-link\" href=\"http:\/\/rothgygax.ch\/fr\/produits\/caisse-maladie\/\"><h4 class=\"w-iconbox-title\">Caisse maladie<\/h4><\/a><\/div><\/div><div class=\"w-separator type_default size_small thick_1 style_solid color_border cont_none\"><span class=\"w-separator-h\"><\/span><\/div><div class=\"w-iconbox iconpos_left style_default color_primary no_text icontype_img\"><a class=\"w-iconbox-link\" href=\"http:\/\/rothgygax.ch\/fr\/produits\/depot-de-titres\/\"><div class=\"w-iconbox-icon\"><img loading=\"lazy\" decoding=\"async\" src=\"https:\/\/www.rothgygax.ch\/wp-content\/uploads\/2017\/04\/Wertschriftendepot.png\" width=\"583\" height=\"583\" alt=\"D\u00e9p\u00f4t de titres\"><\/div><\/a><div class=\"w-iconbox-meta\"><a class=\"w-iconbox-link\" href=\"http:\/\/rothgygax.ch\/fr\/produits\/depot-de-titres\/\"><h4 class=\"w-iconbox-title\">D\u00e9p\u00f4t de titres<\/h4><\/a><\/div><\/div><div class=\"w-separator type_default size_small thick_1 style_solid color_border cont_none\"><span class=\"w-separator-h\"><\/span><\/div><div class=\"w-iconbox iconpos_left style_default color_primary no_text icontype_img\"><a class=\"w-iconbox-link\" href=\"http:\/\/rothgygax.ch\/fr\/produits\/prevoyance-professionnelle-lpp\/\"><div class=\"w-iconbox-icon\"><img loading=\"lazy\" decoding=\"async\" src=\"https:\/\/www.rothgygax.ch\/wp-content\/uploads\/2017\/04\/Berufliche-Vorsorge-BVG.png\" width=\"583\" height=\"583\" alt=\"Pr\u00e9voyance prof. LPP\"><\/div><\/a><div class=\"w-iconbox-meta\"><a class=\"w-iconbox-link\" href=\"http:\/\/rothgygax.ch\/fr\/produits\/prevoyance-professionnelle-lpp\/\"><h4 class=\"w-iconbox-title\">Pr\u00e9voyance prof. LPP<\/h4><\/a><\/div><\/div><div class=\"w-separator type_default size_small thick_1 style_solid color_border cont_none\"><span class=\"w-separator-h\"><\/span><\/div><\/div><\/div><\/div><div class=\"vc_col-sm-4 wpb_column vc_column_container\"><div class=\"vc_column-inner\"><div class=\"wpb_wrapper\"><div class=\"w-iconbox iconpos_left style_default color_primary no_text icontype_img\"><a class=\"w-iconbox-link\" href=\"http:\/\/rothgygax.ch\/fr\/produits\/compte-depargne\/\"><div class=\"w-iconbox-icon\"><img loading=\"lazy\" decoding=\"async\" src=\"https:\/\/www.rothgygax.ch\/wp-content\/uploads\/2017\/04\/Sparkonto.png\" width=\"583\" height=\"583\" alt=\"Compte d'\u00e9pargne\"><\/div><\/a><div class=\"w-iconbox-meta\"><a class=\"w-iconbox-link\" href=\"http:\/\/rothgygax.ch\/fr\/produits\/compte-depargne\/\"><h4 class=\"w-iconbox-title\">Compte d'\u00e9pargne<\/h4><\/a><\/div><\/div><div class=\"w-separator type_default size_small thick_1 style_solid color_border cont_none\"><span class=\"w-separator-h\"><\/span><\/div><div class=\"w-iconbox iconpos_left style_default color_primary no_text icontype_img\"><a class=\"w-iconbox-link\" href=\"http:\/\/rothgygax.ch\/fr\/produits\/planification-de-la-retraite\/\"><div class=\"w-iconbox-icon\"><img loading=\"lazy\" decoding=\"async\" src=\"https:\/\/www.rothgygax.ch\/wp-content\/uploads\/2017\/04\/Pensionsplanung.png\" width=\"583\" height=\"583\" alt=\"Planification de la retraite\"><\/div><\/a><div class=\"w-iconbox-meta\"><a class=\"w-iconbox-link\" href=\"http:\/\/rothgygax.ch\/fr\/produits\/planification-de-la-retraite\/\"><h4 class=\"w-iconbox-title\">Planification de la retraite<\/h4><\/a><\/div><\/div><div class=\"w-separator type_default size_small thick_1 style_solid color_border cont_none\"><span class=\"w-separator-h\"><\/span><\/div><\/div><\/div><\/div><\/div><\/div><\/section><section class=\"l-section wpb_row height_medium color_primary\" style=\"margin-top: 0px !important;margin-bottom: 0px !important;\"><div class=\"l-section-h i-cf\"><div class=\"g-cols type_default valign_top\"><div class=\"vc_col-sm-12 wpb_column vc_column_container\"><div class=\"vc_column-inner\"><div class=\"wpb_wrapper\"><div class=\"w-actionbox color_primary controls_right\"><div class=\"w-actionbox-text\"><h2 style=\"font-size:h3\">Contactez-nous, nous vous conseillerons avec plaisir.<\/h2><\/div><div class=\"w-actionbox-controls\"><a class=\"w-btn color_white style_solid icon_none\" href=\"http:\/\/www.rothgygax.ch\/fr\/contact\/\" style=\"font-size:20px;\"><span class=\"w-btn-label\">Contact<\/span><\/a><\/div><\/div><\/div><\/div><\/div><\/div><\/div><\/section>\n","protected":false},"excerpt":{"rendered":"Entrepreneurs Nous contacter au: 031 959 35 50 Conseils en pr\u00e9voyance et fortune pour entrepreneurs La Suisse est un pays comptant de nombreux entrepreneur(e)s \u00e0 succ\u00e8s. La direction et l'avenir...","protected":false},"author":3,"featured_media":0,"parent":0,"menu_order":0,"comment_status":"closed","ping_status":"closed","template":"","meta":{"_acf_changed":false,"footnotes":""},"class_list":["post-6540","page","type-page","status-publish","hentry"],"acf":[],"yoast_head":"<!-- This site is optimized with the Yoast SEO Premium plugin v27.3 (Yoast SEO v27.3) - https:\/\/yoast.com\/product\/yoast-seo-premium-wordpress\/ -->\n<title>Entrepreneurs - rothgygax<\/title>\n<meta name=\"robots\" content=\"index, follow, max-snippet:-1, max-image-preview:large, max-video-preview:-1\" \/>\n<link rel=\"canonical\" href=\"https:\/\/www.rothgygax.ch\/fr\/entrepreneurs\/\" \/>\n<meta property=\"og:locale\" content=\"fr_FR\" \/>\n<meta property=\"og:type\" content=\"article\" \/>\n<meta property=\"og:title\" content=\"Entrepreneurs\" \/>\n<meta property=\"og:url\" content=\"https:\/\/www.rothgygax.ch\/fr\/entrepreneurs\/\" \/>\n<meta property=\"og:site_name\" content=\"rothgygax\" \/>\n<meta property=\"article:modified_time\" content=\"2017-09-25T09:24:42+00:00\" \/>\n<meta name=\"twitter:card\" content=\"summary_large_image\" \/>\n<meta name=\"twitter:label1\" content=\"Dur\u00e9e de lecture estim\u00e9e\" \/>\n\t<meta name=\"twitter:data1\" content=\"3 minutes\" \/>\n<script type=\"application\/ld+json\" class=\"yoast-schema-graph\">{\"@context\":\"https:\\\/\\\/schema.org\",\"@graph\":[{\"@type\":\"WebPage\",\"@id\":\"https:\\\/\\\/www.rothgygax.ch\\\/fr\\\/entrepreneurs\\\/\",\"url\":\"https:\\\/\\\/www.rothgygax.ch\\\/fr\\\/entrepreneurs\\\/\",\"name\":\"Entrepreneurs - rothgygax\",\"isPartOf\":{\"@id\":\"https:\\\/\\\/www.rothgygax.ch\\\/fr\\\/#website\"},\"datePublished\":\"2017-06-21T12:23:54+00:00\",\"dateModified\":\"2017-09-25T09:24:42+00:00\",\"breadcrumb\":{\"@id\":\"https:\\\/\\\/www.rothgygax.ch\\\/fr\\\/entrepreneurs\\\/#breadcrumb\"},\"inLanguage\":\"fr-FR\",\"potentialAction\":[{\"@type\":\"ReadAction\",\"target\":[\"https:\\\/\\\/www.rothgygax.ch\\\/fr\\\/entrepreneurs\\\/\"]}]},{\"@type\":\"BreadcrumbList\",\"@id\":\"https:\\\/\\\/www.rothgygax.ch\\\/fr\\\/entrepreneurs\\\/#breadcrumb\",\"itemListElement\":[{\"@type\":\"ListItem\",\"position\":1,\"name\":\"Startseite\",\"item\":\"https:\\\/\\\/www.rothgygax.ch\\\/fr\\\/\"},{\"@type\":\"ListItem\",\"position\":2,\"name\":\"Entrepreneurs\"}]},{\"@type\":\"WebSite\",\"@id\":\"https:\\\/\\\/www.rothgygax.ch\\\/fr\\\/#website\",\"url\":\"https:\\\/\\\/www.rothgygax.ch\\\/fr\\\/\",\"name\":\"rothgygax\",\"description\":\"Just another WordPress site\",\"potentialAction\":[{\"@type\":\"SearchAction\",\"target\":{\"@type\":\"EntryPoint\",\"urlTemplate\":\"https:\\\/\\\/www.rothgygax.ch\\\/fr\\\/?s={search_term_string}\"},\"query-input\":{\"@type\":\"PropertyValueSpecification\",\"valueRequired\":true,\"valueName\":\"search_term_string\"}}],\"inLanguage\":\"fr-FR\"}]}<\/script>\n<!-- \/ Yoast SEO Premium plugin. -->","yoast_head_json":{"title":"Entrepreneurs - rothgygax","robots":{"index":"index","follow":"follow","max-snippet":"max-snippet:-1","max-image-preview":"max-image-preview:large","max-video-preview":"max-video-preview:-1"},"canonical":"https:\/\/www.rothgygax.ch\/fr\/entrepreneurs\/","og_locale":"fr_FR","og_type":"article","og_title":"Entrepreneurs","og_url":"https:\/\/www.rothgygax.ch\/fr\/entrepreneurs\/","og_site_name":"rothgygax","article_modified_time":"2017-09-25T09:24:42+00:00","twitter_card":"summary_large_image","twitter_misc":{"Dur\u00e9e de lecture estim\u00e9e":"3 minutes"},"schema":{"@context":"https:\/\/schema.org","@graph":[{"@type":"WebPage","@id":"https:\/\/www.rothgygax.ch\/fr\/entrepreneurs\/","url":"https:\/\/www.rothgygax.ch\/fr\/entrepreneurs\/","name":"Entrepreneurs - rothgygax","isPartOf":{"@id":"https:\/\/www.rothgygax.ch\/fr\/#website"},"datePublished":"2017-06-21T12:23:54+00:00","dateModified":"2017-09-25T09:24:42+00:00","breadcrumb":{"@id":"https:\/\/www.rothgygax.ch\/fr\/entrepreneurs\/#breadcrumb"},"inLanguage":"fr-FR","potentialAction":[{"@type":"ReadAction","target":["https:\/\/www.rothgygax.ch\/fr\/entrepreneurs\/"]}]},{"@type":"BreadcrumbList","@id":"https:\/\/www.rothgygax.ch\/fr\/entrepreneurs\/#breadcrumb","itemListElement":[{"@type":"ListItem","position":1,"name":"Startseite","item":"https:\/\/www.rothgygax.ch\/fr\/"},{"@type":"ListItem","position":2,"name":"Entrepreneurs"}]},{"@type":"WebSite","@id":"https:\/\/www.rothgygax.ch\/fr\/#website","url":"https:\/\/www.rothgygax.ch\/fr\/","name":"rothgygax","description":"Just another WordPress site","potentialAction":[{"@type":"SearchAction","target":{"@type":"EntryPoint","urlTemplate":"https:\/\/www.rothgygax.ch\/fr\/?s={search_term_string}"},"query-input":{"@type":"PropertyValueSpecification","valueRequired":true,"valueName":"search_term_string"}}],"inLanguage":"fr-FR"}]}},"_links":{"self":[{"href":"https:\/\/www.rothgygax.ch\/fr\/wp-json\/wp\/v2\/pages\/6540","targetHints":{"allow":["GET"]}}],"collection":[{"href":"https:\/\/www.rothgygax.ch\/fr\/wp-json\/wp\/v2\/pages"}],"about":[{"href":"https:\/\/www.rothgygax.ch\/fr\/wp-json\/wp\/v2\/types\/page"}],"author":[{"embeddable":true,"href":"https:\/\/www.rothgygax.ch\/fr\/wp-json\/wp\/v2\/users\/3"}],"replies":[{"embeddable":true,"href":"https:\/\/www.rothgygax.ch\/fr\/wp-json\/wp\/v2\/comments?post=6540"}],"version-history":[{"count":11,"href":"https:\/\/www.rothgygax.ch\/fr\/wp-json\/wp\/v2\/pages\/6540\/revisions"}],"predecessor-version":[{"id":7409,"href":"https:\/\/www.rothgygax.ch\/fr\/wp-json\/wp\/v2\/pages\/6540\/revisions\/7409"}],"wp:attachment":[{"href":"https:\/\/www.rothgygax.ch\/fr\/wp-json\/wp\/v2\/media?parent=6540"}],"curies":[{"name":"wp","href":"https:\/\/api.w.org\/{rel}","templated":true}]}}