{"id":6534,"date":"2017-06-21T13:38:43","date_gmt":"2017-06-21T13:38:43","guid":{"rendered":"http:\/\/rothgygax.ch\/?page_id=6534\/"},"modified":"2017-09-25T09:22:52","modified_gmt":"2017-09-25T09:22:52","slug":"publications-et-telechargements","status":"publish","type":"page","link":"https:\/\/www.rothgygax.ch\/fr\/publications-et-telechargements\/","title":{"rendered":"Publications et t\u00e9l\u00e9chargements"},"content":{"rendered":"<section class=\"l-section wpb_row height_medium\" style=\"margin-bottom: -30px !important;\"><div class=\"l-section-h i-cf\"><div class=\"g-cols type_default valign_top\"><div class=\"vc_col-sm-9 wpb_column vc_column_container\"><div class=\"vc_column-inner  vc_custom_1503315981596\"><div class=\"wpb_wrapper\"><div class=\"w-iconbox iconpos_left style_default color_primary no_text font-weight: 700\"><div class=\"w-iconbox-icon\" style=\"font-size:0px;\"><i class=\"fa fa-star\"><\/i><\/div><div class=\"w-iconbox-meta\"><h1 class=\"w-iconbox-title\" style=\"font-size:50px\">Publications et t\u00e9l\u00e9chargements<\/h1><\/div><\/div><\/div><\/div><\/div><div class=\"vc_col-sm-3 wpb_column vc_column_container has-fill\"><div class=\"vc_column-inner  vc_custom_1503317955718 color_custom\" style=\"color:#ffffff;\"><div class=\"wpb_wrapper\">\r\n\t<div class=\"wpb_text_column  vc_custom_1506331177036 w-actionbox-text\">\r\n\t\t<div class=\"wpb_wrapper\">\r\n\t\t\t<h5 style=\"text-align: left;\">Nous contacter au:<\/h5>\n\r\n\t\t<\/div>\r\n\t<\/div>\r\n\r\n\t<div class=\"wpb_text_column  link2\">\r\n\t\t<div class=\"wpb_wrapper\">\r\n\t\t\t<h3 style=\"text-align: left;\"><span style=\"color: #f1f1f1;\">031 959 35 50<\/span><\/h3>\n\r\n\t\t<\/div>\r\n\t<\/div>\r\n<\/div><\/div><\/div><\/div><\/div><\/section><section class=\"l-section wpb_row height_medium\"><div class=\"l-section-h i-cf\"><div class=\"g-cols type_default valign_top\"><div class=\"vc_col-sm-12 wpb_column vc_column_container\"><div class=\"vc_column-inner\"><div class=\"wpb_wrapper\">\r\n\t<div class=\"wpb_text_column \">\r\n\t\t<div class=\"wpb_wrapper\">\r\n\t\t\t<h3>SCALPEL &#8211; Magazine financier pour les m\u00e9decins et entrepreneurs<\/h3>\n\r\n\t\t<\/div>\r\n\t<\/div>\r\n<\/div><\/div><\/div><\/div><\/div><\/section><section class=\"l-section wpb_row height_medium\"><div class=\"l-section-h i-cf\"><div class=\"g-cols type_default valign_top\"><div class=\"vc_col-sm-3 wpb_column vc_column_container\"><div class=\"vc_column-inner\"><div class=\"wpb_wrapper\"><div class=\"w-image\"><div class=\"us-frame\"><a href=\"http:\/\/www.rothgygax.ch\/wp-content\/uploads\/2017\/08\/SKALPELL_sommer_17_fr.pdf\" title=\"\" target=\"_blank\" rel=\"\"><img loading=\"lazy\" decoding=\"async\" src=\"\/\/www.rothgygax.ch\/wp-content\/themes\/Impreza\/framework\/img\/us-placeholder-square.jpg\" width=\"500\" height=\"500\" alt=\"\"><\/a><\/div><\/div>\r\n\t<div class=\"wpb_text_column \">\r\n\t\t<div class=\"wpb_wrapper\">\r\n\t\t\t<p>\u00c9dition \u00e9t\u00e9 2017<\/p>\n\r\n\t\t<\/div>\r\n\t<\/div>\r\n<\/div><\/div><\/div><div class=\"vc_col-sm-3 wpb_column vc_column_container\"><div class=\"vc_column-inner\"><div class=\"wpb_wrapper\"><\/div><\/div><\/div><div class=\"vc_col-sm-3 wpb_column vc_column_container\"><div class=\"vc_column-inner\"><div class=\"wpb_wrapper\"><\/div><\/div><\/div><div class=\"vc_col-sm-3 wpb_column vc_column_container\"><div class=\"vc_column-inner\"><div class=\"wpb_wrapper\"><\/div><\/div><\/div><\/div><\/div><\/section><section class=\"l-section wpb_row height_medium\"><div class=\"l-section-h i-cf\"><div class=\"g-cols type_default valign_top\"><div class=\"vc_col-sm-12 wpb_column vc_column_container\"><div class=\"vc_column-inner\"><div class=\"wpb_wrapper\">\r\n\t<div class=\"wpb_text_column \">\r\n\t\t<div class=\"wpb_wrapper\">\r\n\t\t\t<h3>Finance-Newsletter<\/h3>\n\r\n\t\t<\/div>\r\n\t<\/div>\r\n<\/div><\/div><\/div><\/div><\/div><\/section><section class=\"l-section wpb_row height_medium\"><div class=\"l-section-h i-cf\"><div class=\"g-cols type_default valign_top\"><div class=\"vc_col-sm-3 wpb_column vc_column_container\"><div class=\"vc_column-inner\"><div class=\"wpb_wrapper\"><div class=\"w-image\"><div class=\"us-frame\"><a href=\"http:\/\/rothgygax.ch\/wp-content\/uploads\/2017\/06\/newsletter_2016_01_fr.pdf\" title=\"\" target=\"_blank\" rel=\"\"><img loading=\"lazy\" decoding=\"async\" src=\"\/\/www.rothgygax.ch\/wp-content\/themes\/Impreza\/framework\/img\/us-placeholder-square.jpg\" width=\"500\" height=\"500\" alt=\"\"><\/a><\/div><\/div>\r\n\t<div class=\"wpb_text_column \">\r\n\t\t<div class=\"wpb_wrapper\">\r\n\t\t\t<p>Finance-Newsletter 01-2016<\/p>\n\r\n\t\t<\/div>\r\n\t<\/div>\r\n<div class=\"w-separator type_default size_medium thick_1 style_solid color_border cont_none\"><span class=\"w-separator-h\"><\/span><\/div><div class=\"w-image\"><div class=\"us-frame\"><a href=\"http:\/\/rothgygax.ch\/wp-content\/uploads\/2017\/06\/newsletter_2014_01_fr.pdf\" title=\"\" target=\"_blank\" rel=\"\"><img loading=\"lazy\" decoding=\"async\" width=\"209\" height=\"300\" src=\"https:\/\/www.rothgygax.ch\/wp-content\/uploads\/2017\/08\/newsletter_2014_01_de_Seite_1-209x300.jpg\" class=\"attachment-medium size-medium\" alt=\"\" srcset=\"https:\/\/www.rothgygax.ch\/wp-content\/uploads\/2017\/08\/newsletter_2014_01_de_Seite_1-209x300.jpg 209w, https:\/\/www.rothgygax.ch\/wp-content\/uploads\/2017\/08\/newsletter_2014_01_de_Seite_1-768x1101.jpg 768w, https:\/\/www.rothgygax.ch\/wp-content\/uploads\/2017\/08\/newsletter_2014_01_de_Seite_1-714x1024.jpg 714w, https:\/\/www.rothgygax.ch\/wp-content\/uploads\/2017\/08\/newsletter_2014_01_de_Seite_1-600x860.jpg 600w, https:\/\/www.rothgygax.ch\/wp-content\/uploads\/2017\/08\/newsletter_2014_01_de_Seite_1.jpg 1199w\" sizes=\"auto, (max-width: 209px) 100vw, 209px\" \/><\/a><\/div><\/div>\r\n\t<div class=\"wpb_text_column \">\r\n\t\t<div class=\"wpb_wrapper\">\r\n\t\t\t<p>Finance-Newsletter 01-2014<\/p>\n\r\n\t\t<\/div>\r\n\t<\/div>\r\n<div class=\"w-separator type_default size_medium thick_1 style_solid color_border cont_none\"><span class=\"w-separator-h\"><\/span><\/div><div class=\"w-image\"><div class=\"us-frame\"><a href=\"http:\/\/rothgygax.ch\/wp-content\/uploads\/2017\/06\/newsletter_2012_01_fr.pdf\" title=\"\" target=\"_blank\" rel=\"\"><img loading=\"lazy\" decoding=\"async\" src=\"\/\/www.rothgygax.ch\/wp-content\/themes\/Impreza\/framework\/img\/us-placeholder-square.jpg\" width=\"500\" height=\"500\" alt=\"\"><\/a><\/div><\/div>\r\n\t<div class=\"wpb_text_column \">\r\n\t\t<div class=\"wpb_wrapper\">\r\n\t\t\t<p>Finance-Newsletter 01-2012<\/p>\n\r\n\t\t<\/div>\r\n\t<\/div>\r\n<div class=\"w-separator type_default size_medium thick_1 style_solid color_border cont_none\"><span class=\"w-separator-h\"><\/span><\/div><div class=\"w-image\"><div class=\"us-frame\"><a href=\"http:\/\/rothgygax.ch\/wp-content\/uploads\/2017\/06\/newsletter_2010_01_de.pdf\" title=\"\" target=\"_blank\" rel=\"\"><img loading=\"lazy\" decoding=\"async\" src=\"\/\/www.rothgygax.ch\/wp-content\/themes\/Impreza\/framework\/img\/us-placeholder-square.jpg\" width=\"500\" height=\"500\" alt=\"\"><\/a><\/div><\/div>\r\n\t<div class=\"wpb_text_column \">\r\n\t\t<div class=\"wpb_wrapper\">\r\n\t\t\t<p>Finance-Newsletter 01-2010<\/p>\n\r\n\t\t<\/div>\r\n\t<\/div>\r\n<\/div><\/div><\/div><div class=\"vc_col-sm-3 wpb_column vc_column_container\"><div class=\"vc_column-inner\"><div class=\"wpb_wrapper\"><div class=\"w-image\"><div class=\"us-frame\"><a href=\"http:\/\/www.rothgygax.ch\/wp-content\/uploads\/2017\/06\/newsletter_2015_02_fr.pdf\" title=\"\" target=\"_blank\" rel=\"\"><img loading=\"lazy\" decoding=\"async\" src=\"\/\/www.rothgygax.ch\/wp-content\/themes\/Impreza\/framework\/img\/us-placeholder-square.jpg\" width=\"500\" height=\"500\" alt=\"\"><\/a><\/div><\/div>\r\n\t<div class=\"wpb_text_column \">\r\n\t\t<div class=\"wpb_wrapper\">\r\n\t\t\t<p>Finance-Newsletter 02-2015<\/p>\n\r\n\t\t<\/div>\r\n\t<\/div>\r\n<div class=\"w-separator type_default size_medium thick_1 style_solid color_border cont_none\"><span class=\"w-separator-h\"><\/span><\/div><div class=\"w-image\"><div class=\"us-frame\"><a href=\"http:\/\/www.rothgygax.ch\/wp-content\/uploads\/2017\/06\/newsletter_2013_02_fr.pdf\" title=\"\" target=\"_blank\" rel=\"\"><img loading=\"lazy\" decoding=\"async\" src=\"\/\/www.rothgygax.ch\/wp-content\/themes\/Impreza\/framework\/img\/us-placeholder-square.jpg\" width=\"500\" height=\"500\" alt=\"\"><\/a><\/div><\/div>\r\n\t<div class=\"wpb_text_column \">\r\n\t\t<div class=\"wpb_wrapper\">\r\n\t\t\t<p>Finance-Newsletter 02-2013<\/p>\n\r\n\t\t<\/div>\r\n\t<\/div>\r\n<div class=\"w-separator type_default size_medium thick_1 style_solid color_border cont_none\"><span class=\"w-separator-h\"><\/span><\/div><div class=\"w-image\"><div class=\"us-frame\"><a href=\"http:\/\/www.rothgygax.ch\/wp-content\/uploads\/2017\/06\/newsletter_2011_02_fr.pdf\" title=\"\" target=\"_blank\" rel=\"\"><img loading=\"lazy\" decoding=\"async\" src=\"\/\/www.rothgygax.ch\/wp-content\/themes\/Impreza\/framework\/img\/us-placeholder-square.jpg\" width=\"500\" height=\"500\" alt=\"\"><\/a><\/div><\/div>\r\n\t<div class=\"wpb_text_column \">\r\n\t\t<div class=\"wpb_wrapper\">\r\n\t\t\t<p>Finance-Newsletter 02-2011<\/p>\n\r\n\t\t<\/div>\r\n\t<\/div>\r\n<div class=\"w-separator type_default size_medium thick_1 style_solid color_border cont_none\"><span class=\"w-separator-h\"><\/span><\/div><div class=\"w-image\"><div class=\"us-frame\"><a href=\"http:\/\/www.rothgygax.ch\/wp-content\/uploads\/2017\/06\/newsletter_2009_02_fr.pdf\" title=\"\" target=\"\" rel=\"\"><img loading=\"lazy\" decoding=\"async\" src=\"\/\/www.rothgygax.ch\/wp-content\/themes\/Impreza\/framework\/img\/us-placeholder-square.jpg\" width=\"500\" height=\"500\" alt=\"\"><\/a><\/div><\/div>\r\n\t<div class=\"wpb_text_column \">\r\n\t\t<div class=\"wpb_wrapper\">\r\n\t\t\t<p>Finance-Newsletter 02-2009<\/p>\n\r\n\t\t<\/div>\r\n\t<\/div>\r\n<\/div><\/div><\/div><div class=\"vc_col-sm-3 wpb_column vc_column_container\"><div class=\"vc_column-inner\"><div class=\"wpb_wrapper\"><div class=\"w-image\"><div class=\"us-frame\"><a href=\"http:\/\/www.rothgygax.ch\/wp-content\/uploads\/2017\/06\/newsletter_2015_01_fr.pdf\" title=\"\" target=\"_blank\" rel=\"\"><img loading=\"lazy\" decoding=\"async\" src=\"\/\/www.rothgygax.ch\/wp-content\/themes\/Impreza\/framework\/img\/us-placeholder-square.jpg\" width=\"500\" height=\"500\" alt=\"\"><\/a><\/div><\/div>\r\n\t<div class=\"wpb_text_column \">\r\n\t\t<div class=\"wpb_wrapper\">\r\n\t\t\t<p>Finance-Newsletter 01-2015<\/p>\n\r\n\t\t<\/div>\r\n\t<\/div>\r\n<div class=\"w-separator type_default size_medium thick_1 style_solid color_border cont_none\"><span class=\"w-separator-h\"><\/span><\/div><div class=\"w-image\"><div class=\"us-frame\"><a href=\"http:\/\/www.rothgygax.ch\/wp-content\/uploads\/2017\/06\/newsletter_2013_01_fr.pdf\" title=\"\" target=\"_blank\" rel=\"\"><img loading=\"lazy\" decoding=\"async\" src=\"\/\/www.rothgygax.ch\/wp-content\/themes\/Impreza\/framework\/img\/us-placeholder-square.jpg\" width=\"500\" height=\"500\" alt=\"\"><\/a><\/div><\/div>\r\n\t<div class=\"wpb_text_column \">\r\n\t\t<div class=\"wpb_wrapper\">\r\n\t\t\t<p>Finance-Newsletter 01-2013<\/p>\n\r\n\t\t<\/div>\r\n\t<\/div>\r\n<div class=\"w-separator type_default size_medium thick_1 style_solid color_border cont_none\"><span class=\"w-separator-h\"><\/span><\/div><div class=\"w-image\"><div class=\"us-frame\"><a href=\"http:\/\/www.rothgygax.ch\/wp-content\/uploads\/2017\/06\/newsletter_2011_01_fr.pdf\" title=\"\" target=\"_blank\" rel=\"\"><img loading=\"lazy\" decoding=\"async\" src=\"\/\/www.rothgygax.ch\/wp-content\/themes\/Impreza\/framework\/img\/us-placeholder-square.jpg\" width=\"500\" height=\"500\" alt=\"\"><\/a><\/div><\/div>\r\n\t<div class=\"wpb_text_column \">\r\n\t\t<div class=\"wpb_wrapper\">\r\n\t\t\t<p>Finance-Newsletter 01-2011<\/p>\n\r\n\t\t<\/div>\r\n\t<\/div>\r\n<div class=\"w-separator type_default size_medium thick_1 style_solid color_border cont_none\"><span class=\"w-separator-h\"><\/span><\/div><div class=\"w-image\"><div class=\"us-frame\"><a href=\"http:\/\/www.rothgygax.ch\/wp-content\/uploads\/2017\/06\/newsletter_2009_01_fr.pdf\" title=\"\" target=\"_blank\" rel=\"\"><img loading=\"lazy\" decoding=\"async\" src=\"\/\/www.rothgygax.ch\/wp-content\/themes\/Impreza\/framework\/img\/us-placeholder-square.jpg\" width=\"500\" height=\"500\" alt=\"\"><\/a><\/div><\/div>\r\n\t<div class=\"wpb_text_column \">\r\n\t\t<div class=\"wpb_wrapper\">\r\n\t\t\t<p>Finance-Newsletter 01-2009<\/p>\n\r\n\t\t<\/div>\r\n\t<\/div>\r\n<\/div><\/div><\/div><div class=\"vc_col-sm-3 wpb_column vc_column_container\"><div class=\"vc_column-inner\"><div class=\"wpb_wrapper\"><div class=\"w-image\"><div class=\"us-frame\"><a href=\"http:\/\/www.rothgygax.ch\/wp-content\/uploads\/2017\/06\/newsletter_2014_02_fr.pdf\" title=\"\" target=\"_blank\" rel=\"\"><img loading=\"lazy\" decoding=\"async\" src=\"\/\/www.rothgygax.ch\/wp-content\/themes\/Impreza\/framework\/img\/us-placeholder-square.jpg\" width=\"500\" height=\"500\" alt=\"\"><\/a><\/div><\/div>\r\n\t<div class=\"wpb_text_column \">\r\n\t\t<div class=\"wpb_wrapper\">\r\n\t\t\t<p>Finance-Newsletter 02-2014<\/p>\n\r\n\t\t<\/div>\r\n\t<\/div>\r\n<div class=\"w-separator type_default size_medium thick_1 style_solid color_border cont_none\"><span class=\"w-separator-h\"><\/span><\/div><div class=\"w-image\"><div class=\"us-frame\"><a href=\"http:\/\/www.rothgygax.ch\/wp-content\/uploads\/2017\/06\/newsletter_2012_02_fr.pdf\" title=\"\" target=\"_blank\" rel=\"\"><img loading=\"lazy\" decoding=\"async\" src=\"\/\/www.rothgygax.ch\/wp-content\/themes\/Impreza\/framework\/img\/us-placeholder-square.jpg\" width=\"500\" height=\"500\" alt=\"\"><\/a><\/div><\/div>\r\n\t<div class=\"wpb_text_column \">\r\n\t\t<div class=\"wpb_wrapper\">\r\n\t\t\t<p>Finance-Newsletter 02-2012<\/p>\n\r\n\t\t<\/div>\r\n\t<\/div>\r\n<div class=\"w-separator type_default size_medium thick_1 style_solid color_border cont_none\"><span class=\"w-separator-h\"><\/span><\/div><div class=\"w-image\"><div class=\"us-frame\"><a href=\"http:\/\/www.rothgygax.ch\/wp-content\/uploads\/2017\/06\/newsletter_2010_02_fr.pdf\" title=\"\" target=\"_blank\" rel=\"\"><img loading=\"lazy\" decoding=\"async\" src=\"\/\/www.rothgygax.ch\/wp-content\/themes\/Impreza\/framework\/img\/us-placeholder-square.jpg\" width=\"500\" height=\"500\" alt=\"\"><\/a><\/div><\/div>\r\n\t<div class=\"wpb_text_column \">\r\n\t\t<div class=\"wpb_wrapper\">\r\n\t\t\t<p>Finance-Newsletter 02-2010<\/p>\n\r\n\t\t<\/div>\r\n\t<\/div>\r\n<\/div><\/div><\/div><\/div><\/div><\/section>\n","protected":false},"excerpt":{"rendered":"Publications et t\u00e9l\u00e9chargements Nous contacter au: 031 959 35 50 SCALPEL - Magazine financier pour les m\u00e9decins et entrepreneurs \u00c9dition \u00e9t\u00e9 2017 Finance-Newsletter Finance-Newsletter 01-2016 Finance-Newsletter 01-2014 Finance-Newsletter 01-2012 Finance-Newsletter...","protected":false},"author":3,"featured_media":0,"parent":0,"menu_order":0,"comment_status":"closed","ping_status":"closed","template":"","meta":{"_acf_changed":false,"footnotes":""},"class_list":["post-6534","page","type-page","status-publish","hentry"],"acf":[],"yoast_head":"<!-- This site is optimized with the Yoast SEO Premium plugin v27.3 (Yoast SEO v27.3) - https:\/\/yoast.com\/product\/yoast-seo-premium-wordpress\/ -->\n<title>Publications et t\u00e9l\u00e9chargements - rothgygax<\/title>\n<meta name=\"robots\" content=\"index, follow, max-snippet:-1, max-image-preview:large, max-video-preview:-1\" \/>\n<link rel=\"canonical\" href=\"https:\/\/www.rothgygax.ch\/fr\/publications-et-telechargements\/\" \/>\n<meta property=\"og:locale\" content=\"fr_FR\" \/>\n<meta property=\"og:type\" content=\"article\" \/>\n<meta property=\"og:title\" content=\"Publications et t\u00e9l\u00e9chargements\" \/>\n<meta property=\"og:url\" content=\"https:\/\/www.rothgygax.ch\/fr\/publications-et-telechargements\/\" \/>\n<meta property=\"og:site_name\" content=\"rothgygax\" \/>\n<meta property=\"article:modified_time\" content=\"2017-09-25T09:22:52+00:00\" \/>\n<meta name=\"twitter:card\" content=\"summary_large_image\" \/>\n<meta name=\"twitter:label1\" content=\"Dur\u00e9e de lecture estim\u00e9e\" \/>\n\t<meta name=\"twitter:data1\" content=\"3 minutes\" \/>\n<script type=\"application\/ld+json\" class=\"yoast-schema-graph\">{\"@context\":\"https:\\\/\\\/schema.org\",\"@graph\":[{\"@type\":\"WebPage\",\"@id\":\"https:\\\/\\\/www.rothgygax.ch\\\/fr\\\/publications-et-telechargements\\\/\",\"url\":\"https:\\\/\\\/www.rothgygax.ch\\\/fr\\\/publications-et-telechargements\\\/\",\"name\":\"Publications et t\u00e9l\u00e9chargements - rothgygax\",\"isPartOf\":{\"@id\":\"https:\\\/\\\/www.rothgygax.ch\\\/fr\\\/#website\"},\"datePublished\":\"2017-06-21T13:38:43+00:00\",\"dateModified\":\"2017-09-25T09:22:52+00:00\",\"breadcrumb\":{\"@id\":\"https:\\\/\\\/www.rothgygax.ch\\\/fr\\\/publications-et-telechargements\\\/#breadcrumb\"},\"inLanguage\":\"fr-FR\",\"potentialAction\":[{\"@type\":\"ReadAction\",\"target\":[\"https:\\\/\\\/www.rothgygax.ch\\\/fr\\\/publications-et-telechargements\\\/\"]}]},{\"@type\":\"BreadcrumbList\",\"@id\":\"https:\\\/\\\/www.rothgygax.ch\\\/fr\\\/publications-et-telechargements\\\/#breadcrumb\",\"itemListElement\":[{\"@type\":\"ListItem\",\"position\":1,\"name\":\"Startseite\",\"item\":\"https:\\\/\\\/www.rothgygax.ch\\\/fr\\\/\"},{\"@type\":\"ListItem\",\"position\":2,\"name\":\"Publications et t\u00e9l\u00e9chargements\"}]},{\"@type\":\"WebSite\",\"@id\":\"https:\\\/\\\/www.rothgygax.ch\\\/fr\\\/#website\",\"url\":\"https:\\\/\\\/www.rothgygax.ch\\\/fr\\\/\",\"name\":\"rothgygax\",\"description\":\"Just another WordPress site\",\"potentialAction\":[{\"@type\":\"SearchAction\",\"target\":{\"@type\":\"EntryPoint\",\"urlTemplate\":\"https:\\\/\\\/www.rothgygax.ch\\\/fr\\\/?s={search_term_string}\"},\"query-input\":{\"@type\":\"PropertyValueSpecification\",\"valueRequired\":true,\"valueName\":\"search_term_string\"}}],\"inLanguage\":\"fr-FR\"}]}<\/script>\n<!-- \/ Yoast SEO Premium plugin. -->","yoast_head_json":{"title":"Publications et t\u00e9l\u00e9chargements - rothgygax","robots":{"index":"index","follow":"follow","max-snippet":"max-snippet:-1","max-image-preview":"max-image-preview:large","max-video-preview":"max-video-preview:-1"},"canonical":"https:\/\/www.rothgygax.ch\/fr\/publications-et-telechargements\/","og_locale":"fr_FR","og_type":"article","og_title":"Publications et t\u00e9l\u00e9chargements","og_url":"https:\/\/www.rothgygax.ch\/fr\/publications-et-telechargements\/","og_site_name":"rothgygax","article_modified_time":"2017-09-25T09:22:52+00:00","twitter_card":"summary_large_image","twitter_misc":{"Dur\u00e9e de lecture estim\u00e9e":"3 minutes"},"schema":{"@context":"https:\/\/schema.org","@graph":[{"@type":"WebPage","@id":"https:\/\/www.rothgygax.ch\/fr\/publications-et-telechargements\/","url":"https:\/\/www.rothgygax.ch\/fr\/publications-et-telechargements\/","name":"Publications et t\u00e9l\u00e9chargements - rothgygax","isPartOf":{"@id":"https:\/\/www.rothgygax.ch\/fr\/#website"},"datePublished":"2017-06-21T13:38:43+00:00","dateModified":"2017-09-25T09:22:52+00:00","breadcrumb":{"@id":"https:\/\/www.rothgygax.ch\/fr\/publications-et-telechargements\/#breadcrumb"},"inLanguage":"fr-FR","potentialAction":[{"@type":"ReadAction","target":["https:\/\/www.rothgygax.ch\/fr\/publications-et-telechargements\/"]}]},{"@type":"BreadcrumbList","@id":"https:\/\/www.rothgygax.ch\/fr\/publications-et-telechargements\/#breadcrumb","itemListElement":[{"@type":"ListItem","position":1,"name":"Startseite","item":"https:\/\/www.rothgygax.ch\/fr\/"},{"@type":"ListItem","position":2,"name":"Publications et t\u00e9l\u00e9chargements"}]},{"@type":"WebSite","@id":"https:\/\/www.rothgygax.ch\/fr\/#website","url":"https:\/\/www.rothgygax.ch\/fr\/","name":"rothgygax","description":"Just another WordPress site","potentialAction":[{"@type":"SearchAction","target":{"@type":"EntryPoint","urlTemplate":"https:\/\/www.rothgygax.ch\/fr\/?s={search_term_string}"},"query-input":{"@type":"PropertyValueSpecification","valueRequired":true,"valueName":"search_term_string"}}],"inLanguage":"fr-FR"}]}},"_links":{"self":[{"href":"https:\/\/www.rothgygax.ch\/fr\/wp-json\/wp\/v2\/pages\/6534","targetHints":{"allow":["GET"]}}],"collection":[{"href":"https:\/\/www.rothgygax.ch\/fr\/wp-json\/wp\/v2\/pages"}],"about":[{"href":"https:\/\/www.rothgygax.ch\/fr\/wp-json\/wp\/v2\/types\/page"}],"author":[{"embeddable":true,"href":"https:\/\/www.rothgygax.ch\/fr\/wp-json\/wp\/v2\/users\/3"}],"replies":[{"embeddable":true,"href":"https:\/\/www.rothgygax.ch\/fr\/wp-json\/wp\/v2\/comments?post=6534"}],"version-history":[{"count":11,"href":"https:\/\/www.rothgygax.ch\/fr\/wp-json\/wp\/v2\/pages\/6534\/revisions"}],"predecessor-version":[{"id":7406,"href":"https:\/\/www.rothgygax.ch\/fr\/wp-json\/wp\/v2\/pages\/6534\/revisions\/7406"}],"wp:attachment":[{"href":"https:\/\/www.rothgygax.ch\/fr\/wp-json\/wp\/v2\/media?parent=6534"}],"curies":[{"name":"wp","href":"https:\/\/api.w.org\/{rel}","templated":true}]}}