{"id":6530,"date":"2017-04-28T14:00:35","date_gmt":"2017-04-28T14:00:35","guid":{"rendered":"http:\/\/rothgygax.ch\/?page_id=6530\/"},"modified":"2017-09-25T09:29:27","modified_gmt":"2017-09-25T09:29:27","slug":"assurance-accidents-laa","status":"publish","type":"page","link":"https:\/\/www.rothgygax.ch\/fr\/produits\/assurance-accidents-laa\/","title":{"rendered":"Assurance accidents (LAA)"},"content":{"rendered":"<section class=\"l-section wpb_row height_medium\" style=\"margin-bottom: -30px !important;\"><div class=\"l-section-h i-cf\"><div class=\"g-cols type_default valign_top\"><div class=\"vc_col-sm-9 wpb_column vc_column_container\"><div class=\"vc_column-inner  vc_custom_1503315981596\"><div class=\"wpb_wrapper\"><div class=\"w-iconbox iconpos_left style_default color_primary no_text icontype_img font-weight: 700\"><div class=\"w-iconbox-icon\" style=\"font-size:60px;\"><img loading=\"lazy\" decoding=\"async\" src=\"https:\/\/www.rothgygax.ch\/wp-content\/uploads\/2017\/04\/Unfallversicherung-UVG.png\" width=\"583\" height=\"583\" alt=\"Assurance accident (LAA)\"><\/div><div class=\"w-iconbox-meta\"><h1 class=\"w-iconbox-title\" style=\"font-size:50px\">Assurance accident (LAA)<\/h1><\/div><\/div><\/div><\/div><\/div><div class=\"vc_col-sm-3 wpb_column vc_column_container has-fill\"><div class=\"vc_column-inner  vc_custom_1503317955718 color_custom\" style=\"color:#ffffff;\"><div class=\"wpb_wrapper\">\r\n\t<div class=\"wpb_text_column  vc_custom_1506331177036 w-actionbox-text\">\r\n\t\t<div class=\"wpb_wrapper\">\r\n\t\t\t<h5 style=\"text-align: left;\">Nous contacter au:<\/h5>\n\r\n\t\t<\/div>\r\n\t<\/div>\r\n\r\n\t<div class=\"wpb_text_column  link2\">\r\n\t\t<div class=\"wpb_wrapper\">\r\n\t\t\t<h3 style=\"text-align: left;\"><span style=\"color: #f1f1f1;\">031 959 35 50<\/span><\/h3>\n\r\n\t\t<\/div>\r\n\t<\/div>\r\n<\/div><\/div><\/div><\/div><\/div><\/section><section class=\"l-section wpb_row height_medium\" style=\"margin-bottom: -70px !important;\"><div class=\"l-section-h i-cf\"><div class=\"g-cols type_default valign_top\"><div class=\"vc_col-sm-12 wpb_column vc_column_container\"><div class=\"vc_column-inner\"><div class=\"wpb_wrapper\">\r\n\t<div class=\"wpb_text_column \">\r\n\t\t<div class=\"wpb_wrapper\">\r\n\t\t\t<h3>Assurance accident obligatoire pour le personnel de votre cabinet<\/h3>\n<p>En Suisse, les employ\u00e9s doivent \u00eatre obligatoirement assur\u00e9s contre les accidents. Nous vous proposons une solution avantageuse.<\/p>\n\r\n\t\t<\/div>\r\n\t<\/div>\r\n<\/div><\/div><\/div><\/div><\/div><\/section><section class=\"l-section wpb_row height_medium\"><div class=\"l-section-h i-cf\"><div class=\"g-cols type_default valign_top\"><div class=\"vc_col-sm-6 wpb_column vc_column_container\"><div class=\"vc_column-inner\"><div class=\"wpb_wrapper\">\r\n\t<div class=\"wpb_text_column \">\r\n\t\t<div class=\"wpb_wrapper\">\r\n\t\t\t<p>La LAA, base l\u00e9gale relative \u00e0 l&rsquo;assurance-accidents obligatoire, d\u00e9finit les indemnisations prescrites. Celles-ci comprennent la poursuite du versement du salaire en cas d&rsquo;incapacit\u00e9 professionnelle, de prestations de survivant ainsi que des frais de gu\u00e9rison.<\/p>\n<p>L&rsquo;assurance couvre aussi bien les accidents professionnels pour tout le personnel, que les accidents non professionnels pour les salari\u00e9s ayant une charge de travail de plus de 8 heures par semaine. Les cotisations pour la couverture accident professionnel sont pay\u00e9es par l&#8217;employeur, celles pour les accidents non professionnels le sont en r\u00e8gle g\u00e9n\u00e9rale par le salari\u00e9.<\/p>\n<p>La couverture de base l\u00e9gale peut \u00eatre compl\u00e9t\u00e9e par une assurance compl\u00e9mentaire accident (LAAC). Ici, des parts du salaire peuvent \u00eatre assur\u00e9es principalement au-dessus du salaire maximal de la LAA.<\/p>\n\r\n\t\t<\/div>\r\n\t<\/div>\r\n<\/div><\/div><\/div><div class=\"vc_col-sm-6 wpb_column vc_column_container\"><div class=\"vc_column-inner\"><div class=\"wpb_wrapper\"><div class=\"g-cols wpb_row type_default valign_top vc_inner  vc_custom_1503311588472\"><div class=\"vc_col-sm-12 wpb_column vc_column_container\"><div class=\"vc_column-inner  vc_custom_1503311478681\"><div class=\"wpb_wrapper\"><div class=\"w-iconbox iconpos_left style_default color_primary\"><div class=\"w-iconbox-icon\" style=\"font-size:0px;\"><\/div><div class=\"w-iconbox-meta\"><h5 class=\"w-iconbox-title\">Taux de prime avantageux<\/h5><div class=\"w-iconbox-text\">Profitez et faites profiter vos employ\u00e9s de cabinets de taux de prime avantageux gr\u00e2ce \u00e0 des conditions de contrat cadre exclusives.<\/div><\/div><\/div><\/div><\/div><\/div><\/div><div class=\"w-separator type_invisible size_small thick_1 style_solid color_border cont_none\"><span class=\"w-separator-h\"><\/span><\/div><div class=\"g-cols wpb_row type_default valign_top vc_inner  vc_custom_1503311618743\"><div class=\"vc_col-sm-12 wpb_column vc_column_container\"><div class=\"vc_column-inner  vc_custom_1503311478681\"><div class=\"wpb_wrapper\"><div class=\"w-iconbox iconpos_left style_default color_primary\"><div class=\"w-iconbox-icon\" style=\"font-size:0px;\"><\/div><div class=\"w-iconbox-meta\"><h5 class=\"w-iconbox-title\">Compl\u00e9ments individuels<\/h5><div class=\"w-iconbox-text\">Selon vos souhaits, il est possible de compl\u00e9ter l&rsquo;assurance-accidents obligatoire par une assurance compl\u00e9mentaire.<\/div><\/div><\/div><\/div><\/div><\/div><\/div><div class=\"w-separator type_invisible size_small thick_1 style_solid color_border cont_none\"><span class=\"w-separator-h\"><\/span><\/div><div class=\"g-cols wpb_row type_default valign_top vc_inner  vc_custom_1503311626345\"><div class=\"vc_col-sm-12 wpb_column vc_column_container\"><div class=\"vc_column-inner  vc_custom_1503311478681\"><div class=\"wpb_wrapper\"><div class=\"w-iconbox iconpos_left style_default color_primary\"><div class=\"w-iconbox-icon\" style=\"font-size:0px;\"><\/div><div class=\"w-iconbox-meta\"><h5 class=\"w-iconbox-title\">Couverture accident du propri\u00e9taire de cabinet<\/h5><div class=\"w-iconbox-text\">Pour ce qui est des cabinets ayant la forme de personnes juridiques, les propri\u00e9taires de cabinet sont \u00e9galement assur\u00e9s obligatoirement dans la LAA. Pour les propri\u00e9taires de cabinet travaillant en ind\u00e9pendants, nous recommandons en r\u00e8gle g\u00e9n\u00e9rale de couvrir le risque d&rsquo;accident par une solution d&rsquo;indemnit\u00e9s journali\u00e8res. Nous recherchons pour vous la meilleure solution.<\/div><\/div><\/div><\/div><\/div><\/div><\/div><\/div><\/div><\/div><\/div><\/div><\/section><section class=\"l-section wpb_row height_medium color_primary\" style=\"margin-top: 0px !important;margin-bottom: 0px !important;\"><div class=\"l-section-h i-cf\"><div class=\"g-cols type_default valign_top\"><div class=\"vc_col-sm-12 wpb_column vc_column_container\"><div class=\"vc_column-inner\"><div class=\"wpb_wrapper\"><div class=\"w-actionbox color_primary controls_right\"><div class=\"w-actionbox-text\"><h2 style=\"font-size:h3\">Contactez-nous, nous vous conseillerons avec plaisir.<\/h2><\/div><div class=\"w-actionbox-controls\"><a class=\"w-btn color_white style_solid icon_none\" href=\"http:\/\/www.rothgygax.ch\/fr\/contact\/\" style=\"font-size:20px;\"><span class=\"w-btn-label\">Contact<\/span><\/a><\/div><\/div><\/div><\/div><\/div><\/div><\/div><\/section>\n","protected":false},"excerpt":{"rendered":"Assurance accident (LAA) Nous contacter au: 031 959 35 50 Assurance accident obligatoire pour le personnel de votre cabinet En Suisse, les employ\u00e9s doivent \u00eatre obligatoirement assur\u00e9s contre les accidents....","protected":false},"author":2,"featured_media":0,"parent":6498,"menu_order":0,"comment_status":"closed","ping_status":"closed","template":"","meta":{"_acf_changed":false,"footnotes":""},"class_list":["post-6530","page","type-page","status-publish","hentry"],"acf":[],"yoast_head":"<!-- This site is optimized with the Yoast SEO Premium plugin v27.3 (Yoast SEO v27.3) - https:\/\/yoast.com\/product\/yoast-seo-premium-wordpress\/ -->\n<title>Assurance accidents (LAA) - rothgygax<\/title>\n<meta name=\"robots\" content=\"index, follow, max-snippet:-1, max-image-preview:large, max-video-preview:-1\" \/>\n<link rel=\"canonical\" href=\"https:\/\/www.rothgygax.ch\/fr\/produits\/assurance-accidents-laa\/\" \/>\n<meta property=\"og:locale\" content=\"fr_FR\" \/>\n<meta property=\"og:type\" content=\"article\" \/>\n<meta property=\"og:title\" content=\"Assurance accidents (LAA)\" \/>\n<meta property=\"og:url\" content=\"https:\/\/www.rothgygax.ch\/fr\/produits\/assurance-accidents-laa\/\" \/>\n<meta property=\"og:site_name\" content=\"rothgygax\" \/>\n<meta property=\"article:modified_time\" content=\"2017-09-25T09:29:27+00:00\" \/>\n<meta name=\"twitter:card\" content=\"summary_large_image\" \/>\n<meta name=\"twitter:label1\" content=\"Dur\u00e9e de lecture estim\u00e9e\" \/>\n\t<meta name=\"twitter:data1\" content=\"3 minutes\" \/>\n<script type=\"application\/ld+json\" class=\"yoast-schema-graph\">{\"@context\":\"https:\\\/\\\/schema.org\",\"@graph\":[{\"@type\":\"WebPage\",\"@id\":\"https:\\\/\\\/www.rothgygax.ch\\\/fr\\\/produits\\\/assurance-accidents-laa\\\/\",\"url\":\"https:\\\/\\\/www.rothgygax.ch\\\/fr\\\/produits\\\/assurance-accidents-laa\\\/\",\"name\":\"Assurance accidents (LAA) - rothgygax\",\"isPartOf\":{\"@id\":\"https:\\\/\\\/www.rothgygax.ch\\\/fr\\\/#website\"},\"datePublished\":\"2017-04-28T14:00:35+00:00\",\"dateModified\":\"2017-09-25T09:29:27+00:00\",\"breadcrumb\":{\"@id\":\"https:\\\/\\\/www.rothgygax.ch\\\/fr\\\/produits\\\/assurance-accidents-laa\\\/#breadcrumb\"},\"inLanguage\":\"fr-FR\",\"potentialAction\":[{\"@type\":\"ReadAction\",\"target\":[\"https:\\\/\\\/www.rothgygax.ch\\\/fr\\\/produits\\\/assurance-accidents-laa\\\/\"]}]},{\"@type\":\"BreadcrumbList\",\"@id\":\"https:\\\/\\\/www.rothgygax.ch\\\/fr\\\/produits\\\/assurance-accidents-laa\\\/#breadcrumb\",\"itemListElement\":[{\"@type\":\"ListItem\",\"position\":1,\"name\":\"Startseite\",\"item\":\"https:\\\/\\\/www.rothgygax.ch\\\/fr\\\/\"},{\"@type\":\"ListItem\",\"position\":2,\"name\":\"Produits\",\"item\":\"https:\\\/\\\/www.rothgygax.ch\\\/fr\\\/produits\\\/\"},{\"@type\":\"ListItem\",\"position\":3,\"name\":\"Assurance accidents (LAA)\"}]},{\"@type\":\"WebSite\",\"@id\":\"https:\\\/\\\/www.rothgygax.ch\\\/fr\\\/#website\",\"url\":\"https:\\\/\\\/www.rothgygax.ch\\\/fr\\\/\",\"name\":\"rothgygax\",\"description\":\"Just another WordPress site\",\"potentialAction\":[{\"@type\":\"SearchAction\",\"target\":{\"@type\":\"EntryPoint\",\"urlTemplate\":\"https:\\\/\\\/www.rothgygax.ch\\\/fr\\\/?s={search_term_string}\"},\"query-input\":{\"@type\":\"PropertyValueSpecification\",\"valueRequired\":true,\"valueName\":\"search_term_string\"}}],\"inLanguage\":\"fr-FR\"}]}<\/script>\n<!-- \/ Yoast SEO Premium plugin. -->","yoast_head_json":{"title":"Assurance accidents (LAA) - rothgygax","robots":{"index":"index","follow":"follow","max-snippet":"max-snippet:-1","max-image-preview":"max-image-preview:large","max-video-preview":"max-video-preview:-1"},"canonical":"https:\/\/www.rothgygax.ch\/fr\/produits\/assurance-accidents-laa\/","og_locale":"fr_FR","og_type":"article","og_title":"Assurance accidents (LAA)","og_url":"https:\/\/www.rothgygax.ch\/fr\/produits\/assurance-accidents-laa\/","og_site_name":"rothgygax","article_modified_time":"2017-09-25T09:29:27+00:00","twitter_card":"summary_large_image","twitter_misc":{"Dur\u00e9e de lecture estim\u00e9e":"3 minutes"},"schema":{"@context":"https:\/\/schema.org","@graph":[{"@type":"WebPage","@id":"https:\/\/www.rothgygax.ch\/fr\/produits\/assurance-accidents-laa\/","url":"https:\/\/www.rothgygax.ch\/fr\/produits\/assurance-accidents-laa\/","name":"Assurance accidents (LAA) - rothgygax","isPartOf":{"@id":"https:\/\/www.rothgygax.ch\/fr\/#website"},"datePublished":"2017-04-28T14:00:35+00:00","dateModified":"2017-09-25T09:29:27+00:00","breadcrumb":{"@id":"https:\/\/www.rothgygax.ch\/fr\/produits\/assurance-accidents-laa\/#breadcrumb"},"inLanguage":"fr-FR","potentialAction":[{"@type":"ReadAction","target":["https:\/\/www.rothgygax.ch\/fr\/produits\/assurance-accidents-laa\/"]}]},{"@type":"BreadcrumbList","@id":"https:\/\/www.rothgygax.ch\/fr\/produits\/assurance-accidents-laa\/#breadcrumb","itemListElement":[{"@type":"ListItem","position":1,"name":"Startseite","item":"https:\/\/www.rothgygax.ch\/fr\/"},{"@type":"ListItem","position":2,"name":"Produits","item":"https:\/\/www.rothgygax.ch\/fr\/produits\/"},{"@type":"ListItem","position":3,"name":"Assurance accidents (LAA)"}]},{"@type":"WebSite","@id":"https:\/\/www.rothgygax.ch\/fr\/#website","url":"https:\/\/www.rothgygax.ch\/fr\/","name":"rothgygax","description":"Just another WordPress site","potentialAction":[{"@type":"SearchAction","target":{"@type":"EntryPoint","urlTemplate":"https:\/\/www.rothgygax.ch\/fr\/?s={search_term_string}"},"query-input":{"@type":"PropertyValueSpecification","valueRequired":true,"valueName":"search_term_string"}}],"inLanguage":"fr-FR"}]}},"_links":{"self":[{"href":"https:\/\/www.rothgygax.ch\/fr\/wp-json\/wp\/v2\/pages\/6530","targetHints":{"allow":["GET"]}}],"collection":[{"href":"https:\/\/www.rothgygax.ch\/fr\/wp-json\/wp\/v2\/pages"}],"about":[{"href":"https:\/\/www.rothgygax.ch\/fr\/wp-json\/wp\/v2\/types\/page"}],"author":[{"embeddable":true,"href":"https:\/\/www.rothgygax.ch\/fr\/wp-json\/wp\/v2\/users\/2"}],"replies":[{"embeddable":true,"href":"https:\/\/www.rothgygax.ch\/fr\/wp-json\/wp\/v2\/comments?post=6530"}],"version-history":[{"count":10,"href":"https:\/\/www.rothgygax.ch\/fr\/wp-json\/wp\/v2\/pages\/6530\/revisions"}],"predecessor-version":[{"id":7417,"href":"https:\/\/www.rothgygax.ch\/fr\/wp-json\/wp\/v2\/pages\/6530\/revisions\/7417"}],"up":[{"embeddable":true,"href":"https:\/\/www.rothgygax.ch\/fr\/wp-json\/wp\/v2\/pages\/6498"}],"wp:attachment":[{"href":"https:\/\/www.rothgygax.ch\/fr\/wp-json\/wp\/v2\/media?parent=6530"}],"curies":[{"name":"wp","href":"https:\/\/api.w.org\/{rel}","templated":true}]}}