{"id":6524,"date":"2017-04-28T14:01:25","date_gmt":"2017-04-28T14:01:25","guid":{"rendered":"http:\/\/rothgygax.ch\/?page_id=6524\/"},"modified":"2021-11-03T06:50:44","modified_gmt":"2021-11-03T06:50:44","slug":"assurance-choses-cabinet","status":"publish","type":"page","link":"https:\/\/www.rothgygax.ch\/fr\/produits\/assurance-choses-cabinet\/","title":{"rendered":"Assurance choses (cabinet)"},"content":{"rendered":"<section class=\"l-section wpb_row height_medium\" style=\"margin-bottom: -30px !important;\"><div class=\"l-section-h i-cf\"><div class=\"g-cols type_default valign_top\"><div class=\"vc_col-sm-9 wpb_column vc_column_container\"><div class=\"vc_column-inner  vc_custom_1503315981596\"><div class=\"wpb_wrapper\"><div class=\"w-iconbox iconpos_left style_default color_primary no_text icontype_img font-weight: 700\"><div class=\"w-iconbox-icon\" style=\"font-size:60px;\"><img loading=\"lazy\" decoding=\"async\" src=\"https:\/\/www.rothgygax.ch\/wp-content\/uploads\/2017\/04\/Praxis-Sachversicherung.png\" width=\"583\" height=\"583\" alt=\"Assurance choses (cabinet)\"><\/div><div class=\"w-iconbox-meta\"><h1 class=\"w-iconbox-title\" style=\"font-size:50px\">Assurance choses (cabinet)<\/h1><\/div><\/div><\/div><\/div><\/div><div class=\"vc_col-sm-3 wpb_column vc_column_container has-fill\"><div class=\"vc_column-inner  vc_custom_1503317955718 color_custom\" style=\"color:#ffffff;\"><div class=\"wpb_wrapper\">\r\n\t<div class=\"wpb_text_column  vc_custom_1506331177036 w-actionbox-text\">\r\n\t\t<div class=\"wpb_wrapper\">\r\n\t\t\t<h5 style=\"text-align: left;\">Nous contacter au:<\/h5>\n\r\n\t\t<\/div>\r\n\t<\/div>\r\n\r\n\t<div class=\"wpb_text_column  link2\">\r\n\t\t<div class=\"wpb_wrapper\">\r\n\t\t\t<h3 style=\"text-align: left;\"><span style=\"color: #f1f1f1;\">031 959 35 50<\/span><\/h3>\n\r\n\t\t<\/div>\r\n\t<\/div>\r\n<div class=\" vc_custom_1635922248300 ubtn-ctn-left \"><a class=\"ubtn-link ult-adjust-bottom-margin ubtn-left ubtn-normal \" href=\"https:\/\/www.rothgygax.ch\/fr\/produits\/assurance-choses-cabinet\/demande-doffres-assurance-choses\/\" title=\"Demande d\u2019offre assurance choses\" ><button type=\"button\" id=\"ubtn-5963\"  class=\"ubtn ult-adjust-bottom-margin ult-responsive ubtn-normal ubtn-top-bg  none  ubtn-left   tooltip-6a07fa56a7494\"  data-hover=\"\" data-border-color=\"\" data-bg=\"#e0e0e0\" data-hover-bg=\"#b2b2b2\" data-border-hover=\"\" data-shadow-hover=\"\" data-shadow-click=\"none\" data-shadow=\"\" data-shd-shadow=\"\"  data-ultimate-target='#ubtn-5963'  data-responsive-json-new='{\"font-size\":\"\",\"line-height\":\"\"}'  style=\"font-weight:normal;border:none;background: #e0e0e0;color: #000000;\"><span class=\"ubtn-hover\" style=\"background-color:#b2b2b2\"><\/span><span class=\"ubtn-data ubtn-text \" >Demande d&#039;offre<\/span><\/button><\/a><\/div><\/div><\/div><\/div><\/div><\/div><\/section><section class=\"l-section wpb_row height_medium\" style=\"margin-bottom: -70px !important;\"><div class=\"l-section-h i-cf\"><div class=\"g-cols type_default valign_top\"><div class=\"vc_col-sm-12 wpb_column vc_column_container\"><div class=\"vc_column-inner\"><div class=\"wpb_wrapper\">\r\n\t<div class=\"wpb_text_column \">\r\n\t\t<div class=\"wpb_wrapper\">\r\n\t\t\t<h3>Protection compl\u00e8te de votre cabinet<\/h3>\n<p>Un dommage mat\u00e9riel survenant dans votre cabinet peut tr\u00e8s vite vous co\u00fbter cher. Notre assurance chose pour cabinet vous prot\u00e8ge des frais suppl\u00e9mentaires et couvre aussi votre perte de chiffre d&rsquo;affaires.<\/p>\n\r\n\t\t<\/div>\r\n\t<\/div>\r\n<\/div><\/div><\/div><\/div><\/div><\/section><section class=\"l-section wpb_row height_medium\"><div class=\"l-section-h i-cf\"><div class=\"g-cols type_default valign_top\"><div class=\"vc_col-sm-6 wpb_column vc_column_container\"><div class=\"vc_column-inner\"><div class=\"wpb_wrapper\">\r\n\t<div class=\"wpb_text_column \">\r\n\t\t<div class=\"wpb_wrapper\">\r\n\t\t\t<p>Quelque chose peut tr\u00e8s vite arriver: Un incendie d\u00e9truit votre cabinet, votre salle de traitement se trouve sous les eaux \u00e0 cause d&rsquo;une conduite cass\u00e9e ou il vous manque une de vos radios apr\u00e8s une effraction. L&rsquo;assurance chose pour cabinet vous indemnise de ces dommages rapidement et simplement et assure l&rsquo;inventaire de votre cabinet contre le feu, l&rsquo;eau, les ph\u00e9nom\u00e8nes naturels, les bris de glace et le vol.<\/p>\n<p>Outre l&rsquo;inventaire, cette assurance comprend une couverture en cas d&rsquo;interruption d&rsquo;activit\u00e9 qui vous couvre la perte de chiffre d&rsquo;affaires \u00e0 la suite d&rsquo;un \u00e9v\u00e9nement assur\u00e9.<\/p>\n<p>En plus, il est possible de compl\u00e9ter la police par une assurance technique qui couvre les endommagements subis par les appareils\/dispositifs m\u00e9dico-techniques.<\/p>\n<p>Il est essentiel que le montant de l&rsquo;assurance couvre toujours la valeur actuelle de la nouvelle acquisition de votre inventaire et assure votre chiffre d&rsquo;affaires actuel total.\u00a0 Nous vous assistons dans l&rsquo;inspection r\u00e9guli\u00e8re.<\/p>\n\r\n\t\t<\/div>\r\n\t<\/div>\r\n<\/div><\/div><\/div><div class=\"vc_col-sm-6 wpb_column vc_column_container\"><div class=\"vc_column-inner\"><div class=\"wpb_wrapper\"><div class=\"g-cols wpb_row type_default valign_top vc_inner  vc_custom_1503311588472\"><div class=\"vc_col-sm-12 wpb_column vc_column_container\"><div class=\"vc_column-inner  vc_custom_1503311478681\"><div class=\"wpb_wrapper\"><div class=\"w-iconbox iconpos_left style_default color_primary\"><div class=\"w-iconbox-icon\" style=\"font-size:0px;\"><\/div><div class=\"w-iconbox-meta\"><h5 class=\"w-iconbox-title\">Conditions de contrat cadre<\/h5><div class=\"w-iconbox-text\">Vous profitez de conditions de contrat cadre exclusives et avantageuses sous forme d&rsquo;une remise de prime.<\/div><\/div><\/div><\/div><\/div><\/div><\/div><div class=\"w-separator type_invisible size_small thick_1 style_solid color_border cont_none\"><span class=\"w-separator-h\"><\/span><\/div><div class=\"g-cols wpb_row type_default valign_top vc_inner  vc_custom_1503311618743\"><div class=\"vc_col-sm-12 wpb_column vc_column_container\"><div class=\"vc_column-inner  vc_custom_1503311478681\"><div class=\"wpb_wrapper\"><div class=\"w-iconbox iconpos_left style_default color_primary\"><div class=\"w-iconbox-icon\" style=\"font-size:0px;\"><\/div><div class=\"w-iconbox-meta\"><h5 class=\"w-iconbox-title\">Couverture de la perte de chiffre d'affaires<\/h5><div class=\"w-iconbox-text\">La couverture d&rsquo;interruption d&rsquo;activit\u00e9 garantit votre chiffre d&rsquo;affaires que vous avez perdu \u00e0 la suite d&rsquo;un \u00e9v\u00e9nement assur\u00e9.<\/div><\/div><\/div><\/div><\/div><\/div><\/div><div class=\"w-separator type_invisible size_small thick_1 style_solid color_border cont_none\"><span class=\"w-separator-h\"><\/span><\/div><div class=\"g-cols wpb_row type_default valign_top vc_inner  vc_custom_1503311626345\"><div class=\"vc_col-sm-12 wpb_column vc_column_container\"><div class=\"vc_column-inner  vc_custom_1503311478681\"><div class=\"wpb_wrapper\"><div class=\"w-iconbox iconpos_left style_default color_primary\"><div class=\"w-iconbox-icon\" style=\"font-size:0px;\"><\/div><div class=\"w-iconbox-meta\"><h5 class=\"w-iconbox-title\">Assurance technique<\/h5><div class=\"w-iconbox-text\">Des appareils\/dispositifs m\u00e9dicaux, tels que par exemple un appareil de radiologie ou un appareil \u00e0 ultrason, sont assur\u00e9s contre la destruction ou la disparition.<\/div><\/div><\/div><\/div><\/div><\/div><\/div><\/div><\/div><\/div><\/div><\/div><\/section><section class=\"l-section wpb_row height_medium color_primary\" style=\"margin-top: 0px !important;margin-bottom: 0px !important;\"><div class=\"l-section-h i-cf\"><div class=\"g-cols type_default valign_top\"><div class=\"vc_col-sm-12 wpb_column vc_column_container\"><div class=\"vc_column-inner\"><div class=\"wpb_wrapper\"><div class=\"w-actionbox color_primary controls_right\"><div class=\"w-actionbox-text\"><h2 style=\"font-size:h3\">Contactez-nous, nous vous conseillerons avec plaisir.<\/h2><\/div><div class=\"w-actionbox-controls\"><a class=\"w-btn color_white style_solid icon_none\" href=\"http:\/\/www.rothgygax.ch\/fr\/contact\/\" style=\"font-size:20px;\"><span class=\"w-btn-label\">Contact<\/span><\/a><\/div><\/div><\/div><\/div><\/div><\/div><\/div><\/section>\n","protected":false},"excerpt":{"rendered":"Assurance choses (cabinet) Nous contacter au: 031 959 35 50 Demande d&#039;offre Protection compl\u00e8te de votre cabinet Un dommage mat\u00e9riel survenant dans votre cabinet peut tr\u00e8s vite vous co\u00fbter cher....","protected":false},"author":2,"featured_media":0,"parent":6498,"menu_order":0,"comment_status":"closed","ping_status":"closed","template":"","meta":{"_acf_changed":false,"footnotes":""},"class_list":["post-6524","page","type-page","status-publish","hentry"],"acf":[],"yoast_head":"<!-- This site is optimized with the Yoast SEO Premium plugin v27.3 (Yoast SEO v27.3) - https:\/\/yoast.com\/product\/yoast-seo-premium-wordpress\/ -->\n<title>Assurance choses (cabinet) - rothgygax<\/title>\n<meta name=\"robots\" content=\"index, follow, max-snippet:-1, max-image-preview:large, max-video-preview:-1\" \/>\n<link rel=\"canonical\" href=\"https:\/\/www.rothgygax.ch\/fr\/produits\/assurance-choses-cabinet\/\" \/>\n<meta property=\"og:locale\" content=\"fr_FR\" \/>\n<meta property=\"og:type\" content=\"article\" \/>\n<meta property=\"og:title\" content=\"Assurance choses (cabinet)\" \/>\n<meta property=\"og:url\" content=\"https:\/\/www.rothgygax.ch\/fr\/produits\/assurance-choses-cabinet\/\" \/>\n<meta property=\"og:site_name\" content=\"rothgygax\" \/>\n<meta property=\"article:modified_time\" content=\"2021-11-03T06:50:44+00:00\" \/>\n<meta name=\"twitter:card\" content=\"summary_large_image\" \/>\n<meta name=\"twitter:label1\" content=\"Dur\u00e9e de lecture estim\u00e9e\" \/>\n\t<meta name=\"twitter:data1\" content=\"2 minutes\" \/>\n<script type=\"application\/ld+json\" class=\"yoast-schema-graph\">{\"@context\":\"https:\\\/\\\/schema.org\",\"@graph\":[{\"@type\":\"WebPage\",\"@id\":\"https:\\\/\\\/www.rothgygax.ch\\\/fr\\\/produits\\\/assurance-choses-cabinet\\\/\",\"url\":\"https:\\\/\\\/www.rothgygax.ch\\\/fr\\\/produits\\\/assurance-choses-cabinet\\\/\",\"name\":\"Assurance choses (cabinet) - rothgygax\",\"isPartOf\":{\"@id\":\"https:\\\/\\\/www.rothgygax.ch\\\/fr\\\/#website\"},\"datePublished\":\"2017-04-28T14:01:25+00:00\",\"dateModified\":\"2021-11-03T06:50:44+00:00\",\"breadcrumb\":{\"@id\":\"https:\\\/\\\/www.rothgygax.ch\\\/fr\\\/produits\\\/assurance-choses-cabinet\\\/#breadcrumb\"},\"inLanguage\":\"fr-FR\",\"potentialAction\":[{\"@type\":\"ReadAction\",\"target\":[\"https:\\\/\\\/www.rothgygax.ch\\\/fr\\\/produits\\\/assurance-choses-cabinet\\\/\"]}]},{\"@type\":\"BreadcrumbList\",\"@id\":\"https:\\\/\\\/www.rothgygax.ch\\\/fr\\\/produits\\\/assurance-choses-cabinet\\\/#breadcrumb\",\"itemListElement\":[{\"@type\":\"ListItem\",\"position\":1,\"name\":\"Startseite\",\"item\":\"https:\\\/\\\/www.rothgygax.ch\\\/fr\\\/\"},{\"@type\":\"ListItem\",\"position\":2,\"name\":\"Produits\",\"item\":\"https:\\\/\\\/www.rothgygax.ch\\\/fr\\\/produits\\\/\"},{\"@type\":\"ListItem\",\"position\":3,\"name\":\"Assurance choses (cabinet)\"}]},{\"@type\":\"WebSite\",\"@id\":\"https:\\\/\\\/www.rothgygax.ch\\\/fr\\\/#website\",\"url\":\"https:\\\/\\\/www.rothgygax.ch\\\/fr\\\/\",\"name\":\"rothgygax\",\"description\":\"Just another WordPress site\",\"potentialAction\":[{\"@type\":\"SearchAction\",\"target\":{\"@type\":\"EntryPoint\",\"urlTemplate\":\"https:\\\/\\\/www.rothgygax.ch\\\/fr\\\/?s={search_term_string}\"},\"query-input\":{\"@type\":\"PropertyValueSpecification\",\"valueRequired\":true,\"valueName\":\"search_term_string\"}}],\"inLanguage\":\"fr-FR\"}]}<\/script>\n<!-- \/ Yoast SEO Premium plugin. -->","yoast_head_json":{"title":"Assurance choses (cabinet) - rothgygax","robots":{"index":"index","follow":"follow","max-snippet":"max-snippet:-1","max-image-preview":"max-image-preview:large","max-video-preview":"max-video-preview:-1"},"canonical":"https:\/\/www.rothgygax.ch\/fr\/produits\/assurance-choses-cabinet\/","og_locale":"fr_FR","og_type":"article","og_title":"Assurance choses (cabinet)","og_url":"https:\/\/www.rothgygax.ch\/fr\/produits\/assurance-choses-cabinet\/","og_site_name":"rothgygax","article_modified_time":"2021-11-03T06:50:44+00:00","twitter_card":"summary_large_image","twitter_misc":{"Dur\u00e9e de lecture estim\u00e9e":"2 minutes"},"schema":{"@context":"https:\/\/schema.org","@graph":[{"@type":"WebPage","@id":"https:\/\/www.rothgygax.ch\/fr\/produits\/assurance-choses-cabinet\/","url":"https:\/\/www.rothgygax.ch\/fr\/produits\/assurance-choses-cabinet\/","name":"Assurance choses (cabinet) - rothgygax","isPartOf":{"@id":"https:\/\/www.rothgygax.ch\/fr\/#website"},"datePublished":"2017-04-28T14:01:25+00:00","dateModified":"2021-11-03T06:50:44+00:00","breadcrumb":{"@id":"https:\/\/www.rothgygax.ch\/fr\/produits\/assurance-choses-cabinet\/#breadcrumb"},"inLanguage":"fr-FR","potentialAction":[{"@type":"ReadAction","target":["https:\/\/www.rothgygax.ch\/fr\/produits\/assurance-choses-cabinet\/"]}]},{"@type":"BreadcrumbList","@id":"https:\/\/www.rothgygax.ch\/fr\/produits\/assurance-choses-cabinet\/#breadcrumb","itemListElement":[{"@type":"ListItem","position":1,"name":"Startseite","item":"https:\/\/www.rothgygax.ch\/fr\/"},{"@type":"ListItem","position":2,"name":"Produits","item":"https:\/\/www.rothgygax.ch\/fr\/produits\/"},{"@type":"ListItem","position":3,"name":"Assurance choses (cabinet)"}]},{"@type":"WebSite","@id":"https:\/\/www.rothgygax.ch\/fr\/#website","url":"https:\/\/www.rothgygax.ch\/fr\/","name":"rothgygax","description":"Just another WordPress site","potentialAction":[{"@type":"SearchAction","target":{"@type":"EntryPoint","urlTemplate":"https:\/\/www.rothgygax.ch\/fr\/?s={search_term_string}"},"query-input":{"@type":"PropertyValueSpecification","valueRequired":true,"valueName":"search_term_string"}}],"inLanguage":"fr-FR"}]}},"_links":{"self":[{"href":"https:\/\/www.rothgygax.ch\/fr\/wp-json\/wp\/v2\/pages\/6524","targetHints":{"allow":["GET"]}}],"collection":[{"href":"https:\/\/www.rothgygax.ch\/fr\/wp-json\/wp\/v2\/pages"}],"about":[{"href":"https:\/\/www.rothgygax.ch\/fr\/wp-json\/wp\/v2\/types\/page"}],"author":[{"embeddable":true,"href":"https:\/\/www.rothgygax.ch\/fr\/wp-json\/wp\/v2\/users\/2"}],"replies":[{"embeddable":true,"href":"https:\/\/www.rothgygax.ch\/fr\/wp-json\/wp\/v2\/comments?post=6524"}],"version-history":[{"count":11,"href":"https:\/\/www.rothgygax.ch\/fr\/wp-json\/wp\/v2\/pages\/6524\/revisions"}],"predecessor-version":[{"id":9591,"href":"https:\/\/www.rothgygax.ch\/fr\/wp-json\/wp\/v2\/pages\/6524\/revisions\/9591"}],"up":[{"embeddable":true,"href":"https:\/\/www.rothgygax.ch\/fr\/wp-json\/wp\/v2\/pages\/6498"}],"wp:attachment":[{"href":"https:\/\/www.rothgygax.ch\/fr\/wp-json\/wp\/v2\/media?parent=6524"}],"curies":[{"name":"wp","href":"https:\/\/api.w.org\/{rel}","templated":true}]}}