{"id":6504,"date":"2017-05-30T15:08:46","date_gmt":"2017-05-30T15:08:46","guid":{"rendered":"http:\/\/rothgygax.ch\/?page_id=6504\/"},"modified":"2020-06-03T13:18:46","modified_gmt":"2020-06-03T13:18:46","slug":"accident","status":"publish","type":"page","link":"https:\/\/www.rothgygax.ch\/fr\/produits\/accident\/","title":{"rendered":"Assurance accidents individuelle"},"content":{"rendered":"<section class=\"l-section wpb_row height_medium\" style=\"margin-bottom: -30px !important;\"><div class=\"l-section-h i-cf\"><div class=\"g-cols type_default valign_top\"><div class=\"vc_col-sm-9 wpb_column vc_column_container\"><div class=\"vc_column-inner  vc_custom_1503315981596\"><div class=\"wpb_wrapper\"><div class=\"w-iconbox iconpos_left style_default color_primary no_text icontype_img font-weight: 700\"><div class=\"w-iconbox-icon\" style=\"font-size:60px;\"><img loading=\"lazy\" decoding=\"async\" src=\"https:\/\/www.rothgygax.ch\/wp-content\/uploads\/2017\/04\/Einzelunfall-Versicherung.png\" width=\"583\" height=\"583\" alt=\"Assurance accidents individuelle\"><\/div><div class=\"w-iconbox-meta\"><h1 class=\"w-iconbox-title\" style=\"font-size:50px\">Assurance accidents individuelle<\/h1><\/div><\/div><\/div><\/div><\/div><div class=\"vc_col-sm-3 wpb_column vc_column_container has-fill\"><div class=\"vc_column-inner  vc_custom_1503317955718 color_custom\" style=\"color:#ffffff;\"><div class=\"wpb_wrapper\">\r\n\t<div class=\"wpb_text_column  vc_custom_1506331177036 w-actionbox-text\">\r\n\t\t<div class=\"wpb_wrapper\">\r\n\t\t\t<h5 style=\"text-align: left;\">Nous contacter au:<\/h5>\n\r\n\t\t<\/div>\r\n\t<\/div>\r\n\r\n\t<div class=\"wpb_text_column  link2\">\r\n\t\t<div class=\"wpb_wrapper\">\r\n\t\t\t<h3 style=\"text-align: left;\"><span style=\"color: #f1f1f1;\">031 959 35 50<\/span><\/h3>\n\r\n\t\t<\/div>\r\n\t<\/div>\r\n<div class=\" vc_custom_1591190324438 ubtn-ctn-left \"><a class=\"ubtn-link ult-adjust-bottom-margin ubtn-left ubtn-normal \" href=\"https:\/\/www.rothgygax.ch\/fr\/produits\/accident\/offertbestellung-einzelunfallversicherung\/\" title=\"Demande d\u2019offre assurance accidents individuelle\" ><button type=\"button\" id=\"ubtn-6956\"  class=\"ubtn ult-adjust-bottom-margin ult-responsive ubtn-normal ubtn-top-bg  none  ubtn-left   tooltip-69d5de79c6876\"  data-hover=\"\" data-border-color=\"\" data-bg=\"#e0e0e0\" data-hover-bg=\"#b2b2b2\" data-border-hover=\"\" data-shadow-hover=\"\" data-shadow-click=\"none\" data-shadow=\"\" data-shd-shadow=\"\"  data-ultimate-target='#ubtn-6956'  data-responsive-json-new='{\"font-size\":\"\",\"line-height\":\"\"}'  style=\"font-weight:normal;border:none;background: #e0e0e0;color: #000000;\"><span class=\"ubtn-hover\" style=\"background-color:#b2b2b2\"><\/span><span class=\"ubtn-data ubtn-text \" >Demande d&#039;offre<\/span><\/button><\/a><\/div><\/div><\/div><\/div><\/div><\/div><\/section><section class=\"l-section wpb_row height_medium\" style=\"margin-bottom: -70px !important;\"><div class=\"l-section-h i-cf\"><div class=\"g-cols type_default valign_top\"><div class=\"vc_col-sm-12 wpb_column vc_column_container\"><div class=\"vc_column-inner\"><div class=\"wpb_wrapper\">\r\n\t<div class=\"wpb_text_column \">\r\n\t\t<div class=\"wpb_wrapper\">\r\n\t\t\t<h3>Pour une ind\u00e9pendance financi\u00e8re<\/h3>\n<p>Un accident est vite arriv\u00e9. Souvent, un handicap physique n&rsquo;entra\u00eene pas une invalidit\u00e9, mais peut mener \u00e0 une incapacit\u00e9 professionnelle lors de l\u2019exercice d\u2019une activit\u00e9 hautement sp\u00e9cialis\u00e9e.<\/p>\n\r\n\t\t<\/div>\r\n\t<\/div>\r\n<\/div><\/div><\/div><\/div><\/div><\/section><section class=\"l-section wpb_row height_medium\"><div class=\"l-section-h i-cf\"><div class=\"g-cols type_default valign_top\"><div class=\"vc_col-sm-6 wpb_column vc_column_container\"><div class=\"vc_column-inner\"><div class=\"wpb_wrapper\">\r\n\t<div class=\"wpb_text_column \">\r\n\t\t<div class=\"wpb_wrapper\">\r\n\t\t\t<p>La perte d&rsquo;un majeur n&rsquo;a pas les m\u00eames cons\u00e9quences pour un employ\u00e9 de bureau que pour un chirurgien cardiaque. Notre syst\u00e8me d&rsquo;assurance sociale est principalement orient\u00e9 sur le terme d&rsquo;incapacit\u00e9 professionnelle. Si l&rsquo;exercice actuel du m\u00e9tier devient impossible, celui d&rsquo;une autre activit\u00e9 raisonnable doit \u00eatre accept\u00e9, ce qui entra\u00eene en r\u00e8gle g\u00e9n\u00e9rale une perte de revenu.<\/p>\n<p>Gr\u00e2ce \u00e0 notre assurance-accidents individuelle, nous garantissons un versement de capital, compl\u00e9mentaire et ind\u00e9pendant des autres indemnisations, allant jusqu&rsquo;\u00e0 un million de francs, lequel couvre cette lacune de pr\u00e9voyance.<\/p>\n<p>Outre des revenus diminu\u00e9s, il se peut que des co\u00fbts suppl\u00e9mentaires apparaissent au cas o\u00f9 un handicap a d\u00e9coul\u00e9 de l\u2019accident. Comme par exemple l&rsquo;installation d&rsquo;un \u00e9l\u00e9vateur pour fauteuil roulant dans une maison individuelle.<\/p>\n<p>Le montant de l&rsquo;indemnisation d\u00e9pend de l&rsquo;int\u00e9grit\u00e9 physique. Nous avons donc con\u00e7u une \u00e9chelle sp\u00e9ciale de degr\u00e9s d&rsquo;invalidit\u00e9 qui r\u00e9pond \u00e0 l&rsquo;activit\u00e9 de notre client\u00e8le.<\/p>\n\r\n\t\t<\/div>\r\n\t<\/div>\r\n<\/div><\/div><\/div><div class=\"vc_col-sm-6 wpb_column vc_column_container\"><div class=\"vc_column-inner\"><div class=\"wpb_wrapper\"><div class=\"g-cols wpb_row type_default valign_top vc_inner  vc_custom_1503311588472\"><div class=\"vc_col-sm-12 wpb_column vc_column_container\"><div class=\"vc_column-inner  vc_custom_1503311478681\"><div class=\"wpb_wrapper\"><div class=\"w-iconbox iconpos_left style_default color_primary\"><div class=\"w-iconbox-icon\" style=\"font-size:0px;\"><\/div><div class=\"w-iconbox-meta\"><h5 class=\"w-iconbox-title\">\u00c9chelle sp\u00e9ciale de degr\u00e9s d'invalidit\u00e9<\/h5><div class=\"w-iconbox-text\">Notre \u00e9chelle sp\u00e9ciale de degr\u00e9s d&rsquo;invalidit\u00e9 a \u00e9t\u00e9 con\u00e7ue pour les besoins de notre client\u00e8le et comprend par exemple des indemnisations plus \u00e9lev\u00e9es en cas de perte d&rsquo;un doigt ou d&rsquo;une main.<\/div><\/div><\/div><\/div><\/div><\/div><\/div><div class=\"w-separator type_invisible size_small thick_1 style_solid color_border cont_none\"><span class=\"w-separator-h\"><\/span><\/div><div class=\"g-cols wpb_row type_default valign_top vc_inner  vc_custom_1503311618743\"><div class=\"vc_col-sm-12 wpb_column vc_column_container\"><div class=\"vc_column-inner  vc_custom_1503311478681\"><div class=\"wpb_wrapper\"><div class=\"w-iconbox iconpos_left style_default color_primary\"><div class=\"w-iconbox-icon\" style=\"font-size:0px;\"><\/div><div class=\"w-iconbox-meta\"><h5 class=\"w-iconbox-title\">Versement de capital d'un million<\/h5><div class=\"w-iconbox-text\">Selon la gravit\u00e9 de l&rsquo;accident, notre assurance fournit un versement de capital allant jusqu&rsquo;\u00e0 1 050 000 SFR. Le montant du versement est d\u00e9fini clairement dans l&rsquo;\u00e9chelle de degr\u00e9s d&rsquo;invalidit\u00e9.<\/div><\/div><\/div><\/div><\/div><\/div><\/div><div class=\"w-separator type_invisible size_small thick_1 style_solid color_border cont_none\"><span class=\"w-separator-h\"><\/span><\/div><div class=\"g-cols wpb_row type_default valign_top vc_inner  vc_custom_1503311626345\"><div class=\"vc_col-sm-12 wpb_column vc_column_container\"><div class=\"vc_column-inner  vc_custom_1503311478681\"><div class=\"wpb_wrapper\"><div class=\"w-iconbox iconpos_left style_default color_primary\"><div class=\"w-iconbox-icon\" style=\"font-size:0px;\"><\/div><div class=\"w-iconbox-meta\"><h5 class=\"w-iconbox-title\">Offre sp\u00e9ciale pour notre client\u00e8le<\/h5><div class=\"w-iconbox-text\">Nous avons n\u00e9goci\u00e9 des conditions pr\u00e9f\u00e9rentielles pour cette solution sp\u00e9ciale. La prime annuelle de l\u2019&rsquo;assurance se monte \u00e0 276,- SFR pour les femmes et 380,- SFR.<\/div><\/div><\/div><\/div><\/div><\/div><\/div><\/div><\/div><\/div><\/div><\/div><\/section><section class=\"l-section wpb_row height_medium color_primary\" style=\"margin-top: 0px !important;margin-bottom: 0px !important;\"><div class=\"l-section-h i-cf\"><div class=\"g-cols type_default valign_top\"><div class=\"vc_col-sm-12 wpb_column vc_column_container\"><div class=\"vc_column-inner\"><div class=\"wpb_wrapper\"><div class=\"w-actionbox color_primary controls_right\"><div class=\"w-actionbox-text\"><h2 style=\"font-size:h3\">Contactez-nous, nous vous conseillerons avec plaisir.<\/h2><\/div><div class=\"w-actionbox-controls\"><a class=\"w-btn color_white style_solid icon_none\" href=\"http:\/\/www.rothgygax.ch\/fr\/contact\/\" style=\"font-size:20px;\"><span class=\"w-btn-label\">Contact<\/span><\/a><\/div><\/div><\/div><\/div><\/div><\/div><\/div><\/section>\n","protected":false},"excerpt":{"rendered":"Assurance accidents individuelle Nous contacter au: 031 959 35 50 Demande d&#039;offre Pour une ind\u00e9pendance financi\u00e8re Un accident est vite arriv\u00e9. Souvent, un handicap physique n'entra\u00eene pas une invalidit\u00e9, mais...","protected":false},"author":3,"featured_media":0,"parent":6498,"menu_order":0,"comment_status":"closed","ping_status":"closed","template":"","meta":{"_acf_changed":false,"footnotes":""},"class_list":["post-6504","page","type-page","status-publish","hentry"],"acf":[],"yoast_head":"<!-- This site is optimized with the Yoast SEO Premium plugin v27.1 (Yoast SEO v27.1.1) - https:\/\/yoast.com\/product\/yoast-seo-premium-wordpress\/ -->\n<title>Assurance accidents individuelle - rothgygax<\/title>\n<meta name=\"robots\" content=\"index, follow, max-snippet:-1, max-image-preview:large, max-video-preview:-1\" \/>\n<link rel=\"canonical\" href=\"https:\/\/www.rothgygax.ch\/fr\/produits\/accident\/\" \/>\n<meta property=\"og:locale\" content=\"fr_FR\" \/>\n<meta property=\"og:type\" content=\"article\" \/>\n<meta property=\"og:title\" content=\"Assurance accidents individuelle\" \/>\n<meta property=\"og:url\" content=\"https:\/\/www.rothgygax.ch\/fr\/produits\/accident\/\" \/>\n<meta property=\"og:site_name\" content=\"rothgygax\" \/>\n<meta property=\"article:modified_time\" content=\"2020-06-03T13:18:46+00:00\" \/>\n<meta name=\"twitter:card\" content=\"summary_large_image\" \/>\n<meta name=\"twitter:label1\" content=\"Dur\u00e9e de lecture estim\u00e9e\" \/>\n\t<meta name=\"twitter:data1\" content=\"3 minutes\" \/>\n<script type=\"application\/ld+json\" class=\"yoast-schema-graph\">{\"@context\":\"https:\/\/schema.org\",\"@graph\":[{\"@type\":\"WebPage\",\"@id\":\"https:\/\/www.rothgygax.ch\/fr\/produits\/accident\/\",\"url\":\"https:\/\/www.rothgygax.ch\/fr\/produits\/accident\/\",\"name\":\"Assurance accidents individuelle - rothgygax\",\"isPartOf\":{\"@id\":\"https:\/\/www.rothgygax.ch\/fr\/#website\"},\"datePublished\":\"2017-05-30T15:08:46+00:00\",\"dateModified\":\"2020-06-03T13:18:46+00:00\",\"breadcrumb\":{\"@id\":\"https:\/\/www.rothgygax.ch\/fr\/produits\/accident\/#breadcrumb\"},\"inLanguage\":\"fr-FR\",\"potentialAction\":[{\"@type\":\"ReadAction\",\"target\":[\"https:\/\/www.rothgygax.ch\/fr\/produits\/accident\/\"]}]},{\"@type\":\"BreadcrumbList\",\"@id\":\"https:\/\/www.rothgygax.ch\/fr\/produits\/accident\/#breadcrumb\",\"itemListElement\":[{\"@type\":\"ListItem\",\"position\":1,\"name\":\"Startseite\",\"item\":\"https:\/\/www.rothgygax.ch\/fr\/\"},{\"@type\":\"ListItem\",\"position\":2,\"name\":\"Produits\",\"item\":\"https:\/\/www.rothgygax.ch\/fr\/produits\/\"},{\"@type\":\"ListItem\",\"position\":3,\"name\":\"Assurance accidents individuelle\"}]},{\"@type\":\"WebSite\",\"@id\":\"https:\/\/www.rothgygax.ch\/fr\/#website\",\"url\":\"https:\/\/www.rothgygax.ch\/fr\/\",\"name\":\"rothgygax\",\"description\":\"Just another WordPress site\",\"potentialAction\":[{\"@type\":\"SearchAction\",\"target\":{\"@type\":\"EntryPoint\",\"urlTemplate\":\"https:\/\/www.rothgygax.ch\/fr\/?s={search_term_string}\"},\"query-input\":{\"@type\":\"PropertyValueSpecification\",\"valueRequired\":true,\"valueName\":\"search_term_string\"}}],\"inLanguage\":\"fr-FR\"}]}<\/script>\n<!-- \/ Yoast SEO Premium plugin. -->","yoast_head_json":{"title":"Assurance accidents individuelle - rothgygax","robots":{"index":"index","follow":"follow","max-snippet":"max-snippet:-1","max-image-preview":"max-image-preview:large","max-video-preview":"max-video-preview:-1"},"canonical":"https:\/\/www.rothgygax.ch\/fr\/produits\/accident\/","og_locale":"fr_FR","og_type":"article","og_title":"Assurance accidents individuelle","og_url":"https:\/\/www.rothgygax.ch\/fr\/produits\/accident\/","og_site_name":"rothgygax","article_modified_time":"2020-06-03T13:18:46+00:00","twitter_card":"summary_large_image","twitter_misc":{"Dur\u00e9e de lecture estim\u00e9e":"3 minutes"},"schema":{"@context":"https:\/\/schema.org","@graph":[{"@type":"WebPage","@id":"https:\/\/www.rothgygax.ch\/fr\/produits\/accident\/","url":"https:\/\/www.rothgygax.ch\/fr\/produits\/accident\/","name":"Assurance accidents individuelle - rothgygax","isPartOf":{"@id":"https:\/\/www.rothgygax.ch\/fr\/#website"},"datePublished":"2017-05-30T15:08:46+00:00","dateModified":"2020-06-03T13:18:46+00:00","breadcrumb":{"@id":"https:\/\/www.rothgygax.ch\/fr\/produits\/accident\/#breadcrumb"},"inLanguage":"fr-FR","potentialAction":[{"@type":"ReadAction","target":["https:\/\/www.rothgygax.ch\/fr\/produits\/accident\/"]}]},{"@type":"BreadcrumbList","@id":"https:\/\/www.rothgygax.ch\/fr\/produits\/accident\/#breadcrumb","itemListElement":[{"@type":"ListItem","position":1,"name":"Startseite","item":"https:\/\/www.rothgygax.ch\/fr\/"},{"@type":"ListItem","position":2,"name":"Produits","item":"https:\/\/www.rothgygax.ch\/fr\/produits\/"},{"@type":"ListItem","position":3,"name":"Assurance accidents individuelle"}]},{"@type":"WebSite","@id":"https:\/\/www.rothgygax.ch\/fr\/#website","url":"https:\/\/www.rothgygax.ch\/fr\/","name":"rothgygax","description":"Just another WordPress site","potentialAction":[{"@type":"SearchAction","target":{"@type":"EntryPoint","urlTemplate":"https:\/\/www.rothgygax.ch\/fr\/?s={search_term_string}"},"query-input":{"@type":"PropertyValueSpecification","valueRequired":true,"valueName":"search_term_string"}}],"inLanguage":"fr-FR"}]}},"_links":{"self":[{"href":"https:\/\/www.rothgygax.ch\/fr\/wp-json\/wp\/v2\/pages\/6504","targetHints":{"allow":["GET"]}}],"collection":[{"href":"https:\/\/www.rothgygax.ch\/fr\/wp-json\/wp\/v2\/pages"}],"about":[{"href":"https:\/\/www.rothgygax.ch\/fr\/wp-json\/wp\/v2\/types\/page"}],"author":[{"embeddable":true,"href":"https:\/\/www.rothgygax.ch\/fr\/wp-json\/wp\/v2\/users\/3"}],"replies":[{"embeddable":true,"href":"https:\/\/www.rothgygax.ch\/fr\/wp-json\/wp\/v2\/comments?post=6504"}],"version-history":[{"count":13,"href":"https:\/\/www.rothgygax.ch\/fr\/wp-json\/wp\/v2\/pages\/6504\/revisions"}],"predecessor-version":[{"id":9020,"href":"https:\/\/www.rothgygax.ch\/fr\/wp-json\/wp\/v2\/pages\/6504\/revisions\/9020"}],"up":[{"embeddable":true,"href":"https:\/\/www.rothgygax.ch\/fr\/wp-json\/wp\/v2\/pages\/6498"}],"wp:attachment":[{"href":"https:\/\/www.rothgygax.ch\/fr\/wp-json\/wp\/v2\/media?parent=6504"}],"curies":[{"name":"wp","href":"https:\/\/api.w.org\/{rel}","templated":true}]}}