{"id":6502,"date":"2017-04-28T14:02:20","date_gmt":"2017-04-28T14:02:20","guid":{"rendered":"http:\/\/rothgygax.ch\/?page_id=6502\/"},"modified":"2020-06-03T13:14:00","modified_gmt":"2020-06-03T13:14:00","slug":"rc-prof","status":"publish","type":"page","link":"https:\/\/www.rothgygax.ch\/fr\/produits\/rc-prof\/","title":{"rendered":"Responsabilit\u00e9 civile professionnelle"},"content":{"rendered":"<section class=\"l-section wpb_row height_medium\" style=\"margin-bottom: -30px !important;\"><div class=\"l-section-h i-cf\"><div class=\"g-cols type_default valign_top\"><div class=\"vc_col-sm-9 wpb_column vc_column_container\"><div class=\"vc_column-inner  vc_custom_1503315981596\"><div class=\"wpb_wrapper\"><div class=\"w-iconbox iconpos_left style_default color_primary no_text icontype_img font-weight: 700\"><div class=\"w-iconbox-icon\" style=\"font-size:60px;\"><img loading=\"lazy\" decoding=\"async\" src=\"https:\/\/www.rothgygax.ch\/wp-content\/uploads\/2017\/04\/Berufshaftpflicht.png\" width=\"583\" height=\"583\" alt=\"Responsabilit\u00e9 civile prof.\"><\/div><div class=\"w-iconbox-meta\"><h1 class=\"w-iconbox-title\" style=\"font-size:50px\">Responsabilit\u00e9 civile prof.<\/h1><\/div><\/div><\/div><\/div><\/div><div class=\"vc_col-sm-3 wpb_column vc_column_container has-fill\"><div class=\"vc_column-inner  vc_custom_1503317955718 color_custom\" style=\"color:#ffffff;\"><div class=\"wpb_wrapper\">\r\n\t<div class=\"wpb_text_column  vc_custom_1529407384314 w-actionbox-text\">\r\n\t\t<div class=\"wpb_wrapper\">\r\n\t\t\t<h4 style=\"text-align: left;\">Nous contacter au:<\/h4>\n\r\n\t\t<\/div>\r\n\t<\/div>\r\n\r\n\t<div class=\"wpb_text_column  link2\">\r\n\t\t<div class=\"wpb_wrapper\">\r\n\t\t\t<h3 style=\"text-align: left;\"><span style=\"color: #f1f1f1;\">031 959 35 50<\/span><\/h3>\n\r\n\t\t<\/div>\r\n\t<\/div>\r\n<div class=\" vc_custom_1591190038317 ubtn-ctn-left \"><a class=\"ubtn-link ult-adjust-bottom-margin ubtn-left ubtn-normal \" href=\"https:\/\/www.rothgygax.ch\/fr\/produits\/rc-prof\/demande-doffre-responsabilite-civile-professionnelle\/\" title=\"Demande d\u2019offre responsabilit\u00e9 civile professionnelle\" ><button type=\"button\" id=\"ubtn-1699\"  class=\"ubtn ult-adjust-bottom-margin ult-responsive ubtn-normal ubtn-top-bg  none  ubtn-left   tooltip-69f61aa527b7a\"  data-hover=\"\" data-border-color=\"\" data-bg=\"#e0e0e0\" data-hover-bg=\"#b2b2b2\" data-border-hover=\"\" data-shadow-hover=\"\" data-shadow-click=\"none\" data-shadow=\"\" data-shd-shadow=\"\"  data-ultimate-target='#ubtn-1699'  data-responsive-json-new='{\"font-size\":\"\",\"line-height\":\"\"}'  style=\"font-weight:normal;border:none;background: #e0e0e0;color: #000000;\"><span class=\"ubtn-hover\" style=\"background-color:#b2b2b2\"><\/span><span class=\"ubtn-data ubtn-text \" >Demande d&#039;offre<\/span><\/button><\/a><\/div><\/div><\/div><\/div><\/div><\/div><\/section><section class=\"l-section wpb_row height_medium\" style=\"margin-bottom: -70px !important;\"><div class=\"l-section-h i-cf\"><div class=\"g-cols type_default valign_top\"><div class=\"vc_col-sm-12 wpb_column vc_column_container\"><div class=\"vc_column-inner\"><div class=\"wpb_wrapper\">\r\n\t<div class=\"wpb_text_column \">\r\n\t\t<div class=\"wpb_wrapper\">\r\n\t\t\t<h3>Afin que vous puissiez vous consacrer sans souci \u00e0 votre profession<\/h3>\n<p>Les erreurs ne sont pas rares mais elles peuvent avoir parfois de graves cons\u00e9quences. Notre assurance responsabilit\u00e9 civile professionnelle vous prot\u00e8ge contre des risques potentiels li\u00e9s \u00e0 l&rsquo;engagement de la responsabilit\u00e9.<\/p>\n\r\n\t\t<\/div>\r\n\t<\/div>\r\n<\/div><\/div><\/div><\/div><\/div><\/section><section class=\"l-section wpb_row height_medium\"><div class=\"l-section-h i-cf\"><div class=\"g-cols type_default valign_top\"><div class=\"vc_col-sm-6 wpb_column vc_column_container\"><div class=\"vc_column-inner\"><div class=\"wpb_wrapper\">\r\n\t<div class=\"wpb_text_column \">\r\n\t\t<div class=\"wpb_wrapper\">\r\n\t\t\t<p>Franchement, personne ne travaille sans commettre d&rsquo;erreurs. Heureusement, les cas sont rares o\u00f9 des tiers sont gravement l\u00e9s\u00e9s. Alors que les employ\u00e9s sont assur\u00e9s par leur employeur dans leur activit\u00e9 professionnelle, les ind\u00e9pendants doivent assurer eux-m\u00eames leur couverture d&rsquo;assurance.<\/p>\n<p>Une assurance responsabilit\u00e9 civile professionnelle prend en charge les prestations en responsabilit\u00e9 civile d&rsquo;un tiers l\u00e9s\u00e9 jusqu&rsquo;au montant de la somme d&rsquo;assurance. Cependant les prestations de service que la soci\u00e9t\u00e9 d&rsquo;assurance vous fournit ne sont pas moins importantes.<\/p>\n<p>D&rsquo;une part l&rsquo;assureur vous repr\u00e9sente lors d&rsquo;une proc\u00e9dure judiciaire et se porte garant de vos droits. D\u2019autre part, vous recevez une assistance professionnelle juridique lorsque des cr\u00e9ances injustifi\u00e9es sont refus\u00e9es.<\/p>\n<p>Une assurance responsabilit\u00e9 civile doit imp\u00e9rativement concorder avec l&rsquo;activit\u00e9 pr\u00e9cise de l&rsquo;assur\u00e9. C&rsquo;est ainsi l&rsquo;unique garantie que tous les actes sont couverts et \u00e9galement que l&rsquo;ensemble du personnel est assur\u00e9.<\/p>\n\r\n\t\t<\/div>\r\n\t<\/div>\r\n<\/div><\/div><\/div><div class=\"vc_col-sm-6 wpb_column vc_column_container\"><div class=\"vc_column-inner\"><div class=\"wpb_wrapper\"><div class=\"g-cols wpb_row type_default valign_top vc_inner  vc_custom_1503311588472\"><div class=\"vc_col-sm-12 wpb_column vc_column_container\"><div class=\"vc_column-inner  vc_custom_1503311478681\"><div class=\"wpb_wrapper\"><div class=\"w-iconbox iconpos_left style_default color_primary\"><div class=\"w-iconbox-icon\" style=\"font-size:0px;\"><\/div><div class=\"w-iconbox-meta\"><h5 class=\"w-iconbox-title\">Solutions sp\u00e9ciales pour professions m\u00e9dicales<\/h5><div class=\"w-iconbox-text\">Nous nous focalisons principalement sur le domaine m\u00e9dical et sommes donc \u00e0 m\u00eame d&rsquo;\u00e9valuer et d&rsquo;estimer les risques dans le d\u00e9tail. Nous avons par cons\u00e9quent adapt\u00e9 les solutions propos\u00e9es par nos soins aux besoins sp\u00e9ciaux de notre client\u00e8le.<\/div><\/div><\/div><\/div><\/div><\/div><\/div><div class=\"w-separator type_invisible size_small thick_1 style_solid color_border cont_none\"><span class=\"w-separator-h\"><\/span><\/div><div class=\"g-cols wpb_row type_default valign_top vc_inner  vc_custom_1503311618743\"><div class=\"vc_col-sm-12 wpb_column vc_column_container\"><div class=\"vc_column-inner  vc_custom_1503311478681\"><div class=\"wpb_wrapper\"><div class=\"w-iconbox iconpos_left style_default color_primary\"><div class=\"w-iconbox-icon\" style=\"font-size:0px;\"><\/div><div class=\"w-iconbox-meta\"><h5 class=\"w-iconbox-title\">Conditions de contrat cadre<\/h5><div class=\"w-iconbox-text\">Dans l&rsquo;esprit d&rsquo;une soci\u00e9t\u00e9 coop\u00e9rative d&rsquo;achats nous avons r\u00e9ussi \u00e0 n\u00e9gocier pour vous des conditions sp\u00e9ciales exclusives. Vous avez ainsi une solution \u00e9tablie sur mesure \u00e0 des conditions pr\u00e9f\u00e9rentielles.<\/div><\/div><\/div><\/div><\/div><\/div><\/div><div class=\"w-separator type_invisible size_small thick_1 style_solid color_border cont_none\"><span class=\"w-separator-h\"><\/span><\/div><div class=\"g-cols wpb_row type_default valign_top vc_inner  vc_custom_1503311626345\"><div class=\"vc_col-sm-12 wpb_column vc_column_container\"><div class=\"vc_column-inner  vc_custom_1503311478681\"><div class=\"wpb_wrapper\"><div class=\"w-iconbox iconpos_left style_default color_primary\"><div class=\"w-iconbox-icon\" style=\"font-size:0px;\"><\/div><div class=\"w-iconbox-meta\"><h5 class=\"w-iconbox-title\">Juristes sp\u00e9cialis\u00e9s<\/h5><div class=\"w-iconbox-text\">Lors de la s\u00e9lection du prestataire, nous avons \u00e9galement veill\u00e9 \u00e0 ce que l&rsquo;assureur fasse appel \u00e0 des juristes sp\u00e9cialis\u00e9s en droit m\u00e9dical. Ainsi vous pouvez \u00eatre assur\u00e9(e) d&rsquo;avoir la meilleure assistance possible en cas de sinistre.<\/div><\/div><\/div><\/div><\/div><\/div><\/div><\/div><\/div><\/div><\/div><\/div><\/section><section class=\"l-section wpb_row height_medium color_primary\" style=\"margin-top: 0px !important;margin-bottom: 0px !important;\"><div class=\"l-section-h i-cf\"><div class=\"g-cols type_default valign_top\"><div class=\"vc_col-sm-12 wpb_column vc_column_container\"><div class=\"vc_column-inner\"><div class=\"wpb_wrapper\"><div class=\"w-actionbox color_primary controls_right\"><div class=\"w-actionbox-text\"><h2 style=\"font-size:h3\">Contactez-nous, nous vous conseillerons avec plaisir.<\/h2><\/div><div class=\"w-actionbox-controls\"><a class=\"w-btn color_white style_solid icon_none\" href=\"http:\/\/www.rothgygax.ch\/fr\/contact\/\" style=\"font-size:20px;\"><span class=\"w-btn-label\">Contact<\/span><\/a><\/div><\/div><\/div><\/div><\/div><\/div><\/div><\/section>\n","protected":false},"excerpt":{"rendered":"Responsabilit\u00e9 civile prof. Nous contacter au: 031 959 35 50 Demande d&#039;offre Afin que vous puissiez vous consacrer sans souci \u00e0 votre profession Les erreurs ne sont pas rares mais...","protected":false},"author":2,"featured_media":0,"parent":6498,"menu_order":0,"comment_status":"closed","ping_status":"closed","template":"","meta":{"_acf_changed":false,"footnotes":""},"class_list":["post-6502","page","type-page","status-publish","hentry"],"acf":[],"yoast_head":"<!-- This site is optimized with the Yoast SEO Premium plugin v27.3 (Yoast SEO v27.3) - https:\/\/yoast.com\/product\/yoast-seo-premium-wordpress\/ -->\n<title>Responsabilit\u00e9 civile professionnelle - rothgygax<\/title>\n<meta name=\"robots\" content=\"index, follow, max-snippet:-1, max-image-preview:large, max-video-preview:-1\" \/>\n<link rel=\"canonical\" href=\"https:\/\/www.rothgygax.ch\/fr\/produits\/rc-prof\/\" \/>\n<meta property=\"og:locale\" content=\"fr_FR\" \/>\n<meta property=\"og:type\" content=\"article\" \/>\n<meta property=\"og:title\" content=\"Responsabilit\u00e9 civile professionnelle\" \/>\n<meta property=\"og:url\" content=\"https:\/\/www.rothgygax.ch\/fr\/produits\/rc-prof\/\" \/>\n<meta property=\"og:site_name\" content=\"rothgygax\" \/>\n<meta property=\"article:modified_time\" content=\"2020-06-03T13:14:00+00:00\" \/>\n<meta name=\"twitter:card\" content=\"summary_large_image\" \/>\n<meta name=\"twitter:label1\" content=\"Dur\u00e9e de lecture estim\u00e9e\" \/>\n\t<meta name=\"twitter:data1\" content=\"3 minutes\" \/>\n<script type=\"application\/ld+json\" class=\"yoast-schema-graph\">{\"@context\":\"https:\\\/\\\/schema.org\",\"@graph\":[{\"@type\":\"WebPage\",\"@id\":\"https:\\\/\\\/www.rothgygax.ch\\\/fr\\\/produits\\\/rc-prof\\\/\",\"url\":\"https:\\\/\\\/www.rothgygax.ch\\\/fr\\\/produits\\\/rc-prof\\\/\",\"name\":\"Responsabilit\u00e9 civile professionnelle - rothgygax\",\"isPartOf\":{\"@id\":\"https:\\\/\\\/www.rothgygax.ch\\\/fr\\\/#website\"},\"datePublished\":\"2017-04-28T14:02:20+00:00\",\"dateModified\":\"2020-06-03T13:14:00+00:00\",\"breadcrumb\":{\"@id\":\"https:\\\/\\\/www.rothgygax.ch\\\/fr\\\/produits\\\/rc-prof\\\/#breadcrumb\"},\"inLanguage\":\"fr-FR\",\"potentialAction\":[{\"@type\":\"ReadAction\",\"target\":[\"https:\\\/\\\/www.rothgygax.ch\\\/fr\\\/produits\\\/rc-prof\\\/\"]}]},{\"@type\":\"BreadcrumbList\",\"@id\":\"https:\\\/\\\/www.rothgygax.ch\\\/fr\\\/produits\\\/rc-prof\\\/#breadcrumb\",\"itemListElement\":[{\"@type\":\"ListItem\",\"position\":1,\"name\":\"Startseite\",\"item\":\"https:\\\/\\\/www.rothgygax.ch\\\/fr\\\/\"},{\"@type\":\"ListItem\",\"position\":2,\"name\":\"Produits\",\"item\":\"https:\\\/\\\/www.rothgygax.ch\\\/fr\\\/produits\\\/\"},{\"@type\":\"ListItem\",\"position\":3,\"name\":\"Responsabilit\u00e9 civile professionnelle\"}]},{\"@type\":\"WebSite\",\"@id\":\"https:\\\/\\\/www.rothgygax.ch\\\/fr\\\/#website\",\"url\":\"https:\\\/\\\/www.rothgygax.ch\\\/fr\\\/\",\"name\":\"rothgygax\",\"description\":\"Just another WordPress site\",\"potentialAction\":[{\"@type\":\"SearchAction\",\"target\":{\"@type\":\"EntryPoint\",\"urlTemplate\":\"https:\\\/\\\/www.rothgygax.ch\\\/fr\\\/?s={search_term_string}\"},\"query-input\":{\"@type\":\"PropertyValueSpecification\",\"valueRequired\":true,\"valueName\":\"search_term_string\"}}],\"inLanguage\":\"fr-FR\"}]}<\/script>\n<!-- \/ Yoast SEO Premium plugin. -->","yoast_head_json":{"title":"Responsabilit\u00e9 civile professionnelle - rothgygax","robots":{"index":"index","follow":"follow","max-snippet":"max-snippet:-1","max-image-preview":"max-image-preview:large","max-video-preview":"max-video-preview:-1"},"canonical":"https:\/\/www.rothgygax.ch\/fr\/produits\/rc-prof\/","og_locale":"fr_FR","og_type":"article","og_title":"Responsabilit\u00e9 civile professionnelle","og_url":"https:\/\/www.rothgygax.ch\/fr\/produits\/rc-prof\/","og_site_name":"rothgygax","article_modified_time":"2020-06-03T13:14:00+00:00","twitter_card":"summary_large_image","twitter_misc":{"Dur\u00e9e de lecture estim\u00e9e":"3 minutes"},"schema":{"@context":"https:\/\/schema.org","@graph":[{"@type":"WebPage","@id":"https:\/\/www.rothgygax.ch\/fr\/produits\/rc-prof\/","url":"https:\/\/www.rothgygax.ch\/fr\/produits\/rc-prof\/","name":"Responsabilit\u00e9 civile professionnelle - rothgygax","isPartOf":{"@id":"https:\/\/www.rothgygax.ch\/fr\/#website"},"datePublished":"2017-04-28T14:02:20+00:00","dateModified":"2020-06-03T13:14:00+00:00","breadcrumb":{"@id":"https:\/\/www.rothgygax.ch\/fr\/produits\/rc-prof\/#breadcrumb"},"inLanguage":"fr-FR","potentialAction":[{"@type":"ReadAction","target":["https:\/\/www.rothgygax.ch\/fr\/produits\/rc-prof\/"]}]},{"@type":"BreadcrumbList","@id":"https:\/\/www.rothgygax.ch\/fr\/produits\/rc-prof\/#breadcrumb","itemListElement":[{"@type":"ListItem","position":1,"name":"Startseite","item":"https:\/\/www.rothgygax.ch\/fr\/"},{"@type":"ListItem","position":2,"name":"Produits","item":"https:\/\/www.rothgygax.ch\/fr\/produits\/"},{"@type":"ListItem","position":3,"name":"Responsabilit\u00e9 civile professionnelle"}]},{"@type":"WebSite","@id":"https:\/\/www.rothgygax.ch\/fr\/#website","url":"https:\/\/www.rothgygax.ch\/fr\/","name":"rothgygax","description":"Just another WordPress site","potentialAction":[{"@type":"SearchAction","target":{"@type":"EntryPoint","urlTemplate":"https:\/\/www.rothgygax.ch\/fr\/?s={search_term_string}"},"query-input":{"@type":"PropertyValueSpecification","valueRequired":true,"valueName":"search_term_string"}}],"inLanguage":"fr-FR"}]}},"_links":{"self":[{"href":"https:\/\/www.rothgygax.ch\/fr\/wp-json\/wp\/v2\/pages\/6502","targetHints":{"allow":["GET"]}}],"collection":[{"href":"https:\/\/www.rothgygax.ch\/fr\/wp-json\/wp\/v2\/pages"}],"about":[{"href":"https:\/\/www.rothgygax.ch\/fr\/wp-json\/wp\/v2\/types\/page"}],"author":[{"embeddable":true,"href":"https:\/\/www.rothgygax.ch\/fr\/wp-json\/wp\/v2\/users\/2"}],"replies":[{"embeddable":true,"href":"https:\/\/www.rothgygax.ch\/fr\/wp-json\/wp\/v2\/comments?post=6502"}],"version-history":[{"count":16,"href":"https:\/\/www.rothgygax.ch\/fr\/wp-json\/wp\/v2\/pages\/6502\/revisions"}],"predecessor-version":[{"id":9016,"href":"https:\/\/www.rothgygax.ch\/fr\/wp-json\/wp\/v2\/pages\/6502\/revisions\/9016"}],"up":[{"embeddable":true,"href":"https:\/\/www.rothgygax.ch\/fr\/wp-json\/wp\/v2\/pages\/6498"}],"wp:attachment":[{"href":"https:\/\/www.rothgygax.ch\/fr\/wp-json\/wp\/v2\/media?parent=6502"}],"curies":[{"name":"wp","href":"https:\/\/api.w.org\/{rel}","templated":true}]}}