{"id":6488,"date":"2017-06-21T12:23:51","date_gmt":"2017-06-21T12:23:51","guid":{"rendered":"http:\/\/rothgygax.ch\/?page_id=6488\/"},"modified":"2021-04-06T08:56:14","modified_gmt":"2021-04-06T08:56:14","slug":"pharmaciens","status":"publish","type":"page","link":"https:\/\/www.rothgygax.ch\/fr\/pharmaciens\/","title":{"rendered":"Pharmaciens"},"content":{"rendered":"<section class=\"l-section wpb_row height_medium\" style=\"margin-bottom: -30px !important;\"><div class=\"l-section-h i-cf\"><div class=\"g-cols type_default valign_top\"><div class=\"vc_col-sm-9 wpb_column vc_column_container\"><div class=\"vc_column-inner  vc_custom_1503315981596\"><div class=\"wpb_wrapper\"><div class=\"w-iconbox iconpos_left style_default color_primary no_text font-weight: 700\"><div class=\"w-iconbox-icon\" style=\"font-size:0px;\"><i class=\"fa fa-star\"><\/i><\/div><div class=\"w-iconbox-meta\"><h1 class=\"w-iconbox-title\" style=\"font-size:50px\">Pharmaciens<\/h1><\/div><\/div><\/div><\/div><\/div><div class=\"vc_col-sm-3 wpb_column vc_column_container has-fill\"><div class=\"vc_column-inner  vc_custom_1503317955718 color_custom\" style=\"color:#ffffff;\"><div class=\"wpb_wrapper\">\r\n\t<div class=\"wpb_text_column  vc_custom_1506331177036 w-actionbox-text\">\r\n\t\t<div class=\"wpb_wrapper\">\r\n\t\t\t<h5 style=\"text-align: left;\">Nous contacter au:<\/h5>\n\r\n\t\t<\/div>\r\n\t<\/div>\r\n\r\n\t<div class=\"wpb_text_column  link2\">\r\n\t\t<div class=\"wpb_wrapper\">\r\n\t\t\t<h3 style=\"text-align: left;\"><span style=\"color: #f1f1f1;\">031 959 35 50<\/span><\/h3>\n\r\n\t\t<\/div>\r\n\t<\/div>\r\n<\/div><\/div><\/div><\/div><\/div><\/section><section class=\"l-section wpb_row height_medium\"><div class=\"l-section-h i-cf\"><div class=\"g-cols type_default valign_top\"><div class=\"vc_col-sm-12 wpb_column vc_column_container\"><div class=\"vc_column-inner\"><div class=\"wpb_wrapper\">\r\n\t<div class=\"wpb_text_column \">\r\n\t\t<div class=\"wpb_wrapper\">\r\n\t\t\t<h2>Conseil complet en mati\u00e8re de pr\u00e9voyance et contrats cadres pour pharmaciens !<\/h2>\n<p>En tant que courtier en assurances nous conseillons de nombreux pharmaciennes et pharmaciens. Cela nous permet de n\u00e9gocier pour vous des contrats cadres avantageux, comme le fait une soci\u00e9t\u00e9 coop\u00e9rative d&rsquo;achats, en obtenant un regroupement des besoins en mati\u00e8re d&rsquo;assurance. Vous profitez ainsi de conditions sp\u00e9ciales avantageuses pour vous et votre pharmacie. Par ailleurs, nous vous conseillons et nous occupons totalement et neutralement de vos affaires en mati\u00e8re de la pr\u00e9voyance et la fortune. Nous proposons ce qui suit:<\/p>\n\r\n\t\t<\/div>\r\n\t<\/div>\r\n<\/div><\/div><\/div><\/div><\/div><\/section><section class=\"l-section wpb_row height_medium\" style=\"margin-top: -30px !important;margin-bottom: -10px !important;\"><div class=\"l-section-h i-cf\"><div class=\"g-cols type_default valign_top\"><div class=\"vc_col-sm-6 wpb_column vc_column_container\"><div class=\"vc_column-inner\"><div class=\"wpb_wrapper\">\r\n\t<div class=\"wpb_text_column \">\r\n\t\t<div class=\"wpb_wrapper\">\r\n\t\t\t<ul>\n<li><strong>Offres de conseil (p. ex. analyse de pr\u00e9voyance et ou planification de la retraite)<\/strong><\/li>\n<li><strong>Solutions de pr\u00e9voyance (p. ex. couverture des risques en cas de d\u00e9c\u00e8s, constitution de capital ou placement de capitaux)<\/strong><\/li>\n<li><strong>Contrats cadres d&rsquo;assurance pour foyers priv\u00e9s (p. ex. assurance inventaire du m\u00e9nage, protection juridique)<\/strong><\/li>\n<li><strong>Contrats cadres d&rsquo;assurance pour cabinets (p. ex. responsabilit\u00e9 professionnelle, indemnit\u00e9s journali\u00e8res, LAA)<\/strong><\/li>\n<li><strong>Placements et cr\u00e9dits (p. ex. comptes d&rsquo;\u00e9pargne, hypoth\u00e8ques, d\u00e9p\u00f4t-titres)<\/strong><\/li>\n<\/ul>\n<p>Nous nous ferons un plaisir de vous pr\u00e9senter personnellement notre offre. N&rsquo;h\u00e9sitez pas \u00e0 nous appeler pour convenir d&rsquo;un rendez-vous sans engagement.<\/p>\n\r\n\t\t<\/div>\r\n\t<\/div>\r\n<\/div><\/div><\/div><div class=\"vc_col-sm-6 wpb_column vc_column_container\"><div class=\"vc_column-inner\"><div class=\"wpb_wrapper\"><div class=\"w-image\"><div class=\"us-frame\"><img loading=\"lazy\" decoding=\"async\" width=\"1600\" height=\"1267\" src=\"https:\/\/www.rothgygax.ch\/wp-content\/uploads\/2017\/06\/Apotheker-02.jpg\" class=\"attachment-full size-full\" alt=\"\" srcset=\"https:\/\/www.rothgygax.ch\/wp-content\/uploads\/2017\/06\/Apotheker-02.jpg 1600w, https:\/\/www.rothgygax.ch\/wp-content\/uploads\/2017\/06\/Apotheker-02-300x238.jpg 300w, https:\/\/www.rothgygax.ch\/wp-content\/uploads\/2017\/06\/Apotheker-02-768x608.jpg 768w, https:\/\/www.rothgygax.ch\/wp-content\/uploads\/2017\/06\/Apotheker-02-1024x811.jpg 1024w, https:\/\/www.rothgygax.ch\/wp-content\/uploads\/2017\/06\/Apotheker-02-600x475.jpg 600w\" sizes=\"auto, (max-width: 1600px) 100vw, 1600px\" \/><\/div><\/div><\/div><\/div><\/div><\/div><\/div><\/section><section class=\"l-section wpb_row height_medium\"><div class=\"l-section-h i-cf\"><div class=\"g-cols type_default valign_top\"><div class=\"vc_col-sm-12 wpb_column vc_column_container\"><div class=\"vc_column-inner\"><div class=\"wpb_wrapper\"><div class=\"w-separator type_default size_small thick_1 style_solid color_border cont_none\"><span class=\"w-separator-h\"><\/span><\/div>\r\n\t<div class=\"wpb_text_column  vc_custom_1504784221095\">\r\n\t\t<div class=\"wpb_wrapper\">\r\n\t\t\t<h2>Solutions pour pharmaciens<\/h2>\n\r\n\t\t<\/div>\r\n\t<\/div>\r\n<\/div><\/div><\/div><\/div><\/div><\/section><section class=\"l-section wpb_row height_medium\"><div class=\"l-section-h i-cf\"><div class=\"g-cols type_default valign_top\"><div class=\"vc_col-sm-4 wpb_column vc_column_container\"><div class=\"vc_column-inner\"><div class=\"wpb_wrapper\"><div class=\"w-iconbox iconpos_left style_default color_primary no_text icontype_img\"><a class=\"w-iconbox-link\" href=\"http:\/\/rothgygax.ch\/fr\/produits\/assurance-accidents-laa\/\"><div class=\"w-iconbox-icon\"><img loading=\"lazy\" decoding=\"async\" src=\"https:\/\/www.rothgygax.ch\/wp-content\/uploads\/2017\/04\/Unfallversicherung-UVG.png\" width=\"583\" height=\"583\" alt=\"Assurance accidents LAA\"><\/div><\/a><div class=\"w-iconbox-meta\"><a class=\"w-iconbox-link\" href=\"http:\/\/rothgygax.ch\/fr\/produits\/assurance-accidents-laa\/\"><h4 class=\"w-iconbox-title\">Assurance accidents LAA<\/h4><\/a><\/div><\/div><div class=\"w-separator type_default size_small thick_1 style_solid color_border cont_none\"><span class=\"w-separator-h\"><\/span><\/div><div class=\"w-iconbox iconpos_left style_default color_primary no_text icontype_img\"><a class=\"w-iconbox-link\" href=\"http:\/\/rothgygax.ch\/fr\/produits\/assurance-choses-cabinet\/\"><div class=\"w-iconbox-icon\"><img loading=\"lazy\" decoding=\"async\" src=\"https:\/\/www.rothgygax.ch\/wp-content\/uploads\/2017\/04\/Praxis-Sachversicherung.png\" width=\"583\" height=\"583\" alt=\"Assurance choses\"><\/div><\/a><div class=\"w-iconbox-meta\"><a class=\"w-iconbox-link\" href=\"http:\/\/rothgygax.ch\/fr\/produits\/assurance-choses-cabinet\/\"><h4 class=\"w-iconbox-title\">Assurance choses<\/h4><\/a><\/div><\/div><div class=\"w-separator type_default size_small thick_1 style_solid color_border cont_none\"><span class=\"w-separator-h\"><\/span><\/div><div class=\"w-iconbox iconpos_left style_default color_primary no_text icontype_img\"><a class=\"w-iconbox-link\" href=\"http:\/\/rothgygax.ch\/fr\/produits\/assurance-vie\/\"><div class=\"w-iconbox-icon\"><img loading=\"lazy\" decoding=\"async\" src=\"https:\/\/www.rothgygax.ch\/wp-content\/uploads\/2017\/04\/Lebensversicherung.png\" width=\"583\" height=\"583\" alt=\"Assurance vie\"><\/div><\/a><div class=\"w-iconbox-meta\"><a class=\"w-iconbox-link\" href=\"http:\/\/rothgygax.ch\/fr\/produits\/assurance-vie\/\"><h4 class=\"w-iconbox-title\">Assurance vie<\/h4><\/a><\/div><\/div><div class=\"w-separator type_default size_small thick_1 style_solid color_border cont_none\"><span class=\"w-separator-h\"><\/span><\/div><div class=\"w-iconbox iconpos_left style_default color_primary no_text icontype_img\"><a class=\"w-iconbox-link\" href=\"http:\/\/rothgygax.ch\/fr\/produits\/credits\/\"><div class=\"w-iconbox-icon\"><img loading=\"lazy\" decoding=\"async\" src=\"https:\/\/www.rothgygax.ch\/wp-content\/uploads\/2017\/04\/Kredite.png\" width=\"583\" height=\"583\" alt=\"Cr\u00e9dits\"><\/div><\/a><div class=\"w-iconbox-meta\"><a class=\"w-iconbox-link\" href=\"http:\/\/rothgygax.ch\/fr\/produits\/credits\/\"><h4 class=\"w-iconbox-title\">Cr\u00e9dits<\/h4><\/a><\/div><\/div><div class=\"w-separator type_default size_small thick_1 style_solid color_border cont_none\"><span class=\"w-separator-h\"><\/span><\/div><div class=\"w-iconbox iconpos_left style_default color_primary no_text icontype_img\"><a class=\"w-iconbox-link\" href=\"http:\/\/rothgygax.ch\/fr\/produits\/indemnite-journaliere\/\"><div class=\"w-iconbox-icon\"><img loading=\"lazy\" decoding=\"async\" src=\"https:\/\/www.rothgygax.ch\/wp-content\/uploads\/2017\/04\/Krankentaggeld-KTG.png\" width=\"583\" height=\"583\" alt=\"Indemnit\u00e9 journali\u00e8re\"><\/div><\/a><div class=\"w-iconbox-meta\"><a class=\"w-iconbox-link\" href=\"http:\/\/rothgygax.ch\/fr\/produits\/indemnite-journaliere\/\"><h4 class=\"w-iconbox-title\">Indemnit\u00e9 journali\u00e8re<\/h4><\/a><\/div><\/div><div class=\"w-separator type_default size_small thick_1 style_solid color_border cont_none\"><span class=\"w-separator-h\"><\/span><\/div><div class=\"w-iconbox iconpos_left style_default color_primary no_text icontype_img\"><a class=\"w-iconbox-link\" href=\"http:\/\/rothgygax.ch\/fr\/produits\/prevoyance-professionnelle-lpp\/\"><div class=\"w-iconbox-icon\"><img loading=\"lazy\" decoding=\"async\" src=\"https:\/\/www.rothgygax.ch\/wp-content\/uploads\/2017\/04\/Berufliche-Vorsorge-BVG.png\" width=\"583\" height=\"583\" alt=\"Pr\u00e9voyance prof. LPP\"><\/div><\/a><div class=\"w-iconbox-meta\"><a class=\"w-iconbox-link\" href=\"http:\/\/rothgygax.ch\/fr\/produits\/prevoyance-professionnelle-lpp\/\"><h4 class=\"w-iconbox-title\">Pr\u00e9voyance prof. LPP<\/h4><\/a><\/div><\/div><div class=\"w-separator type_default size_small thick_1 style_solid color_border cont_none\"><span class=\"w-separator-h\"><\/span><\/div><\/div><\/div><\/div><div class=\"vc_col-sm-4 wpb_column vc_column_container\"><div class=\"vc_column-inner\"><div class=\"wpb_wrapper\"><div class=\"w-iconbox iconpos_left style_default color_primary no_text icontype_img\"><a class=\"w-iconbox-link\" href=\"http:\/\/rothgygax.ch\/fr\/produits\/assurance\/\"><div class=\"w-iconbox-icon\"><img loading=\"lazy\" decoding=\"async\" src=\"https:\/\/www.rothgygax.ch\/wp-content\/uploads\/2017\/04\/Einzelunfall-Versicherung.png\" width=\"583\" height=\"583\" alt=\"Assurance accidents ind.\"><\/div><\/a><div class=\"w-iconbox-meta\"><a class=\"w-iconbox-link\" href=\"http:\/\/rothgygax.ch\/fr\/produits\/assurance\/\"><h4 class=\"w-iconbox-title\">Assurance accidents ind.<\/h4><\/a><\/div><\/div><div class=\"w-separator type_default size_small thick_1 style_solid color_border cont_none\"><span class=\"w-separator-h\"><\/span><\/div><div class=\"w-iconbox iconpos_left style_default color_primary no_text icontype_img\"><a class=\"w-iconbox-link\" href=\"https:\/\/www.rothgygax.ch\/fr\/produits\/assurance-construction\/\" title=\"Bauversicherung\"><div class=\"w-iconbox-icon\"><img loading=\"lazy\" decoding=\"async\" src=\"https:\/\/www.rothgygax.ch\/wp-content\/uploads\/2020\/05\/Bauversicherung.png\" width=\"583\" height=\"583\" alt=\"Assurance construction\"><\/div><\/a><div class=\"w-iconbox-meta\"><a class=\"w-iconbox-link\" href=\"https:\/\/www.rothgygax.ch\/fr\/produits\/assurance-construction\/\" title=\"Bauversicherung\"><h4 class=\"w-iconbox-title\">Assurance construction<\/h4><\/a><\/div><\/div><div class=\"w-separator type_default size_small thick_1 style_solid color_border cont_none\"><span class=\"w-separator-h\"><\/span><\/div><div class=\"w-iconbox iconpos_left style_default color_primary no_text icontype_img\"><a class=\"w-iconbox-link\" href=\"http:\/\/rothgygax.ch\/fr\/produits\/caisse-maladie\/\"><div class=\"w-iconbox-icon\"><img loading=\"lazy\" decoding=\"async\" src=\"https:\/\/www.rothgygax.ch\/wp-content\/uploads\/2017\/04\/Krankenkasse.png\" width=\"583\" height=\"583\" alt=\"Caisse maladie\"><\/div><\/a><div class=\"w-iconbox-meta\"><a class=\"w-iconbox-link\" href=\"http:\/\/rothgygax.ch\/fr\/produits\/caisse-maladie\/\"><h4 class=\"w-iconbox-title\">Caisse maladie<\/h4><\/a><\/div><\/div><div class=\"w-separator type_default size_small thick_1 style_solid color_border cont_none\"><span class=\"w-separator-h\"><\/span><\/div><div class=\"w-iconbox iconpos_left style_default color_primary no_text icontype_img\"><a class=\"w-iconbox-link\" href=\"https:\/\/www.rothgygax.ch\/fr\/produits\/cyber-assurance\/\" title=\"Cyberversicherung\"><div class=\"w-iconbox-icon\"><img loading=\"lazy\" decoding=\"async\" src=\"https:\/\/www.rothgygax.ch\/wp-content\/uploads\/2018\/06\/Icon_rot_Cyberversicherung.png\" width=\"583\" height=\"583\" alt=\"Cyber-assurance\"><\/div><\/a><div class=\"w-iconbox-meta\"><a class=\"w-iconbox-link\" href=\"https:\/\/www.rothgygax.ch\/fr\/produits\/cyber-assurance\/\" title=\"Cyberversicherung\"><h4 class=\"w-iconbox-title\">Cyber-assurance<\/h4><\/a><\/div><\/div><div class=\"w-separator type_default size_small thick_1 style_solid color_border cont_none\"><span class=\"w-separator-h\"><\/span><\/div><div class=\"w-iconbox iconpos_left style_default color_primary no_text icontype_img\"><a class=\"w-iconbox-link\" href=\"http:\/\/rothgygax.ch\/fr\/produits\/planification-de-la-retraite\/\"><div class=\"w-iconbox-icon\"><img loading=\"lazy\" decoding=\"async\" src=\"https:\/\/www.rothgygax.ch\/wp-content\/uploads\/2017\/04\/Pensionsplanung.png\" width=\"583\" height=\"583\" alt=\"Planification de la retraite\"><\/div><\/a><div class=\"w-iconbox-meta\"><a class=\"w-iconbox-link\" href=\"http:\/\/rothgygax.ch\/fr\/produits\/planification-de-la-retraite\/\"><h4 class=\"w-iconbox-title\">Planification de la retraite<\/h4><\/a><\/div><\/div><div class=\"w-separator type_default size_small thick_1 style_solid color_border cont_none\"><span class=\"w-separator-h\"><\/span><\/div><div class=\"w-iconbox iconpos_left style_default color_primary no_text icontype_img\"><a class=\"w-iconbox-link\" href=\"http:\/\/rothgygax.ch\/fr\/produits\/protection-juridique\/\"><div class=\"w-iconbox-icon\"><img loading=\"lazy\" decoding=\"async\" src=\"https:\/\/www.rothgygax.ch\/wp-content\/uploads\/2017\/04\/Rechtsschutz.png\" width=\"583\" height=\"583\" alt=\"Protection juridique\"><\/div><\/a><div class=\"w-iconbox-meta\"><a class=\"w-iconbox-link\" href=\"http:\/\/rothgygax.ch\/fr\/produits\/protection-juridique\/\"><h4 class=\"w-iconbox-title\">Protection juridique<\/h4><\/a><\/div><\/div><div class=\"w-separator type_default size_small thick_1 style_solid color_border cont_none\"><span class=\"w-separator-h\"><\/span><\/div><\/div><\/div><\/div><div class=\"vc_col-sm-4 wpb_column vc_column_container\"><div class=\"vc_column-inner\"><div class=\"wpb_wrapper\"><div class=\"w-iconbox iconpos_left style_default color_primary no_text icontype_img\"><a class=\"w-iconbox-link\" href=\"http:\/\/rothgygax.ch\/fr\/produits\/assurance-batiments\/\"><div class=\"w-iconbox-icon\"><img loading=\"lazy\" decoding=\"async\" src=\"https:\/\/www.rothgygax.ch\/wp-content\/uploads\/2017\/04\/Gebaeudeversicherung.png\" width=\"583\" height=\"583\" alt=\"Assurance b\u00e2timents\"><\/div><\/a><div class=\"w-iconbox-meta\"><a class=\"w-iconbox-link\" href=\"http:\/\/rothgygax.ch\/fr\/produits\/assurance-batiments\/\"><h4 class=\"w-iconbox-title\">Assurance b\u00e2timents<\/h4><\/a><\/div><\/div><div class=\"w-separator type_default size_small thick_1 style_solid color_border cont_none\"><span class=\"w-separator-h\"><\/span><\/div><div class=\"w-iconbox iconpos_left style_default color_primary no_text icontype_img\"><a class=\"w-iconbox-link\" href=\"http:\/\/rothgygax.ch\/fr\/produits\/assurance-menage\/\"><div class=\"w-iconbox-icon\"><img loading=\"lazy\" decoding=\"async\" src=\"https:\/\/www.rothgygax.ch\/wp-content\/uploads\/2017\/04\/Hausratsversicherung.png\" width=\"583\" height=\"583\" alt=\"Assurance m\u00e9nage\"><\/div><\/a><div class=\"w-iconbox-meta\"><a class=\"w-iconbox-link\" href=\"http:\/\/rothgygax.ch\/fr\/produits\/assurance-menage\/\"><h4 class=\"w-iconbox-title\">Assurance m\u00e9nage<\/h4><\/a><\/div><\/div><div class=\"w-separator type_default size_small thick_1 style_solid color_border cont_none\"><span class=\"w-separator-h\"><\/span><\/div><div class=\"w-iconbox iconpos_left style_default color_primary no_text icontype_img\"><a class=\"w-iconbox-link\" href=\"http:\/\/rothgygax.ch\/fr\/produits\/compte-depargne\/\"><div class=\"w-iconbox-icon\"><img loading=\"lazy\" decoding=\"async\" src=\"https:\/\/www.rothgygax.ch\/wp-content\/uploads\/2017\/04\/Sparkonto.png\" width=\"583\" height=\"583\" alt=\"Compte d'\u00e9pargne\"><\/div><\/a><div class=\"w-iconbox-meta\"><a class=\"w-iconbox-link\" href=\"http:\/\/rothgygax.ch\/fr\/produits\/compte-depargne\/\"><h4 class=\"w-iconbox-title\">Compte d'\u00e9pargne<\/h4><\/a><\/div><\/div><div class=\"w-separator type_default size_small thick_1 style_solid color_border cont_none\"><span class=\"w-separator-h\"><\/span><\/div><div class=\"w-iconbox iconpos_left style_default color_primary no_text icontype_img\"><a class=\"w-iconbox-link\" href=\"http:\/\/rothgygax.ch\/fr\/produits\/depot-de-titres\/\"><div class=\"w-iconbox-icon\"><img loading=\"lazy\" decoding=\"async\" src=\"https:\/\/www.rothgygax.ch\/wp-content\/uploads\/2017\/04\/Wertschriftendepot.png\" width=\"583\" height=\"583\" alt=\"D\u00e9p\u00f4t de titres\"><\/div><\/a><div class=\"w-iconbox-meta\"><a class=\"w-iconbox-link\" href=\"http:\/\/rothgygax.ch\/fr\/produits\/depot-de-titres\/\"><h4 class=\"w-iconbox-title\">D\u00e9p\u00f4t de titres<\/h4><\/a><\/div><\/div><div class=\"w-separator type_default size_small thick_1 style_solid color_border cont_none\"><span class=\"w-separator-h\"><\/span><\/div><div class=\"w-iconbox iconpos_left style_default color_primary no_text icontype_img\"><a class=\"w-iconbox-link\" href=\"http:\/\/rothgygax.ch\/fr\/produits\/planification-financiere\/\"><div class=\"w-iconbox-icon\"><img loading=\"lazy\" decoding=\"async\" src=\"https:\/\/www.rothgygax.ch\/wp-content\/uploads\/2017\/04\/Finanzplanung.png\" width=\"583\" height=\"583\" alt=\"Planificatoin financi\u00e8re\"><\/div><\/a><div class=\"w-iconbox-meta\"><a class=\"w-iconbox-link\" href=\"http:\/\/rothgygax.ch\/fr\/produits\/planification-financiere\/\"><h4 class=\"w-iconbox-title\">Planificatoin financi\u00e8re<\/h4><\/a><\/div><\/div><div class=\"w-separator type_default size_small thick_1 style_solid color_border cont_none\"><span class=\"w-separator-h\"><\/span><\/div><div class=\"w-iconbox iconpos_left style_default color_primary no_text icontype_img\"><a class=\"w-iconbox-link\" href=\"http:\/\/rothgygax.ch\/fr\/produits\/responsabilite\/\"><div class=\"w-iconbox-icon\"><img loading=\"lazy\" decoding=\"async\" src=\"https:\/\/www.rothgygax.ch\/wp-content\/uploads\/2017\/04\/Berufshaftpflicht.png\" width=\"583\" height=\"583\" alt=\"R\u00e9sponsabilit\u00e9 civile prof.\"><\/div><\/a><div class=\"w-iconbox-meta\"><a class=\"w-iconbox-link\" href=\"http:\/\/rothgygax.ch\/fr\/produits\/responsabilite\/\"><h4 class=\"w-iconbox-title\">R\u00e9sponsabilit\u00e9 civile prof.<\/h4><\/a><\/div><\/div><div class=\"w-separator type_default size_small thick_1 style_solid color_border cont_none\"><span class=\"w-separator-h\"><\/span><\/div><\/div><\/div><\/div><\/div><\/div><\/section><section class=\"l-section wpb_row height_medium color_primary\" style=\"margin-top: 0px !important;margin-bottom: 0px !important;\"><div class=\"l-section-h i-cf\"><div class=\"g-cols type_default valign_top\"><div class=\"vc_col-sm-12 wpb_column vc_column_container\"><div class=\"vc_column-inner\"><div class=\"wpb_wrapper\"><div class=\"w-actionbox color_primary controls_right\"><div class=\"w-actionbox-text\"><h2 style=\"font-size:h3\">Contactez-nous, nous vous conseillerons avec plaisir.<\/h2><\/div><div class=\"w-actionbox-controls\"><a class=\"w-btn color_white style_solid icon_none\" href=\"http:\/\/www.rothgygax.ch\/fr\/contact\/\" style=\"font-size:20px;\"><span class=\"w-btn-label\">Contact<\/span><\/a><\/div><\/div><\/div><\/div><\/div><\/div><\/div><\/section>\n","protected":false},"excerpt":{"rendered":"Pharmaciens Nous contacter au: 031 959 35 50 Conseil complet en mati\u00e8re de pr\u00e9voyance et contrats cadres pour pharmaciens ! En tant que courtier en assurances nous conseillons de nombreux...","protected":false},"author":3,"featured_media":0,"parent":0,"menu_order":0,"comment_status":"closed","ping_status":"closed","template":"","meta":{"_acf_changed":false,"footnotes":""},"class_list":["post-6488","page","type-page","status-publish","hentry"],"acf":[],"yoast_head":"<!-- This site is optimized with the Yoast SEO Premium plugin v27.3 (Yoast SEO v27.3) - https:\/\/yoast.com\/product\/yoast-seo-premium-wordpress\/ -->\n<title>Pharmaciens - rothgygax<\/title>\n<meta name=\"robots\" content=\"index, follow, max-snippet:-1, max-image-preview:large, max-video-preview:-1\" \/>\n<link rel=\"canonical\" href=\"https:\/\/www.rothgygax.ch\/fr\/pharmaciens\/\" \/>\n<meta property=\"og:locale\" content=\"fr_FR\" \/>\n<meta property=\"og:type\" content=\"article\" \/>\n<meta property=\"og:title\" content=\"Pharmaciens\" \/>\n<meta property=\"og:url\" content=\"https:\/\/www.rothgygax.ch\/fr\/pharmaciens\/\" \/>\n<meta property=\"og:site_name\" content=\"rothgygax\" \/>\n<meta property=\"article:modified_time\" content=\"2021-04-06T08:56:14+00:00\" \/>\n<meta name=\"twitter:card\" content=\"summary_large_image\" \/>\n<meta name=\"twitter:label1\" content=\"Dur\u00e9e de lecture estim\u00e9e\" \/>\n\t<meta name=\"twitter:data1\" content=\"2 minutes\" \/>\n<script type=\"application\/ld+json\" class=\"yoast-schema-graph\">{\"@context\":\"https:\\\/\\\/schema.org\",\"@graph\":[{\"@type\":\"WebPage\",\"@id\":\"https:\\\/\\\/www.rothgygax.ch\\\/fr\\\/pharmaciens\\\/\",\"url\":\"https:\\\/\\\/www.rothgygax.ch\\\/fr\\\/pharmaciens\\\/\",\"name\":\"Pharmaciens - rothgygax\",\"isPartOf\":{\"@id\":\"https:\\\/\\\/www.rothgygax.ch\\\/fr\\\/#website\"},\"datePublished\":\"2017-06-21T12:23:51+00:00\",\"dateModified\":\"2021-04-06T08:56:14+00:00\",\"breadcrumb\":{\"@id\":\"https:\\\/\\\/www.rothgygax.ch\\\/fr\\\/pharmaciens\\\/#breadcrumb\"},\"inLanguage\":\"fr-FR\",\"potentialAction\":[{\"@type\":\"ReadAction\",\"target\":[\"https:\\\/\\\/www.rothgygax.ch\\\/fr\\\/pharmaciens\\\/\"]}]},{\"@type\":\"BreadcrumbList\",\"@id\":\"https:\\\/\\\/www.rothgygax.ch\\\/fr\\\/pharmaciens\\\/#breadcrumb\",\"itemListElement\":[{\"@type\":\"ListItem\",\"position\":1,\"name\":\"Startseite\",\"item\":\"https:\\\/\\\/www.rothgygax.ch\\\/fr\\\/\"},{\"@type\":\"ListItem\",\"position\":2,\"name\":\"Pharmaciens\"}]},{\"@type\":\"WebSite\",\"@id\":\"https:\\\/\\\/www.rothgygax.ch\\\/fr\\\/#website\",\"url\":\"https:\\\/\\\/www.rothgygax.ch\\\/fr\\\/\",\"name\":\"rothgygax\",\"description\":\"Just another WordPress site\",\"potentialAction\":[{\"@type\":\"SearchAction\",\"target\":{\"@type\":\"EntryPoint\",\"urlTemplate\":\"https:\\\/\\\/www.rothgygax.ch\\\/fr\\\/?s={search_term_string}\"},\"query-input\":{\"@type\":\"PropertyValueSpecification\",\"valueRequired\":true,\"valueName\":\"search_term_string\"}}],\"inLanguage\":\"fr-FR\"}]}<\/script>\n<!-- \/ Yoast SEO Premium plugin. -->","yoast_head_json":{"title":"Pharmaciens - rothgygax","robots":{"index":"index","follow":"follow","max-snippet":"max-snippet:-1","max-image-preview":"max-image-preview:large","max-video-preview":"max-video-preview:-1"},"canonical":"https:\/\/www.rothgygax.ch\/fr\/pharmaciens\/","og_locale":"fr_FR","og_type":"article","og_title":"Pharmaciens","og_url":"https:\/\/www.rothgygax.ch\/fr\/pharmaciens\/","og_site_name":"rothgygax","article_modified_time":"2021-04-06T08:56:14+00:00","twitter_card":"summary_large_image","twitter_misc":{"Dur\u00e9e de lecture estim\u00e9e":"2 minutes"},"schema":{"@context":"https:\/\/schema.org","@graph":[{"@type":"WebPage","@id":"https:\/\/www.rothgygax.ch\/fr\/pharmaciens\/","url":"https:\/\/www.rothgygax.ch\/fr\/pharmaciens\/","name":"Pharmaciens - rothgygax","isPartOf":{"@id":"https:\/\/www.rothgygax.ch\/fr\/#website"},"datePublished":"2017-06-21T12:23:51+00:00","dateModified":"2021-04-06T08:56:14+00:00","breadcrumb":{"@id":"https:\/\/www.rothgygax.ch\/fr\/pharmaciens\/#breadcrumb"},"inLanguage":"fr-FR","potentialAction":[{"@type":"ReadAction","target":["https:\/\/www.rothgygax.ch\/fr\/pharmaciens\/"]}]},{"@type":"BreadcrumbList","@id":"https:\/\/www.rothgygax.ch\/fr\/pharmaciens\/#breadcrumb","itemListElement":[{"@type":"ListItem","position":1,"name":"Startseite","item":"https:\/\/www.rothgygax.ch\/fr\/"},{"@type":"ListItem","position":2,"name":"Pharmaciens"}]},{"@type":"WebSite","@id":"https:\/\/www.rothgygax.ch\/fr\/#website","url":"https:\/\/www.rothgygax.ch\/fr\/","name":"rothgygax","description":"Just another WordPress site","potentialAction":[{"@type":"SearchAction","target":{"@type":"EntryPoint","urlTemplate":"https:\/\/www.rothgygax.ch\/fr\/?s={search_term_string}"},"query-input":{"@type":"PropertyValueSpecification","valueRequired":true,"valueName":"search_term_string"}}],"inLanguage":"fr-FR"}]}},"_links":{"self":[{"href":"https:\/\/www.rothgygax.ch\/fr\/wp-json\/wp\/v2\/pages\/6488","targetHints":{"allow":["GET"]}}],"collection":[{"href":"https:\/\/www.rothgygax.ch\/fr\/wp-json\/wp\/v2\/pages"}],"about":[{"href":"https:\/\/www.rothgygax.ch\/fr\/wp-json\/wp\/v2\/types\/page"}],"author":[{"embeddable":true,"href":"https:\/\/www.rothgygax.ch\/fr\/wp-json\/wp\/v2\/users\/3"}],"replies":[{"embeddable":true,"href":"https:\/\/www.rothgygax.ch\/fr\/wp-json\/wp\/v2\/comments?post=6488"}],"version-history":[{"count":16,"href":"https:\/\/www.rothgygax.ch\/fr\/wp-json\/wp\/v2\/pages\/6488\/revisions"}],"predecessor-version":[{"id":9313,"href":"https:\/\/www.rothgygax.ch\/fr\/wp-json\/wp\/v2\/pages\/6488\/revisions\/9313"}],"wp:attachment":[{"href":"https:\/\/www.rothgygax.ch\/fr\/wp-json\/wp\/v2\/media?parent=6488"}],"curies":[{"name":"wp","href":"https:\/\/api.w.org\/{rel}","templated":true}]}}